{"id":127504,"date":"2026-05-06T22:48:00","date_gmt":"2026-05-07T01:48:00","guid":{"rendered":"https:\/\/www.hediyepazar.com\/?product=ayetel-kursi-hat-yazili-dekoratif-standli-dini-ev-ofis-dekoru"},"modified":"2026-05-06T22:48:00","modified_gmt":"2026-05-07T01:48:00","slug":"ayetel-kursi-hat-yazili-dekoratif-standli-dini-ev-ofis-dekoru","status":"publish","type":"product","link":"https:\/\/www.hediyepazar.com\/?product=ayetel-kursi-hat-yazili-dekoratif-standli-dini-ev-ofis-dekoru","title":{"rendered":"Ayetel K\u00fcrsi Hat Yaz\u0131l\u0131 Dekoratif Standl\u0131 Dini Ev Ofis Dekoru"},"content":{"rendered":"<p>Ayetel K\u00fcrsi yaz\u0131l\u0131 masa\u00fcst\u00fc pano, modern ya\u015fam alanlar\u0131nda manevi atmosfer olu\u015fturmak isteyenler i\u00e7in tasarlanm\u0131\u015ft\u0131r. Siyah arka plan\u0131 ve beyaz yaz\u0131 detay\u0131 sayesinde hem klasik hem \u00e7a\u011fda\u015f dekorasyonlara uyum sa\u011flar.Detayl\u0131 yaz\u0131 kompozisyonu estetik bir \u00e7er\u00e7eve olu\u015ftururken merkezdeki tasar\u0131m g\u00fc\u00e7l\u00fc bir vurgu yarat\u0131r. Bu sayede \u00fcr\u00fcn, bulundu\u011fu ortamda dikkat \u00e7eken bir odak noktas\u0131 haline gelir.Standl\u0131 yap\u0131s\u0131 sayesinde sehpa, konsol, raf veya masa \u00fczerinde kolayl\u0131kla sergilenebilir. Yer kaplamayan kompakt yap\u0131s\u0131 ile minimal dekorasyon sevenler i\u00e7in uygundur.Manevi anlam\u0131 y\u00fcksek olan bu tasar\u0131m, hem kendiniz i\u00e7in hem de sevdikleriniz i\u00e7in de\u011ferli bir hediye alternatifi sunar.<\/p>\n","protected":false},"excerpt":{"rendered":"<p>Ayetel K\u00fcrsi yaz\u0131l\u0131 masa\u00fcst\u00fc pano, modern ya\u015fam alanlar\u0131nda manevi atmosfer olu\u015fturmak isteyenler i\u00e7in tasarlanm\u0131\u015ft\u0131r. Siyah arka plan\u0131 ve beyaz yaz\u0131 detay\u0131 sayesinde hem klasik hem \u00e7a\u011fda\u015f dekorasyonlara uyum sa\u011flar.Detayl\u0131 yaz\u0131 kompozisyonu estetik bir \u00e7er\u00e7eve olu\u015ftururken merkezdeki tasar\u0131m g\u00fc\u00e7l\u00fc bir vurgu yarat\u0131r. Bu sayede \u00fcr\u00fcn, bulundu\u011fu ortamda dikkat \u00e7eken bir odak noktas\u0131 haline gelir.Standl\u0131 yap\u0131s\u0131 sayesinde&#8230;<\/p>\n","protected":false},"featured_media":127503,"comment_status":"open","ping_status":"closed","template":"","meta":{"_kad_post_transparent":"","_kad_post_title":"","_kad_post_layout":"","_kad_post_sidebar_id":"","_kad_post_content_style":"","_kad_post_vertical_padding":"","_kad_post_feature":"","_kad_post_feature_position":"","_kad_post_header":false,"_kad_post_footer":false,"_kad_post_classname":""},"product_brand":[],"product_cat":[14940],"product_tag":[],"class_list":{"0":"post-127504","1":"product","2":"type-product","3":"status-publish","4":"has-post-thumbnail","6":"product_cat-dekoratif-obje-biblo-dekoratif-obje-biblo","8":"first","9":"instock","10":"purchasable","11":"product-type-simple","12":"entry","13":"content-bg","14":"loop-entry"},"_links":{"self":[{"href":"https:\/\/www.hediyepazar.com\/index.php?rest_route=\/wp\/v2\/product\/127504","targetHints":{"allow":["GET"]}}],"collection":[{"href":"https:\/\/www.hediyepazar.com\/index.php?rest_route=\/wp\/v2\/product"}],"about":[{"href":"https:\/\/www.hediyepazar.com\/index.php?rest_route=\/wp\/v2\/types\/product"}],"replies":[{"embeddable":true,"href":"https:\/\/www.hediyepazar.com\/index.php?rest_route=%2Fwp%2Fv2%2Fcomments&post=127504"}],"wp:featuredmedia":[{"embeddable":true,"href":"https:\/\/www.hediyepazar.com\/index.php?rest_route=\/wp\/v2\/media\/127503"}],"wp:attachment":[{"href":"https:\/\/www.hediyepazar.com\/index.php?rest_route=%2Fwp%2Fv2%2Fmedia&parent=127504"}],"wp:term":[{"taxonomy":"product_brand","embeddable":true,"href":"https:\/\/www.hediyepazar.com\/index.php?rest_route=%2Fwp%2Fv2%2Fproduct_brand&post=127504"},{"taxonomy":"product_cat","embeddable":true,"href":"https:\/\/www.hediyepazar.com\/index.php?rest_route=%2Fwp%2Fv2%2Fproduct_cat&post=127504"},{"taxonomy":"product_tag","embeddable":true,"href":"https:\/\/www.hediyepazar.com\/index.php?rest_route=%2Fwp%2Fv2%2Fproduct_tag&post=127504"}],"curies":[{"name":"wp","href":"https:\/\/api.w.org\/{rel}","templated":true}]}}