{"id":127512,"date":"2026-05-06T22:48:22","date_gmt":"2026-05-07T01:48:22","guid":{"rendered":"https:\/\/www.hediyepazar.com\/?product=50000-mah-guclu-powerbank-dijital-gostergeli-coklu-usb-cikisli"},"modified":"2026-05-06T22:48:22","modified_gmt":"2026-05-07T01:48:22","slug":"50000-mah-guclu-powerbank-dijital-gostergeli-coklu-usb-cikisli","status":"publish","type":"product","link":"https:\/\/www.hediyepazar.com\/?product=50000-mah-guclu-powerbank-dijital-gostergeli-coklu-usb-cikisli","title":{"rendered":"50000 mAh G\u00fc\u00e7l\u00fc Powerbank Dijital G\u00f6stergeli \u00c7oklu USB \u00c7\u0131k\u0131\u015fl\u0131"},"content":{"rendered":"<p>50000 mAh kapasitesi ile g\u00fc\u00e7l\u00fc performans sunan bu powerbank, yo\u011fun kullan\u0131m i\u00e7in geli\u015ftirilmi\u015ftir. \u00d6zellikle seyahat edenler ve g\u00fcn boyu d\u0131\u015far\u0131da olan kullan\u0131c\u0131lar i\u00e7in ideal bir \u00e7\u00f6z\u00fcmd\u00fcr.LED dijital ekran sayesinde pil seviyesi net \u015fekilde g\u00f6r\u00fcnt\u00fclenir. S\u00fcper h\u0131zl\u0131 \u015farj deste\u011fi ile cihazlar\u0131n\u0131z k\u0131sa s\u00fcrede enerji kazan\u0131r.Ayn\u0131 anda birden fazla cihaz ba\u011flanabilir. G\u00fcvenli \u015farj teknolojisi ile cihazlar\u0131n\u0131z\u0131 koruma alt\u0131na al\u0131r.<\/p>\n","protected":false},"excerpt":{"rendered":"<p>50000 mAh kapasitesi ile g\u00fc\u00e7l\u00fc performans sunan bu powerbank, yo\u011fun kullan\u0131m i\u00e7in geli\u015ftirilmi\u015ftir. \u00d6zellikle seyahat edenler ve g\u00fcn boyu d\u0131\u015far\u0131da olan kullan\u0131c\u0131lar i\u00e7in ideal bir \u00e7\u00f6z\u00fcmd\u00fcr.LED dijital ekran sayesinde pil seviyesi net \u015fekilde g\u00f6r\u00fcnt\u00fclenir. S\u00fcper h\u0131zl\u0131 \u015farj deste\u011fi ile cihazlar\u0131n\u0131z k\u0131sa s\u00fcrede enerji kazan\u0131r.Ayn\u0131 anda birden fazla cihaz ba\u011flanabilir. G\u00fcvenli \u015farj teknolojisi ile cihazlar\u0131n\u0131z\u0131 koruma&#8230;<\/p>\n","protected":false},"featured_media":127511,"comment_status":"open","ping_status":"closed","template":"","meta":{"_kad_post_transparent":"","_kad_post_title":"","_kad_post_layout":"","_kad_post_sidebar_id":"","_kad_post_content_style":"","_kad_post_vertical_padding":"","_kad_post_feature":"","_kad_post_feature_position":"","_kad_post_header":false,"_kad_post_footer":false,"_kad_post_classname":""},"product_brand":[],"product_cat":[14937],"product_tag":[],"class_list":{"0":"post-127512","1":"product","2":"type-product","3":"status-publish","4":"has-post-thumbnail","6":"product_cat-powerbank-powerbank-2","8":"first","9":"instock","10":"purchasable","11":"product-type-simple","12":"entry","13":"content-bg","14":"loop-entry"},"_links":{"self":[{"href":"https:\/\/www.hediyepazar.com\/index.php?rest_route=\/wp\/v2\/product\/127512","targetHints":{"allow":["GET"]}}],"collection":[{"href":"https:\/\/www.hediyepazar.com\/index.php?rest_route=\/wp\/v2\/product"}],"about":[{"href":"https:\/\/www.hediyepazar.com\/index.php?rest_route=\/wp\/v2\/types\/product"}],"replies":[{"embeddable":true,"href":"https:\/\/www.hediyepazar.com\/index.php?rest_route=%2Fwp%2Fv2%2Fcomments&post=127512"}],"wp:featuredmedia":[{"embeddable":true,"href":"https:\/\/www.hediyepazar.com\/index.php?rest_route=\/wp\/v2\/media\/127511"}],"wp:attachment":[{"href":"https:\/\/www.hediyepazar.com\/index.php?rest_route=%2Fwp%2Fv2%2Fmedia&parent=127512"}],"wp:term":[{"taxonomy":"product_brand","embeddable":true,"href":"https:\/\/www.hediyepazar.com\/index.php?rest_route=%2Fwp%2Fv2%2Fproduct_brand&post=127512"},{"taxonomy":"product_cat","embeddable":true,"href":"https:\/\/www.hediyepazar.com\/index.php?rest_route=%2Fwp%2Fv2%2Fproduct_cat&post=127512"},{"taxonomy":"product_tag","embeddable":true,"href":"https:\/\/www.hediyepazar.com\/index.php?rest_route=%2Fwp%2Fv2%2Fproduct_tag&post=127512"}],"curies":[{"name":"wp","href":"https:\/\/api.w.org\/{rel}","templated":true}]}}