{"id":127516,"date":"2026-05-06T22:49:06","date_gmt":"2026-05-07T01:49:06","guid":{"rendered":"https:\/\/www.hediyepazar.com\/?product=50000mah-yuksek-kapasiteli-power-bank-coklu-cikisli-fast-charge"},"modified":"2026-05-06T22:49:06","modified_gmt":"2026-05-07T01:49:06","slug":"50000mah-yuksek-kapasiteli-power-bank-coklu-cikisli-fast-charge","status":"publish","type":"product","link":"https:\/\/www.hediyepazar.com\/?product=50000mah-yuksek-kapasiteli-power-bank-coklu-cikisli-fast-charge","title":{"rendered":"50000mAh Y\u00fcksek Kapasiteli Power Bank \u00c7oklu \u00c7\u0131k\u0131\u015fl\u0131 Fast Charge"},"content":{"rendered":"<p>Y\u00fcksek kapasiteli 50000 mAh bataryas\u0131 ile tasarlanan bu powerbank, uzun s\u00fcreli enerji ihtiyac\u0131n\u0131 kar\u015f\u0131lamak i\u00e7in geli\u015ftirilmi\u015ftir. \u00d6zellikle g\u00fcn i\u00e7erisinde aktif telefon kullanan, sosyal medya, video izleme ve oyun gibi yo\u011fun t\u00fcketim yapan kullan\u0131c\u0131lar i\u00e7in ideal bir \u00e7\u00f6z\u00fcmd\u00fcr.LED dijital g\u00f6sterge sayesinde pil y\u00fczdesini ve \u00e7\u0131k\u0131\u015f durumunu net \u015fekilde g\u00f6r\u00fcnt\u00fcleyebilirsiniz. Bu \u00f6zellik sayesinde s\u00fcrpriz \u015farj bitmelerinin \u00f6n\u00fcne ge\u00e7ilir. S\u00fcper h\u0131zl\u0131 \u015farj teknolojisi ile cihazlar\u0131n\u0131z\u0131 zamandan tasarruf ederek doldurabilirsiniz.Birden fazla USB \u00e7\u0131k\u0131\u015f\u0131 sayesinde ayn\u0131 anda farkl\u0131 cihazlar\u0131 ba\u011flayabilirsiniz. Telefon, tablet, bluetooth kulakl\u0131k ve di\u011fer USB destekli \u00fcr\u00fcnlerle uyumludur. G\u00fcvenli enerji aktar\u0131m\u0131 sa\u011flayan dahili koruma sistemi sayesinde a\u015f\u0131r\u0131 \u0131s\u0131nma ve k\u0131sa devre risklerine kar\u015f\u0131 koruma sunar.\u015e\u0131k ve modern tasar\u0131m\u0131, ta\u015f\u0131nabilir yap\u0131s\u0131 ve ergonomik ta\u015f\u0131ma ask\u0131s\u0131 sayesinde mobil kullan\u0131m i\u00e7in olduk\u00e7a uygundur.<\/p>\n","protected":false},"excerpt":{"rendered":"<p>Y\u00fcksek kapasiteli 50000 mAh bataryas\u0131 ile tasarlanan bu powerbank, uzun s\u00fcreli enerji ihtiyac\u0131n\u0131 kar\u015f\u0131lamak i\u00e7in geli\u015ftirilmi\u015ftir. \u00d6zellikle g\u00fcn i\u00e7erisinde aktif telefon kullanan, sosyal medya, video izleme ve oyun gibi yo\u011fun t\u00fcketim yapan kullan\u0131c\u0131lar i\u00e7in ideal bir \u00e7\u00f6z\u00fcmd\u00fcr.LED dijital g\u00f6sterge sayesinde pil y\u00fczdesini ve \u00e7\u0131k\u0131\u015f durumunu net \u015fekilde g\u00f6r\u00fcnt\u00fcleyebilirsiniz. Bu \u00f6zellik sayesinde s\u00fcrpriz \u015farj bitmelerinin \u00f6n\u00fcne&#8230;<\/p>\n","protected":false},"featured_media":127515,"comment_status":"open","ping_status":"closed","template":"","meta":{"_kad_post_transparent":"","_kad_post_title":"","_kad_post_layout":"","_kad_post_sidebar_id":"","_kad_post_content_style":"","_kad_post_vertical_padding":"","_kad_post_feature":"","_kad_post_feature_position":"","_kad_post_header":false,"_kad_post_footer":false,"_kad_post_classname":""},"product_brand":[],"product_cat":[14937],"product_tag":[],"class_list":{"0":"post-127516","1":"product","2":"type-product","3":"status-publish","4":"has-post-thumbnail","6":"product_cat-powerbank-powerbank-2","8":"first","9":"instock","10":"purchasable","11":"product-type-simple","12":"entry","13":"content-bg","14":"loop-entry"},"_links":{"self":[{"href":"https:\/\/www.hediyepazar.com\/index.php?rest_route=\/wp\/v2\/product\/127516","targetHints":{"allow":["GET"]}}],"collection":[{"href":"https:\/\/www.hediyepazar.com\/index.php?rest_route=\/wp\/v2\/product"}],"about":[{"href":"https:\/\/www.hediyepazar.com\/index.php?rest_route=\/wp\/v2\/types\/product"}],"replies":[{"embeddable":true,"href":"https:\/\/www.hediyepazar.com\/index.php?rest_route=%2Fwp%2Fv2%2Fcomments&post=127516"}],"wp:featuredmedia":[{"embeddable":true,"href":"https:\/\/www.hediyepazar.com\/index.php?rest_route=\/wp\/v2\/media\/127515"}],"wp:attachment":[{"href":"https:\/\/www.hediyepazar.com\/index.php?rest_route=%2Fwp%2Fv2%2Fmedia&parent=127516"}],"wp:term":[{"taxonomy":"product_brand","embeddable":true,"href":"https:\/\/www.hediyepazar.com\/index.php?rest_route=%2Fwp%2Fv2%2Fproduct_brand&post=127516"},{"taxonomy":"product_cat","embeddable":true,"href":"https:\/\/www.hediyepazar.com\/index.php?rest_route=%2Fwp%2Fv2%2Fproduct_cat&post=127516"},{"taxonomy":"product_tag","embeddable":true,"href":"https:\/\/www.hediyepazar.com\/index.php?rest_route=%2Fwp%2Fv2%2Fproduct_tag&post=127516"}],"curies":[{"name":"wp","href":"https:\/\/api.w.org\/{rel}","templated":true}]}}