{"id":127542,"date":"2026-05-06T22:51:59","date_gmt":"2026-05-07T01:51:59","guid":{"rendered":"https:\/\/www.hediyepazar.com\/?product=16-mod-rgb-isikli-motosiklet-intercom-cift-telefon-destekli"},"modified":"2026-05-06T22:51:59","modified_gmt":"2026-05-07T01:51:59","slug":"16-mod-rgb-isikli-motosiklet-intercom-cift-telefon-destekli","status":"publish","type":"product","link":"https:\/\/www.hediyepazar.com\/?product=16-mod-rgb-isikli-motosiklet-intercom-cift-telefon-destekli","title":{"rendered":"16 Mod RGB I\u015f\u0131kl\u0131 Motosiklet Intercom \u00c7ift Telefon Destekli"},"content":{"rendered":"<p>Ayn\u0131 anda iki Bluetooth cihaz\u0131na ba\u011flanabilir. \u0130ki farkl\u0131 cep telefonunu e\u015fle\u015ftirerek ba\u011flant\u0131 de\u011fi\u015ftirme zahmetini ortadan kald\u0131r\u0131r. Hem i\u015f hem ki\u015fisel telefon kullanan s\u00fcr\u00fcc\u00fcler i\u00e7in idealdir.<\/p>\n","protected":false},"excerpt":{"rendered":"<p>Ayn\u0131 anda iki Bluetooth cihaz\u0131na ba\u011flanabilir. \u0130ki farkl\u0131 cep telefonunu e\u015fle\u015ftirerek ba\u011flant\u0131 de\u011fi\u015ftirme zahmetini ortadan kald\u0131r\u0131r. Hem i\u015f hem ki\u015fisel telefon kullanan s\u00fcr\u00fcc\u00fcler i\u00e7in idealdir.<\/p>\n","protected":false},"featured_media":127541,"comment_status":"open","ping_status":"closed","template":"","meta":{"_kad_post_transparent":"","_kad_post_title":"","_kad_post_layout":"","_kad_post_sidebar_id":"","_kad_post_content_style":"","_kad_post_vertical_padding":"","_kad_post_feature":"","_kad_post_feature_position":"","_kad_post_header":false,"_kad_post_footer":false,"_kad_post_classname":""},"product_brand":[],"product_cat":[15010],"product_tag":[],"class_list":{"0":"post-127542","1":"product","2":"type-product","3":"status-publish","4":"has-post-thumbnail","6":"product_cat-intercom-intercom","8":"first","9":"instock","10":"purchasable","11":"product-type-simple","12":"entry","13":"content-bg","14":"loop-entry"},"_links":{"self":[{"href":"https:\/\/www.hediyepazar.com\/index.php?rest_route=\/wp\/v2\/product\/127542","targetHints":{"allow":["GET"]}}],"collection":[{"href":"https:\/\/www.hediyepazar.com\/index.php?rest_route=\/wp\/v2\/product"}],"about":[{"href":"https:\/\/www.hediyepazar.com\/index.php?rest_route=\/wp\/v2\/types\/product"}],"replies":[{"embeddable":true,"href":"https:\/\/www.hediyepazar.com\/index.php?rest_route=%2Fwp%2Fv2%2Fcomments&post=127542"}],"wp:featuredmedia":[{"embeddable":true,"href":"https:\/\/www.hediyepazar.com\/index.php?rest_route=\/wp\/v2\/media\/127541"}],"wp:attachment":[{"href":"https:\/\/www.hediyepazar.com\/index.php?rest_route=%2Fwp%2Fv2%2Fmedia&parent=127542"}],"wp:term":[{"taxonomy":"product_brand","embeddable":true,"href":"https:\/\/www.hediyepazar.com\/index.php?rest_route=%2Fwp%2Fv2%2Fproduct_brand&post=127542"},{"taxonomy":"product_cat","embeddable":true,"href":"https:\/\/www.hediyepazar.com\/index.php?rest_route=%2Fwp%2Fv2%2Fproduct_cat&post=127542"},{"taxonomy":"product_tag","embeddable":true,"href":"https:\/\/www.hediyepazar.com\/index.php?rest_route=%2Fwp%2Fv2%2Fproduct_tag&post=127542"}],"curies":[{"name":"wp","href":"https:\/\/api.w.org\/{rel}","templated":true}]}}