{"id":127552,"date":"2026-05-06T22:53:00","date_gmt":"2026-05-07T01:53:00","guid":{"rendered":"https:\/\/www.hediyepazar.com\/?product=eller-serbest-intercom-sistemi-rgb-isikli-ultra-hd-ses"},"modified":"2026-05-06T22:53:00","modified_gmt":"2026-05-07T01:53:00","slug":"eller-serbest-intercom-sistemi-rgb-isikli-ultra-hd-ses","status":"publish","type":"product","link":"https:\/\/www.hediyepazar.com\/?product=eller-serbest-intercom-sistemi-rgb-isikli-ultra-hd-ses","title":{"rendered":"Eller Serbest Intercom Sistemi RGB I\u015f\u0131kl\u0131 Ultra HD Ses"},"content":{"rendered":"<p>Yeni nesil intercom kulakl\u0131k, y\u00fcksek \u00e7\u00f6z\u00fcn\u00fcrl\u00fckl\u00fc ses teknolojisi sayesinde m\u00fczik dinlerken ve g\u00f6r\u00fc\u015fme yaparken \u00fcst\u00fcn performans sunar.Otomatik ba\u011flant\u0131 sistemi ile h\u0131zl\u0131 e\u015fle\u015fme sa\u011flar. Dokunmatik kontrol tu\u015flar\u0131 sayesinde s\u00fcr\u00fc\u015f s\u0131ras\u0131nda kolay kullan\u0131m imkan\u0131 sunar.Y\u00fcksek kapasiteli 1000 mAh bataryas\u0131 ile uzun s\u00fcreli kullan\u0131m sa\u011flar.<\/p>\n","protected":false},"excerpt":{"rendered":"<p>Yeni nesil intercom kulakl\u0131k, y\u00fcksek \u00e7\u00f6z\u00fcn\u00fcrl\u00fckl\u00fc ses teknolojisi sayesinde m\u00fczik dinlerken ve g\u00f6r\u00fc\u015fme yaparken \u00fcst\u00fcn performans sunar.Otomatik ba\u011flant\u0131 sistemi ile h\u0131zl\u0131 e\u015fle\u015fme sa\u011flar. Dokunmatik kontrol tu\u015flar\u0131 sayesinde s\u00fcr\u00fc\u015f s\u0131ras\u0131nda kolay kullan\u0131m imkan\u0131 sunar.Y\u00fcksek kapasiteli 1000 mAh bataryas\u0131 ile uzun s\u00fcreli kullan\u0131m sa\u011flar.<\/p>\n","protected":false},"featured_media":127551,"comment_status":"open","ping_status":"closed","template":"","meta":{"_kad_post_transparent":"","_kad_post_title":"","_kad_post_layout":"","_kad_post_sidebar_id":"","_kad_post_content_style":"","_kad_post_vertical_padding":"","_kad_post_feature":"","_kad_post_feature_position":"","_kad_post_header":false,"_kad_post_footer":false,"_kad_post_classname":""},"product_brand":[],"product_cat":[15010],"product_tag":[],"class_list":{"0":"post-127552","1":"product","2":"type-product","3":"status-publish","4":"has-post-thumbnail","6":"product_cat-intercom-intercom","8":"first","9":"instock","10":"purchasable","11":"product-type-simple","12":"entry","13":"content-bg","14":"loop-entry"},"_links":{"self":[{"href":"https:\/\/www.hediyepazar.com\/index.php?rest_route=\/wp\/v2\/product\/127552","targetHints":{"allow":["GET"]}}],"collection":[{"href":"https:\/\/www.hediyepazar.com\/index.php?rest_route=\/wp\/v2\/product"}],"about":[{"href":"https:\/\/www.hediyepazar.com\/index.php?rest_route=\/wp\/v2\/types\/product"}],"replies":[{"embeddable":true,"href":"https:\/\/www.hediyepazar.com\/index.php?rest_route=%2Fwp%2Fv2%2Fcomments&post=127552"}],"wp:featuredmedia":[{"embeddable":true,"href":"https:\/\/www.hediyepazar.com\/index.php?rest_route=\/wp\/v2\/media\/127551"}],"wp:attachment":[{"href":"https:\/\/www.hediyepazar.com\/index.php?rest_route=%2Fwp%2Fv2%2Fmedia&parent=127552"}],"wp:term":[{"taxonomy":"product_brand","embeddable":true,"href":"https:\/\/www.hediyepazar.com\/index.php?rest_route=%2Fwp%2Fv2%2Fproduct_brand&post=127552"},{"taxonomy":"product_cat","embeddable":true,"href":"https:\/\/www.hediyepazar.com\/index.php?rest_route=%2Fwp%2Fv2%2Fproduct_cat&post=127552"},{"taxonomy":"product_tag","embeddable":true,"href":"https:\/\/www.hediyepazar.com\/index.php?rest_route=%2Fwp%2Fv2%2Fproduct_tag&post=127552"}],"curies":[{"name":"wp","href":"https:\/\/api.w.org\/{rel}","templated":true}]}}