{"id":127560,"date":"2026-05-06T22:54:00","date_gmt":"2026-05-07T01:54:00","guid":{"rendered":"https:\/\/www.hediyepazar.com\/?product=3d-ozel-baski-6li-servis-standi-ramazan-sofrasi-aparati"},"modified":"2026-05-06T22:54:00","modified_gmt":"2026-05-07T01:54:00","slug":"3d-ozel-baski-6li-servis-standi-ramazan-sofrasi-aparati","status":"publish","type":"product","link":"https:\/\/www.hediyepazar.com\/?product=3d-ozel-baski-6li-servis-standi-ramazan-sofrasi-aparati","title":{"rendered":"3D \u00d6zel Bask\u0131 6\u2019l\u0131 Servis Stand\u0131 Ramazan Sofras\u0131 Aparat\u0131"},"content":{"rendered":"<p>3D \u00d6zel Bask\u0131 6\u2019l\u0131 Masa \u00dcst\u00fc Ka\u015f\u0131k \u00c7atal D\u00fczenleyici, minimal ama dikkat \u00e7ekici tasar\u0131m\u0131yla sofran\u0131za profesyonel bir g\u00f6r\u00fcn\u00fcm kazand\u0131r\u0131r.Katmanl\u0131 3D bask\u0131 tekni\u011fi sayesinde yaz\u0131 ve form detaylar\u0131 belirgindir. Her bir stand dengeli yap\u0131s\u0131yla masa \u00fczerinde sabit durur.\u015e\u0131kl\u0131k ve d\u00fczeni bir arada sunan modern bir masa aksesuar\u0131d\u0131r.<\/p>\n","protected":false},"excerpt":{"rendered":"<p>3D \u00d6zel Bask\u0131 6\u2019l\u0131 Masa \u00dcst\u00fc Ka\u015f\u0131k \u00c7atal D\u00fczenleyici, minimal ama dikkat \u00e7ekici tasar\u0131m\u0131yla sofran\u0131za profesyonel bir g\u00f6r\u00fcn\u00fcm kazand\u0131r\u0131r.Katmanl\u0131 3D bask\u0131 tekni\u011fi sayesinde yaz\u0131 ve form detaylar\u0131 belirgindir. Her bir stand dengeli yap\u0131s\u0131yla masa \u00fczerinde sabit durur.\u015e\u0131kl\u0131k ve d\u00fczeni bir arada sunan modern bir masa aksesuar\u0131d\u0131r.<\/p>\n","protected":false},"featured_media":127559,"comment_status":"open","ping_status":"closed","template":"","meta":{"_kad_post_transparent":"","_kad_post_title":"","_kad_post_layout":"","_kad_post_sidebar_id":"","_kad_post_content_style":"","_kad_post_vertical_padding":"","_kad_post_feature":"","_kad_post_feature_position":"","_kad_post_header":false,"_kad_post_footer":false,"_kad_post_classname":""},"product_brand":[],"product_cat":[14940],"product_tag":[],"class_list":{"0":"post-127560","1":"product","2":"type-product","3":"status-publish","4":"has-post-thumbnail","6":"product_cat-dekoratif-obje-biblo-dekoratif-obje-biblo","8":"first","9":"instock","10":"purchasable","11":"product-type-simple","12":"entry","13":"content-bg","14":"loop-entry"},"_links":{"self":[{"href":"https:\/\/www.hediyepazar.com\/index.php?rest_route=\/wp\/v2\/product\/127560","targetHints":{"allow":["GET"]}}],"collection":[{"href":"https:\/\/www.hediyepazar.com\/index.php?rest_route=\/wp\/v2\/product"}],"about":[{"href":"https:\/\/www.hediyepazar.com\/index.php?rest_route=\/wp\/v2\/types\/product"}],"replies":[{"embeddable":true,"href":"https:\/\/www.hediyepazar.com\/index.php?rest_route=%2Fwp%2Fv2%2Fcomments&post=127560"}],"wp:featuredmedia":[{"embeddable":true,"href":"https:\/\/www.hediyepazar.com\/index.php?rest_route=\/wp\/v2\/media\/127559"}],"wp:attachment":[{"href":"https:\/\/www.hediyepazar.com\/index.php?rest_route=%2Fwp%2Fv2%2Fmedia&parent=127560"}],"wp:term":[{"taxonomy":"product_brand","embeddable":true,"href":"https:\/\/www.hediyepazar.com\/index.php?rest_route=%2Fwp%2Fv2%2Fproduct_brand&post=127560"},{"taxonomy":"product_cat","embeddable":true,"href":"https:\/\/www.hediyepazar.com\/index.php?rest_route=%2Fwp%2Fv2%2Fproduct_cat&post=127560"},{"taxonomy":"product_tag","embeddable":true,"href":"https:\/\/www.hediyepazar.com\/index.php?rest_route=%2Fwp%2Fv2%2Fproduct_tag&post=127560"}],"curies":[{"name":"wp","href":"https:\/\/api.w.org\/{rel}","templated":true}]}}