{"id":127572,"date":"2026-05-06T22:56:17","date_gmt":"2026-05-07T01:56:17","guid":{"rendered":"https:\/\/www.hediyepazar.com\/?product=3d-led-mumlu-cami-dekorasyonu-2-adet-pilli-mum-hediyeli"},"modified":"2026-05-06T22:56:17","modified_gmt":"2026-05-07T01:56:17","slug":"3d-led-mumlu-cami-dekorasyonu-2-adet-pilli-mum-hediyeli","status":"publish","type":"product","link":"https:\/\/www.hediyepazar.com\/?product=3d-led-mumlu-cami-dekorasyonu-2-adet-pilli-mum-hediyeli","title":{"rendered":"3D LED Mumlu Cami Dekorasyonu 2 Adet Pilli Mum Hediyeli"},"content":{"rendered":"<p>3D LED Mumlu Cami Dekorasyonu, modern \u00fcretim teknolojisi ile haz\u0131rlanm\u0131\u015f \u00f6zel tasar\u0131m bir \u00fcr\u00fcnd\u00fcr. 2 adet pilli LED mum hediyesi ile birlikte g\u00f6nderilir ve kurulum gerektirmez.Alt\u0131n tonlu cami silueti, mum \u0131\u015f\u0131\u011f\u0131 ile birle\u015fti\u011finde huzurlu ve \u015f\u0131k bir g\u00f6r\u00fcnt\u00fc sunar. Ramazan sofralar\u0131, bayram dekorasyonlar\u0131 ve \u00f6zel davetler i\u00e7in ideal bir atmosfer \u00fcr\u00fcn\u00fc olarak kullan\u0131labilir.Minimal yer kaplar, maksimum etki yarat\u0131r.<\/p>\n","protected":false},"excerpt":{"rendered":"<p>3D LED Mumlu Cami Dekorasyonu, modern \u00fcretim teknolojisi ile haz\u0131rlanm\u0131\u015f \u00f6zel tasar\u0131m bir \u00fcr\u00fcnd\u00fcr. 2 adet pilli LED mum hediyesi ile birlikte g\u00f6nderilir ve kurulum gerektirmez.Alt\u0131n tonlu cami silueti, mum \u0131\u015f\u0131\u011f\u0131 ile birle\u015fti\u011finde huzurlu ve \u015f\u0131k bir g\u00f6r\u00fcnt\u00fc sunar. Ramazan sofralar\u0131, bayram dekorasyonlar\u0131 ve \u00f6zel davetler i\u00e7in ideal bir atmosfer \u00fcr\u00fcn\u00fc olarak kullan\u0131labilir.Minimal yer kaplar,&#8230;<\/p>\n","protected":false},"featured_media":127571,"comment_status":"open","ping_status":"closed","template":"","meta":{"_kad_post_transparent":"","_kad_post_title":"","_kad_post_layout":"","_kad_post_sidebar_id":"","_kad_post_content_style":"","_kad_post_vertical_padding":"","_kad_post_feature":"","_kad_post_feature_position":"","_kad_post_header":false,"_kad_post_footer":false,"_kad_post_classname":""},"product_brand":[],"product_cat":[14940],"product_tag":[],"class_list":{"0":"post-127572","1":"product","2":"type-product","3":"status-publish","4":"has-post-thumbnail","6":"product_cat-dekoratif-obje-biblo-dekoratif-obje-biblo","8":"first","9":"instock","10":"purchasable","11":"product-type-simple","12":"entry","13":"content-bg","14":"loop-entry"},"_links":{"self":[{"href":"https:\/\/www.hediyepazar.com\/index.php?rest_route=\/wp\/v2\/product\/127572","targetHints":{"allow":["GET"]}}],"collection":[{"href":"https:\/\/www.hediyepazar.com\/index.php?rest_route=\/wp\/v2\/product"}],"about":[{"href":"https:\/\/www.hediyepazar.com\/index.php?rest_route=\/wp\/v2\/types\/product"}],"replies":[{"embeddable":true,"href":"https:\/\/www.hediyepazar.com\/index.php?rest_route=%2Fwp%2Fv2%2Fcomments&post=127572"}],"wp:featuredmedia":[{"embeddable":true,"href":"https:\/\/www.hediyepazar.com\/index.php?rest_route=\/wp\/v2\/media\/127571"}],"wp:attachment":[{"href":"https:\/\/www.hediyepazar.com\/index.php?rest_route=%2Fwp%2Fv2%2Fmedia&parent=127572"}],"wp:term":[{"taxonomy":"product_brand","embeddable":true,"href":"https:\/\/www.hediyepazar.com\/index.php?rest_route=%2Fwp%2Fv2%2Fproduct_brand&post=127572"},{"taxonomy":"product_cat","embeddable":true,"href":"https:\/\/www.hediyepazar.com\/index.php?rest_route=%2Fwp%2Fv2%2Fproduct_cat&post=127572"},{"taxonomy":"product_tag","embeddable":true,"href":"https:\/\/www.hediyepazar.com\/index.php?rest_route=%2Fwp%2Fv2%2Fproduct_tag&post=127572"}],"curies":[{"name":"wp","href":"https:\/\/api.w.org\/{rel}","templated":true}]}}