{"id":127578,"date":"2026-05-06T22:56:52","date_gmt":"2026-05-07T01:56:52","guid":{"rendered":"https:\/\/www.hediyepazar.com\/?product=3d-ramazan-dekor-ozel-baski-hilal-yildiz-masa-ustu"},"modified":"2026-05-06T22:56:52","modified_gmt":"2026-05-07T01:56:52","slug":"3d-ramazan-dekor-ozel-baski-hilal-yildiz-masa-ustu","status":"publish","type":"product","link":"https:\/\/www.hediyepazar.com\/?product=3d-ramazan-dekor-ozel-baski-hilal-yildiz-masa-ustu","title":{"rendered":"3D Ramazan Dekor \u00d6zel Bask\u0131 Hilal Y\u0131ld\u0131z Masa \u00dcst\u00fc"},"content":{"rendered":"<p>3D Hilal Cami S\u00fcs 20&#215;20 cm, Ramazan ay\u0131na \u00f6zel konsept dekorasyonlar i\u00e7in tasarlanm\u0131\u015f modern bir masa \u00fcst\u00fc aksesuar\u0131d\u0131r.Geometrik desenli hilal formu ve zincir detayl\u0131 y\u0131ld\u0131z ile fener fig\u00fcr\u00fc \u00fcr\u00fcne estetik bir b\u00fct\u00fcnl\u00fck kazand\u0131r\u0131r.\u00dcr\u00fcn \u00f6zel bask\u0131 3D teknolojisi ile \u00fcretilmi\u015ftir. Katmanl\u0131 \u00fcretim sayesinde detaylar \u00f6zenle i\u015flenmi\u015ftir ve her par\u00e7a kalite kontrol s\u00fcrecinden ge\u00e7irilir.\u015e\u0131k tasar\u0131m\u0131 sayesinde hem ev hem ofis dekorasyonunda kullan\u0131labilir.<\/p>\n","protected":false},"excerpt":{"rendered":"<p>3D Hilal Cami S\u00fcs 20&#215;20 cm, Ramazan ay\u0131na \u00f6zel konsept dekorasyonlar i\u00e7in tasarlanm\u0131\u015f modern bir masa \u00fcst\u00fc aksesuar\u0131d\u0131r.Geometrik desenli hilal formu ve zincir detayl\u0131 y\u0131ld\u0131z ile fener fig\u00fcr\u00fc \u00fcr\u00fcne estetik bir b\u00fct\u00fcnl\u00fck kazand\u0131r\u0131r.\u00dcr\u00fcn \u00f6zel bask\u0131 3D teknolojisi ile \u00fcretilmi\u015ftir. Katmanl\u0131 \u00fcretim sayesinde detaylar \u00f6zenle i\u015flenmi\u015ftir ve her par\u00e7a kalite kontrol s\u00fcrecinden ge\u00e7irilir.\u015e\u0131k tasar\u0131m\u0131 sayesinde hem&#8230;<\/p>\n","protected":false},"featured_media":127577,"comment_status":"open","ping_status":"closed","template":"","meta":{"_kad_post_transparent":"","_kad_post_title":"","_kad_post_layout":"","_kad_post_sidebar_id":"","_kad_post_content_style":"","_kad_post_vertical_padding":"","_kad_post_feature":"","_kad_post_feature_position":"","_kad_post_header":false,"_kad_post_footer":false,"_kad_post_classname":""},"product_brand":[],"product_cat":[14940],"product_tag":[],"class_list":{"0":"post-127578","1":"product","2":"type-product","3":"status-publish","4":"has-post-thumbnail","6":"product_cat-dekoratif-obje-biblo-dekoratif-obje-biblo","8":"first","9":"instock","10":"purchasable","11":"product-type-simple","12":"entry","13":"content-bg","14":"loop-entry"},"_links":{"self":[{"href":"https:\/\/www.hediyepazar.com\/index.php?rest_route=\/wp\/v2\/product\/127578","targetHints":{"allow":["GET"]}}],"collection":[{"href":"https:\/\/www.hediyepazar.com\/index.php?rest_route=\/wp\/v2\/product"}],"about":[{"href":"https:\/\/www.hediyepazar.com\/index.php?rest_route=\/wp\/v2\/types\/product"}],"replies":[{"embeddable":true,"href":"https:\/\/www.hediyepazar.com\/index.php?rest_route=%2Fwp%2Fv2%2Fcomments&post=127578"}],"wp:featuredmedia":[{"embeddable":true,"href":"https:\/\/www.hediyepazar.com\/index.php?rest_route=\/wp\/v2\/media\/127577"}],"wp:attachment":[{"href":"https:\/\/www.hediyepazar.com\/index.php?rest_route=%2Fwp%2Fv2%2Fmedia&parent=127578"}],"wp:term":[{"taxonomy":"product_brand","embeddable":true,"href":"https:\/\/www.hediyepazar.com\/index.php?rest_route=%2Fwp%2Fv2%2Fproduct_brand&post=127578"},{"taxonomy":"product_cat","embeddable":true,"href":"https:\/\/www.hediyepazar.com\/index.php?rest_route=%2Fwp%2Fv2%2Fproduct_cat&post=127578"},{"taxonomy":"product_tag","embeddable":true,"href":"https:\/\/www.hediyepazar.com\/index.php?rest_route=%2Fwp%2Fv2%2Fproduct_tag&post=127578"}],"curies":[{"name":"wp","href":"https:\/\/api.w.org\/{rel}","templated":true}]}}