{"id":127600,"date":"2026-05-06T23:00:48","date_gmt":"2026-05-07T02:00:48","guid":{"rendered":"https:\/\/www.hediyepazar.com\/?product=3d-modern-rengarenk-el-heykeli-27x22-cm-statement-dekor"},"modified":"2026-05-06T23:00:48","modified_gmt":"2026-05-07T02:00:48","slug":"3d-modern-rengarenk-el-heykeli-27x22-cm-statement-dekor","status":"publish","type":"product","link":"https:\/\/www.hediyepazar.com\/?product=3d-modern-rengarenk-el-heykeli-27x22-cm-statement-dekor","title":{"rendered":"3D Modern Rengarenk El Heykeli 27&#215;22 cm Statement Dekor"},"content":{"rendered":"<p>3D Modern Rengarenk El Heykeli 27&#215;22 cm, dekorasyonda cesur tercihler yapmak isteyenler i\u00e7in tasarlanm\u0131\u015ft\u0131r. Sanatsal renk ge\u00e7i\u015fleri ve b\u00fcy\u00fck boy \u00f6l\u00e7\u00fcs\u00fc sayesinde bulundu\u011fu ortamda dikkat \u00e7ekici bir atmosfer olu\u015fturur.\u015e\u00f6mine \u00fczerinde dramatik bir ambiyans yarat\u0131r. TV \u00fcnitesi veya geni\u015f raf sistemlerinde modern bir sanat objesi gibi durur.Renk kombinasyonu sayesinde her a\u00e7\u0131dan farkl\u0131 bir g\u00f6rsel deneyim sunar.<\/p>\n","protected":false},"excerpt":{"rendered":"<p>3D Modern Rengarenk El Heykeli 27&#215;22 cm, dekorasyonda cesur tercihler yapmak isteyenler i\u00e7in tasarlanm\u0131\u015ft\u0131r. Sanatsal renk ge\u00e7i\u015fleri ve b\u00fcy\u00fck boy \u00f6l\u00e7\u00fcs\u00fc sayesinde bulundu\u011fu ortamda dikkat \u00e7ekici bir atmosfer olu\u015fturur.\u015e\u00f6mine \u00fczerinde dramatik bir ambiyans yarat\u0131r. TV \u00fcnitesi veya geni\u015f raf sistemlerinde modern bir sanat objesi gibi durur.Renk kombinasyonu sayesinde her a\u00e7\u0131dan farkl\u0131 bir g\u00f6rsel deneyim sunar.<\/p>\n","protected":false},"featured_media":127599,"comment_status":"open","ping_status":"closed","template":"","meta":{"_kad_post_transparent":"","_kad_post_title":"","_kad_post_layout":"","_kad_post_sidebar_id":"","_kad_post_content_style":"","_kad_post_vertical_padding":"","_kad_post_feature":"","_kad_post_feature_position":"","_kad_post_header":false,"_kad_post_footer":false,"_kad_post_classname":""},"product_brand":[],"product_cat":[14940],"product_tag":[],"class_list":{"0":"post-127600","1":"product","2":"type-product","3":"status-publish","4":"has-post-thumbnail","6":"product_cat-dekoratif-obje-biblo-dekoratif-obje-biblo","8":"first","9":"instock","10":"purchasable","11":"product-type-simple","12":"entry","13":"content-bg","14":"loop-entry"},"_links":{"self":[{"href":"https:\/\/www.hediyepazar.com\/index.php?rest_route=\/wp\/v2\/product\/127600","targetHints":{"allow":["GET"]}}],"collection":[{"href":"https:\/\/www.hediyepazar.com\/index.php?rest_route=\/wp\/v2\/product"}],"about":[{"href":"https:\/\/www.hediyepazar.com\/index.php?rest_route=\/wp\/v2\/types\/product"}],"replies":[{"embeddable":true,"href":"https:\/\/www.hediyepazar.com\/index.php?rest_route=%2Fwp%2Fv2%2Fcomments&post=127600"}],"wp:featuredmedia":[{"embeddable":true,"href":"https:\/\/www.hediyepazar.com\/index.php?rest_route=\/wp\/v2\/media\/127599"}],"wp:attachment":[{"href":"https:\/\/www.hediyepazar.com\/index.php?rest_route=%2Fwp%2Fv2%2Fmedia&parent=127600"}],"wp:term":[{"taxonomy":"product_brand","embeddable":true,"href":"https:\/\/www.hediyepazar.com\/index.php?rest_route=%2Fwp%2Fv2%2Fproduct_brand&post=127600"},{"taxonomy":"product_cat","embeddable":true,"href":"https:\/\/www.hediyepazar.com\/index.php?rest_route=%2Fwp%2Fv2%2Fproduct_cat&post=127600"},{"taxonomy":"product_tag","embeddable":true,"href":"https:\/\/www.hediyepazar.com\/index.php?rest_route=%2Fwp%2Fv2%2Fproduct_tag&post=127600"}],"curies":[{"name":"wp","href":"https:\/\/api.w.org\/{rel}","templated":true}]}}