{"id":127614,"date":"2026-05-06T23:02:14","date_gmt":"2026-05-07T02:02:14","guid":{"rendered":"https:\/\/www.hediyepazar.com\/?product=3d-siyah-el-biblo-27x22-cm-iddiali-ev-dekorasyonu"},"modified":"2026-05-06T23:02:14","modified_gmt":"2026-05-07T02:02:14","slug":"3d-siyah-el-biblo-27x22-cm-iddiali-ev-dekorasyonu","status":"publish","type":"product","link":"https:\/\/www.hediyepazar.com\/?product=3d-siyah-el-biblo-27x22-cm-iddiali-ev-dekorasyonu","title":{"rendered":"3D Siyah El Biblo 27&#215;22 cm \u0130ddial\u0131 Ev Dekorasyonu"},"content":{"rendered":"<p>3D Siyah El Biblo 27&#215;22 cm, dekorasyonda farkl\u0131 ve \u00f6zg\u00fcn bir tarz yaratmak isteyenler i\u00e7in tasarlanm\u0131\u015ft\u0131r. B\u00fcy\u00fck boy yap\u0131s\u0131 sayesinde mek\u00e2na derinlik ve g\u00fc\u00e7l\u00fc bir karakter kazand\u0131r\u0131r.Siyah\u0131n sofistike duru\u015fu ile birle\u015fen heykelsi tasar\u0131m, ya\u015fam alanlar\u0131nda modern bir sanat eseri etkisi olu\u015fturur. Konsol \u00fczerinde tek ba\u015f\u0131na sergilendi\u011finde bile etkileyici bir g\u00f6r\u00fcn\u00fcm sunar.Minimal dekorasyonlarda kontrast olu\u015fturmak i\u00e7in idealdir. Koyu tonlu alanlarda ise b\u00fct\u00fcnleyici bir tamamlay\u0131c\u0131 g\u00f6revi g\u00f6r\u00fcr.Ev ve ofis dekorasyonunda iddial\u0131 bir g\u00f6r\u00fcn\u00fcm arayanlar i\u00e7in m\u00fckemmel bir se\u00e7enektir.<\/p>\n","protected":false},"excerpt":{"rendered":"<p>3D Siyah El Biblo 27&#215;22 cm, dekorasyonda farkl\u0131 ve \u00f6zg\u00fcn bir tarz yaratmak isteyenler i\u00e7in tasarlanm\u0131\u015ft\u0131r. B\u00fcy\u00fck boy yap\u0131s\u0131 sayesinde mek\u00e2na derinlik ve g\u00fc\u00e7l\u00fc bir karakter kazand\u0131r\u0131r.Siyah\u0131n sofistike duru\u015fu ile birle\u015fen heykelsi tasar\u0131m, ya\u015fam alanlar\u0131nda modern bir sanat eseri etkisi olu\u015fturur. Konsol \u00fczerinde tek ba\u015f\u0131na sergilendi\u011finde bile etkileyici bir g\u00f6r\u00fcn\u00fcm sunar.Minimal dekorasyonlarda kontrast olu\u015fturmak i\u00e7in&#8230;<\/p>\n","protected":false},"featured_media":127613,"comment_status":"open","ping_status":"closed","template":"","meta":{"_kad_post_transparent":"","_kad_post_title":"","_kad_post_layout":"","_kad_post_sidebar_id":"","_kad_post_content_style":"","_kad_post_vertical_padding":"","_kad_post_feature":"","_kad_post_feature_position":"","_kad_post_header":false,"_kad_post_footer":false,"_kad_post_classname":""},"product_brand":[],"product_cat":[14940],"product_tag":[],"class_list":{"0":"post-127614","1":"product","2":"type-product","3":"status-publish","4":"has-post-thumbnail","6":"product_cat-dekoratif-obje-biblo-dekoratif-obje-biblo","8":"first","9":"instock","10":"purchasable","11":"product-type-simple","12":"entry","13":"content-bg","14":"loop-entry"},"_links":{"self":[{"href":"https:\/\/www.hediyepazar.com\/index.php?rest_route=\/wp\/v2\/product\/127614","targetHints":{"allow":["GET"]}}],"collection":[{"href":"https:\/\/www.hediyepazar.com\/index.php?rest_route=\/wp\/v2\/product"}],"about":[{"href":"https:\/\/www.hediyepazar.com\/index.php?rest_route=\/wp\/v2\/types\/product"}],"replies":[{"embeddable":true,"href":"https:\/\/www.hediyepazar.com\/index.php?rest_route=%2Fwp%2Fv2%2Fcomments&post=127614"}],"wp:featuredmedia":[{"embeddable":true,"href":"https:\/\/www.hediyepazar.com\/index.php?rest_route=\/wp\/v2\/media\/127613"}],"wp:attachment":[{"href":"https:\/\/www.hediyepazar.com\/index.php?rest_route=%2Fwp%2Fv2%2Fmedia&parent=127614"}],"wp:term":[{"taxonomy":"product_brand","embeddable":true,"href":"https:\/\/www.hediyepazar.com\/index.php?rest_route=%2Fwp%2Fv2%2Fproduct_brand&post=127614"},{"taxonomy":"product_cat","embeddable":true,"href":"https:\/\/www.hediyepazar.com\/index.php?rest_route=%2Fwp%2Fv2%2Fproduct_cat&post=127614"},{"taxonomy":"product_tag","embeddable":true,"href":"https:\/\/www.hediyepazar.com\/index.php?rest_route=%2Fwp%2Fv2%2Fproduct_tag&post=127614"}],"curies":[{"name":"wp","href":"https:\/\/api.w.org\/{rel}","templated":true}]}}