{"id":127662,"date":"2026-05-06T23:11:14","date_gmt":"2026-05-07T02:11:14","guid":{"rendered":"https:\/\/www.hediyepazar.com\/?product=tetik-nokta-masaj-aleti-cok-yonlu-kas-rahatlatici"},"modified":"2026-05-06T23:11:14","modified_gmt":"2026-05-07T02:11:14","slug":"tetik-nokta-masaj-aleti-cok-yonlu-kas-rahatlatici","status":"publish","type":"product","link":"https:\/\/www.hediyepazar.com\/?product=tetik-nokta-masaj-aleti-cok-yonlu-kas-rahatlatici","title":{"rendered":"Tetik Nokta Masaj Aleti \u00c7ok Y\u00f6nl\u00fc Kas Rahatlat\u0131c\u0131"},"content":{"rendered":"<p>\u0130\u00e7 i\u00e7e ge\u00e7mi\u015f rulolar parmak masaj\u0131n\u0131 taklit ederek v\u00fccudun farkl\u0131 b\u00f6lgelerine ayn\u0131 anda etki eder. Boyun, bacak, kol ve bel gibi b\u00f6lgelerde h\u0131zl\u0131 rahatlama sa\u011flar.<\/p>\n","protected":false},"excerpt":{"rendered":"<p>\u0130\u00e7 i\u00e7e ge\u00e7mi\u015f rulolar parmak masaj\u0131n\u0131 taklit ederek v\u00fccudun farkl\u0131 b\u00f6lgelerine ayn\u0131 anda etki eder. Boyun, bacak, kol ve bel gibi b\u00f6lgelerde h\u0131zl\u0131 rahatlama sa\u011flar.<\/p>\n","protected":false},"featured_media":127661,"comment_status":"open","ping_status":"closed","template":"","meta":{"_kad_post_transparent":"","_kad_post_title":"","_kad_post_layout":"","_kad_post_sidebar_id":"","_kad_post_content_style":"","_kad_post_vertical_padding":"","_kad_post_feature":"","_kad_post_feature_position":"","_kad_post_header":false,"_kad_post_footer":false,"_kad_post_classname":""},"product_brand":[],"product_cat":[14939],"product_tag":[],"class_list":{"0":"post-127662","1":"product","2":"type-product","3":"status-publish","4":"has-post-thumbnail","6":"product_cat-masaj-cihazi-masaj-cihazi","8":"first","9":"instock","10":"purchasable","11":"product-type-simple","12":"entry","13":"content-bg","14":"loop-entry"},"_links":{"self":[{"href":"https:\/\/www.hediyepazar.com\/index.php?rest_route=\/wp\/v2\/product\/127662","targetHints":{"allow":["GET"]}}],"collection":[{"href":"https:\/\/www.hediyepazar.com\/index.php?rest_route=\/wp\/v2\/product"}],"about":[{"href":"https:\/\/www.hediyepazar.com\/index.php?rest_route=\/wp\/v2\/types\/product"}],"replies":[{"embeddable":true,"href":"https:\/\/www.hediyepazar.com\/index.php?rest_route=%2Fwp%2Fv2%2Fcomments&post=127662"}],"wp:featuredmedia":[{"embeddable":true,"href":"https:\/\/www.hediyepazar.com\/index.php?rest_route=\/wp\/v2\/media\/127661"}],"wp:attachment":[{"href":"https:\/\/www.hediyepazar.com\/index.php?rest_route=%2Fwp%2Fv2%2Fmedia&parent=127662"}],"wp:term":[{"taxonomy":"product_brand","embeddable":true,"href":"https:\/\/www.hediyepazar.com\/index.php?rest_route=%2Fwp%2Fv2%2Fproduct_brand&post=127662"},{"taxonomy":"product_cat","embeddable":true,"href":"https:\/\/www.hediyepazar.com\/index.php?rest_route=%2Fwp%2Fv2%2Fproduct_cat&post=127662"},{"taxonomy":"product_tag","embeddable":true,"href":"https:\/\/www.hediyepazar.com\/index.php?rest_route=%2Fwp%2Fv2%2Fproduct_tag&post=127662"}],"curies":[{"name":"wp","href":"https:\/\/api.w.org\/{rel}","templated":true}]}}