{"id":127672,"date":"2026-05-06T23:15:08","date_gmt":"2026-05-07T02:15:08","guid":{"rendered":"https:\/\/www.hediyepazar.com\/?product=bukle-sac-masasi-kolay-kullanim-saglikli-bukleler-yuksek-isili-2"},"modified":"2026-05-06T23:15:08","modified_gmt":"2026-05-07T02:15:08","slug":"bukle-sac-masasi-kolay-kullanim-saglikli-bukleler-yuksek-isili-2","status":"publish","type":"product","link":"https:\/\/www.hediyepazar.com\/?product=bukle-sac-masasi-kolay-kullanim-saglikli-bukleler-yuksek-isili-2","title":{"rendered":"Bukle Sa\u00e7 Ma\u015fas\u0131 \u2013 Kolay Kullan\u0131m Sa\u011fl\u0131kl\u0131 Bukleler y\u00fcksek \u0131s\u0131l\u0131"},"content":{"rendered":"<p>Hayalinizdeki buklelere ula\u015fmak art\u0131k \u00e7ok kolay! Ayarlanabilir s\u0131cakl\u0131k ayar\u0131na sahip bu profesyonel bukle ma\u015fas\u0131, t\u00fcm sa\u00e7 tipleri i\u00e7in \u00f6zelle\u015ftirilmi\u015f \u015fekillendirme imk\u00e2n\u0131 sunar. \u0130ster ince telli ister kal\u0131n telli sa\u00e7lara sahip olun, size en uygun s\u0131cakl\u0131\u011f\u0131 se\u00e7erek ideal \u015fekli yakalayabilirsiniz.Geli\u015fmi\u015f \u0131s\u0131tma teknolojisi sayesinde cihaz birka\u00e7 saniye i\u00e7inde kullan\u0131ma haz\u0131r hale gelir ve zamandan b\u00fcy\u00fck tasarruf sa\u011flar. Sa\u00e7lara nazik yap\u0131s\u0131yla y\u0131pranma ve k\u0131r\u0131lmalar\u0131 en aza indirir, parlak ve sa\u011fl\u0131kl\u0131 g\u00f6r\u00fcnen bukleler olu\u015fturur.Ergonomik tasar\u0131m\u0131 sayesinde evde profesyonel sa\u00e7 \u015fekillendirme deneyimi ya\u015faman\u0131z m\u00fcmk\u00fcn. Hafif yap\u0131s\u0131 ve \u015f\u0131k g\u00f6r\u00fcn\u00fcm\u00fcyle hem g\u00fcnl\u00fck kullan\u0131m hem de seyahatler i\u00e7in ideal bir ara\u00e7t\u0131r.&nbsp;<\/p>\n","protected":false},"excerpt":{"rendered":"<p>Hayalinizdeki buklelere ula\u015fmak art\u0131k \u00e7ok kolay! Ayarlanabilir s\u0131cakl\u0131k ayar\u0131na sahip bu profesyonel bukle ma\u015fas\u0131, t\u00fcm sa\u00e7 tipleri i\u00e7in \u00f6zelle\u015ftirilmi\u015f \u015fekillendirme imk\u00e2n\u0131 sunar. \u0130ster ince telli ister kal\u0131n telli sa\u00e7lara sahip olun, size en uygun s\u0131cakl\u0131\u011f\u0131 se\u00e7erek ideal \u015fekli yakalayabilirsiniz.Geli\u015fmi\u015f \u0131s\u0131tma teknolojisi sayesinde cihaz birka\u00e7 saniye i\u00e7inde kullan\u0131ma haz\u0131r hale gelir ve zamandan b\u00fcy\u00fck tasarruf sa\u011flar&#8230;.<\/p>\n","protected":false},"featured_media":127671,"comment_status":"open","ping_status":"closed","template":"","meta":{"_kad_post_transparent":"","_kad_post_title":"","_kad_post_layout":"","_kad_post_sidebar_id":"","_kad_post_content_style":"","_kad_post_vertical_padding":"","_kad_post_feature":"","_kad_post_feature_position":"","_kad_post_header":false,"_kad_post_footer":false,"_kad_post_classname":""},"product_brand":[],"product_cat":[14907],"product_tag":[],"class_list":{"0":"post-127672","1":"product","2":"type-product","3":"status-publish","4":"has-post-thumbnail","6":"product_cat-sac-masasi-sac-masasi","8":"first","9":"instock","10":"purchasable","11":"product-type-simple","12":"entry","13":"content-bg","14":"loop-entry"},"_links":{"self":[{"href":"https:\/\/www.hediyepazar.com\/index.php?rest_route=\/wp\/v2\/product\/127672","targetHints":{"allow":["GET"]}}],"collection":[{"href":"https:\/\/www.hediyepazar.com\/index.php?rest_route=\/wp\/v2\/product"}],"about":[{"href":"https:\/\/www.hediyepazar.com\/index.php?rest_route=\/wp\/v2\/types\/product"}],"replies":[{"embeddable":true,"href":"https:\/\/www.hediyepazar.com\/index.php?rest_route=%2Fwp%2Fv2%2Fcomments&post=127672"}],"wp:featuredmedia":[{"embeddable":true,"href":"https:\/\/www.hediyepazar.com\/index.php?rest_route=\/wp\/v2\/media\/127671"}],"wp:attachment":[{"href":"https:\/\/www.hediyepazar.com\/index.php?rest_route=%2Fwp%2Fv2%2Fmedia&parent=127672"}],"wp:term":[{"taxonomy":"product_brand","embeddable":true,"href":"https:\/\/www.hediyepazar.com\/index.php?rest_route=%2Fwp%2Fv2%2Fproduct_brand&post=127672"},{"taxonomy":"product_cat","embeddable":true,"href":"https:\/\/www.hediyepazar.com\/index.php?rest_route=%2Fwp%2Fv2%2Fproduct_cat&post=127672"},{"taxonomy":"product_tag","embeddable":true,"href":"https:\/\/www.hediyepazar.com\/index.php?rest_route=%2Fwp%2Fv2%2Fproduct_tag&post=127672"}],"curies":[{"name":"wp","href":"https:\/\/api.w.org\/{rel}","templated":true}]}}