{"id":127682,"date":"2026-05-06T23:17:21","date_gmt":"2026-05-07T02:17:21","guid":{"rendered":"https:\/\/www.hediyepazar.com\/?product=boyun-askili-100-saat-kablosuz-kulaklik-gostergeli-bluetooth-kulaklik"},"modified":"2026-05-06T23:17:21","modified_gmt":"2026-05-07T02:17:21","slug":"boyun-askili-100-saat-kablosuz-kulaklik-gostergeli-bluetooth-kulaklik","status":"publish","type":"product","link":"https:\/\/www.hediyepazar.com\/?product=boyun-askili-100-saat-kablosuz-kulaklik-gostergeli-bluetooth-kulaklik","title":{"rendered":"Boyun Ask\u0131l\u0131 100 Saat Kablosuz Kulakl\u0131k G\u00f6stergeli Bluetooth Kulakl\u0131k"},"content":{"rendered":"<p>Bu kablosuz boyun ask\u0131l\u0131 Bluetooth kulakl\u0131k, modern kullan\u0131c\u0131lar\u0131n beklentilerine hitap eden \u00fcst\u00fcn \u00f6zelliklerle donat\u0131lm\u0131\u015ft\u0131r. Geli\u015ftirilmi\u015f ses teknolojisi sayesinde \u00fc\u00e7 farkl\u0131 ses efekti sunarak kullan\u0131c\u0131ya oyun, m\u00fczik ve aramalar i\u00e7in optimize edilmi\u015f dinleme modlar\u0131 sa\u011flar. Kulak i\u00e7i ve yar\u0131 kulak i\u00e7i kullan\u0131m alternatifleriyle ki\u015fisel konfora uygun bir se\u00e7enek sunar, ister yo\u011fun tempolu bir egzersiz s\u0131ras\u0131nda ister g\u00fcnl\u00fck kullan\u0131mda maksimum rahatl\u0131k hedeflenir.Yeni nesil Bluetooth 5.3 \u00e7ipi sayesinde daha d\u00fc\u015f\u00fck enerji t\u00fcketimi ve daha h\u0131zl\u0131 ba\u011flant\u0131 sa\u011flan\u0131rken, sinyalin istikrar\u0131 art\u0131r\u0131lm\u0131\u015f ve kopmalar minimuma indirilmi\u015ftir. \u00d6zellikle oyunseverler i\u00e7in optimize edilen d\u00fc\u015f\u00fck gecikme teknolojisi, ses ile g\u00f6rsel aras\u0131ndaki fark\u0131 ortadan kald\u0131rarak daha s\u00fcr\u00fckleyici bir oyun deneyimi sunar. Bu \u00f6zellik, anl\u0131k ses geri bildiriminin kritik oldu\u011fu durumlarda b\u00fcy\u00fck avantaj sa\u011flar.Kula\u011fa 45 derecelik a\u00e7\u0131yla yerle\u015fen tasar\u0131m\u0131, hem konforu hem de kulakl\u0131klar\u0131n g\u00fcn boyu sabit kalmas\u0131n\u0131 destekler. Kulakl\u0131k ba\u015fl\u0131klar\u0131ndaki manyetik yap\u0131, kullan\u0131lmad\u0131\u011f\u0131nda cihaz\u0131n d\u00fczenli kalmas\u0131na ve kolay ta\u015f\u0131nmas\u0131na olanak tan\u0131r. S\u00fcper yumu\u015fak s\u0131v\u0131 silikon malzemeden \u00fcretilen boyun ask\u0131s\u0131, cilt dostu dokusu ve esnek yap\u0131s\u0131 ile uzun s\u00fcreli kullan\u0131mlarda bile rahatl\u0131k sa\u011flar.100 saate kadar kesintisiz kullan\u0131m sunan batarya kapasitesiyle dikkat \u00e7eken bu model, ayn\u0131 zamanda h\u0131zl\u0131 \u015farj \u00f6zelli\u011fiyle k\u0131sa s\u00fcrede enerji kazan\u0131m\u0131 sa\u011flar. LED dijital ekran sayesinde \u015farj seviyesini anl\u0131k olarak g\u00f6rebilir, \u015farj ihtiyac\u0131n\u0131z\u0131 \u00f6nceden fark edebilirsiniz. Kompozit diyaframl\u0131 b\u00fcy\u00fck s\u00fcr\u00fcc\u00fcler ise g\u00fc\u00e7l\u00fc baslar, net tizler ve dengeli vokaller ile zengin ve derin bir ses deneyimi ya\u015fat\u0131r. Geli\u015fmi\u015f performans\u0131 ve kullan\u0131c\u0131 dostu yap\u0131s\u0131yla g\u00fcnl\u00fck ya\u015famda, spor aktivitelerinde ya da e\u011flence anlar\u0131nda vazge\u00e7ilmez bir yard\u0131mc\u0131 olmaya adayd\u0131r.<\/p>\n","protected":false},"excerpt":{"rendered":"<p>Bu kablosuz boyun ask\u0131l\u0131 Bluetooth kulakl\u0131k, modern kullan\u0131c\u0131lar\u0131n beklentilerine hitap eden \u00fcst\u00fcn \u00f6zelliklerle donat\u0131lm\u0131\u015ft\u0131r. Geli\u015ftirilmi\u015f ses teknolojisi sayesinde \u00fc\u00e7 farkl\u0131 ses efekti sunarak kullan\u0131c\u0131ya oyun, m\u00fczik ve aramalar i\u00e7in optimize edilmi\u015f dinleme modlar\u0131 sa\u011flar. Kulak i\u00e7i ve yar\u0131 kulak i\u00e7i kullan\u0131m alternatifleriyle ki\u015fisel konfora uygun bir se\u00e7enek sunar, ister yo\u011fun tempolu bir egzersiz s\u0131ras\u0131nda ister&#8230;<\/p>\n","protected":false},"featured_media":127681,"comment_status":"open","ping_status":"closed","template":"","meta":{"_kad_post_transparent":"","_kad_post_title":"","_kad_post_layout":"","_kad_post_sidebar_id":"","_kad_post_content_style":"","_kad_post_vertical_padding":"","_kad_post_feature":"","_kad_post_feature_position":"","_kad_post_header":false,"_kad_post_footer":false,"_kad_post_classname":""},"product_brand":[],"product_cat":[14957],"product_tag":[],"class_list":{"0":"post-127682","1":"product","2":"type-product","3":"status-publish","4":"has-post-thumbnail","6":"product_cat-kablosuz-kulaklik-kablosuz-kulaklik","8":"first","9":"instock","10":"purchasable","11":"product-type-simple","12":"entry","13":"content-bg","14":"loop-entry"},"_links":{"self":[{"href":"https:\/\/www.hediyepazar.com\/index.php?rest_route=\/wp\/v2\/product\/127682","targetHints":{"allow":["GET"]}}],"collection":[{"href":"https:\/\/www.hediyepazar.com\/index.php?rest_route=\/wp\/v2\/product"}],"about":[{"href":"https:\/\/www.hediyepazar.com\/index.php?rest_route=\/wp\/v2\/types\/product"}],"replies":[{"embeddable":true,"href":"https:\/\/www.hediyepazar.com\/index.php?rest_route=%2Fwp%2Fv2%2Fcomments&post=127682"}],"wp:featuredmedia":[{"embeddable":true,"href":"https:\/\/www.hediyepazar.com\/index.php?rest_route=\/wp\/v2\/media\/127681"}],"wp:attachment":[{"href":"https:\/\/www.hediyepazar.com\/index.php?rest_route=%2Fwp%2Fv2%2Fmedia&parent=127682"}],"wp:term":[{"taxonomy":"product_brand","embeddable":true,"href":"https:\/\/www.hediyepazar.com\/index.php?rest_route=%2Fwp%2Fv2%2Fproduct_brand&post=127682"},{"taxonomy":"product_cat","embeddable":true,"href":"https:\/\/www.hediyepazar.com\/index.php?rest_route=%2Fwp%2Fv2%2Fproduct_cat&post=127682"},{"taxonomy":"product_tag","embeddable":true,"href":"https:\/\/www.hediyepazar.com\/index.php?rest_route=%2Fwp%2Fv2%2Fproduct_tag&post=127682"}],"curies":[{"name":"wp","href":"https:\/\/api.w.org\/{rel}","templated":true}]}}