{"id":127692,"date":"2026-05-06T23:21:28","date_gmt":"2026-05-07T02:21:28","guid":{"rendered":"https:\/\/www.hediyepazar.com\/?product=dijital-gostergeli-evrensel-telefon-sogutma-fani-2"},"modified":"2026-05-06T23:21:28","modified_gmt":"2026-05-07T02:21:28","slug":"dijital-gostergeli-evrensel-telefon-sogutma-fani-2","status":"publish","type":"product","link":"https:\/\/www.hediyepazar.com\/?product=dijital-gostergeli-evrensel-telefon-sogutma-fani-2","title":{"rendered":"Dijital G\u00f6stergeli Evrensel Telefon So\u011futma Fan\u0131"},"content":{"rendered":"<p>Telefonunuzun a\u015f\u0131r\u0131 \u0131s\u0131nmas\u0131n\u0131 engelleyerek daha uzun \u00f6m\u00fcrl\u00fc bir kullan\u0131m sa\u011flayan bu geli\u015fmi\u015f so\u011futucu, oyun ve yo\u011fun kullan\u0131m senaryolar\u0131 i\u00e7in idealdir. Yar\u0131 iletken so\u011futma teknolojisiyle \u0131s\u0131y\u0131 h\u0131zla da\u011f\u0131t\u0131r, cihaz\u0131n pil t\u00fcketimini optimize eder. 65-85 mm geni\u015flikteki t\u00fcm ak\u0131ll\u0131 telefonlarla uyumludur. Geri \u00e7ekilebilir klipsleri sayesinde telefona zarar vermeden sabitlenir. 2 kademeli h\u0131z kontrol\u00fc, dijital ekran \u00fczerinden kolayca ayarlanabilir. Hafif ve ta\u015f\u0131nabilir tasar\u0131m\u0131yla her yere rahatl\u0131kla g\u00f6t\u00fcr\u00fclebilir. Type-C kablo ile \u015farj edilebilen bu cihaz, uzun \u00f6m\u00fcrl\u00fc performans\u0131yla telefonunuzu serin tutar.<\/p>\n","protected":false},"excerpt":{"rendered":"<p>Telefonunuzun a\u015f\u0131r\u0131 \u0131s\u0131nmas\u0131n\u0131 engelleyerek daha uzun \u00f6m\u00fcrl\u00fc bir kullan\u0131m sa\u011flayan bu geli\u015fmi\u015f so\u011futucu, oyun ve yo\u011fun kullan\u0131m senaryolar\u0131 i\u00e7in idealdir. Yar\u0131 iletken so\u011futma teknolojisiyle \u0131s\u0131y\u0131 h\u0131zla da\u011f\u0131t\u0131r, cihaz\u0131n pil t\u00fcketimini optimize eder. 65-85 mm geni\u015flikteki t\u00fcm ak\u0131ll\u0131 telefonlarla uyumludur. Geri \u00e7ekilebilir klipsleri sayesinde telefona zarar vermeden sabitlenir. 2 kademeli h\u0131z kontrol\u00fc, dijital ekran \u00fczerinden kolayca&#8230;<\/p>\n","protected":false},"featured_media":127691,"comment_status":"open","ping_status":"closed","template":"","meta":{"_kad_post_transparent":"","_kad_post_title":"","_kad_post_layout":"","_kad_post_sidebar_id":"","_kad_post_content_style":"","_kad_post_vertical_padding":"","_kad_post_feature":"","_kad_post_feature_position":"","_kad_post_header":false,"_kad_post_footer":false,"_kad_post_classname":""},"product_brand":[],"product_cat":[14991],"product_tag":[],"class_list":{"0":"post-127692","1":"product","2":"type-product","3":"status-publish","4":"has-post-thumbnail","6":"product_cat-mobil-oyun-aksesuar-mobil-oyun-aksesuar","8":"first","9":"instock","10":"purchasable","11":"product-type-simple","12":"entry","13":"content-bg","14":"loop-entry"},"_links":{"self":[{"href":"https:\/\/www.hediyepazar.com\/index.php?rest_route=\/wp\/v2\/product\/127692","targetHints":{"allow":["GET"]}}],"collection":[{"href":"https:\/\/www.hediyepazar.com\/index.php?rest_route=\/wp\/v2\/product"}],"about":[{"href":"https:\/\/www.hediyepazar.com\/index.php?rest_route=\/wp\/v2\/types\/product"}],"replies":[{"embeddable":true,"href":"https:\/\/www.hediyepazar.com\/index.php?rest_route=%2Fwp%2Fv2%2Fcomments&post=127692"}],"wp:featuredmedia":[{"embeddable":true,"href":"https:\/\/www.hediyepazar.com\/index.php?rest_route=\/wp\/v2\/media\/127691"}],"wp:attachment":[{"href":"https:\/\/www.hediyepazar.com\/index.php?rest_route=%2Fwp%2Fv2%2Fmedia&parent=127692"}],"wp:term":[{"taxonomy":"product_brand","embeddable":true,"href":"https:\/\/www.hediyepazar.com\/index.php?rest_route=%2Fwp%2Fv2%2Fproduct_brand&post=127692"},{"taxonomy":"product_cat","embeddable":true,"href":"https:\/\/www.hediyepazar.com\/index.php?rest_route=%2Fwp%2Fv2%2Fproduct_cat&post=127692"},{"taxonomy":"product_tag","embeddable":true,"href":"https:\/\/www.hediyepazar.com\/index.php?rest_route=%2Fwp%2Fv2%2Fproduct_tag&post=127692"}],"curies":[{"name":"wp","href":"https:\/\/api.w.org\/{rel}","templated":true}]}}