{"id":127696,"date":"2026-05-06T23:22:32","date_gmt":"2026-05-07T02:22:32","guid":{"rendered":"https:\/\/www.hediyepazar.com\/?product=3d-yuz-figurlu-doga-konseptli-dekoratif-saksi-sik-vazo-tasarimi"},"modified":"2026-05-06T23:22:32","modified_gmt":"2026-05-07T02:22:32","slug":"3d-yuz-figurlu-doga-konseptli-dekoratif-saksi-sik-vazo-tasarimi","status":"publish","type":"product","link":"https:\/\/www.hediyepazar.com\/?product=3d-yuz-figurlu-doga-konseptli-dekoratif-saksi-sik-vazo-tasarimi","title":{"rendered":"3D Y\u00fcz Fig\u00fcrl\u00fc Do\u011fa Konseptli Dekoratif Saks\u0131 \u015e\u0131k Vazo Tasar\u0131m\u0131"},"content":{"rendered":"<p>\u00dc\u00e7 boyutlu y\u00fcz kabartmas\u0131 ve a\u011fa\u00e7 formu tasar\u0131m\u0131yla s\u0131radan saks\u0131 anlay\u0131\u015f\u0131n\u0131 tamamen de\u011fi\u015ftiren bu \u00fcr\u00fcn, sanatsal bir dekorasyon par\u00e7as\u0131d\u0131r. Do\u011fal tonlar\u0131 sayesinde bulundu\u011fu ortama s\u0131cakl\u0131k katar.Salon, vitrin, kitapl\u0131k ya da meditasyon alanlar\u0131nda g\u00fc\u00e7l\u00fc bir g\u00f6rsel etki olu\u015fturur.<\/p>\n","protected":false},"excerpt":{"rendered":"<p>\u00dc\u00e7 boyutlu y\u00fcz kabartmas\u0131 ve a\u011fa\u00e7 formu tasar\u0131m\u0131yla s\u0131radan saks\u0131 anlay\u0131\u015f\u0131n\u0131 tamamen de\u011fi\u015ftiren bu \u00fcr\u00fcn, sanatsal bir dekorasyon par\u00e7as\u0131d\u0131r. Do\u011fal tonlar\u0131 sayesinde bulundu\u011fu ortama s\u0131cakl\u0131k katar.Salon, vitrin, kitapl\u0131k ya da meditasyon alanlar\u0131nda g\u00fc\u00e7l\u00fc bir g\u00f6rsel etki olu\u015fturur.<\/p>\n","protected":false},"featured_media":127695,"comment_status":"open","ping_status":"closed","template":"","meta":{"_kad_post_transparent":"","_kad_post_title":"","_kad_post_layout":"","_kad_post_sidebar_id":"","_kad_post_content_style":"","_kad_post_vertical_padding":"","_kad_post_feature":"","_kad_post_feature_position":"","_kad_post_header":false,"_kad_post_footer":false,"_kad_post_classname":""},"product_brand":[],"product_cat":[14940],"product_tag":[],"class_list":{"0":"post-127696","1":"product","2":"type-product","3":"status-publish","4":"has-post-thumbnail","6":"product_cat-dekoratif-obje-biblo-dekoratif-obje-biblo","8":"first","9":"instock","10":"purchasable","11":"product-type-simple","12":"entry","13":"content-bg","14":"loop-entry"},"_links":{"self":[{"href":"https:\/\/www.hediyepazar.com\/index.php?rest_route=\/wp\/v2\/product\/127696","targetHints":{"allow":["GET"]}}],"collection":[{"href":"https:\/\/www.hediyepazar.com\/index.php?rest_route=\/wp\/v2\/product"}],"about":[{"href":"https:\/\/www.hediyepazar.com\/index.php?rest_route=\/wp\/v2\/types\/product"}],"replies":[{"embeddable":true,"href":"https:\/\/www.hediyepazar.com\/index.php?rest_route=%2Fwp%2Fv2%2Fcomments&post=127696"}],"wp:featuredmedia":[{"embeddable":true,"href":"https:\/\/www.hediyepazar.com\/index.php?rest_route=\/wp\/v2\/media\/127695"}],"wp:attachment":[{"href":"https:\/\/www.hediyepazar.com\/index.php?rest_route=%2Fwp%2Fv2%2Fmedia&parent=127696"}],"wp:term":[{"taxonomy":"product_brand","embeddable":true,"href":"https:\/\/www.hediyepazar.com\/index.php?rest_route=%2Fwp%2Fv2%2Fproduct_brand&post=127696"},{"taxonomy":"product_cat","embeddable":true,"href":"https:\/\/www.hediyepazar.com\/index.php?rest_route=%2Fwp%2Fv2%2Fproduct_cat&post=127696"},{"taxonomy":"product_tag","embeddable":true,"href":"https:\/\/www.hediyepazar.com\/index.php?rest_route=%2Fwp%2Fv2%2Fproduct_tag&post=127696"}],"curies":[{"name":"wp","href":"https:\/\/api.w.org\/{rel}","templated":true}]}}