{"id":127704,"date":"2026-05-06T23:23:45","date_gmt":"2026-05-07T02:23:45","guid":{"rendered":"https:\/\/www.hediyepazar.com\/?product=super-mario-dekor-figur-sik-ve-eglenceli-oyun-temali-biblo"},"modified":"2026-05-06T23:23:45","modified_gmt":"2026-05-07T02:23:45","slug":"super-mario-dekor-figur-sik-ve-eglenceli-oyun-temali-biblo","status":"publish","type":"product","link":"https:\/\/www.hediyepazar.com\/?product=super-mario-dekor-figur-sik-ve-eglenceli-oyun-temali-biblo","title":{"rendered":"S\u00fcper Mario Dekor Fig\u00fcr \u015e\u0131k ve E\u011flenceli Oyun Temal\u0131 Biblo"},"content":{"rendered":"<p>E\u011flenceli tasar\u0131m\u0131 ve enerjik g\u00f6r\u00fcn\u00fcm\u00fcyle S\u00fcper Mario Dekor Fig\u00fcr, ya\u015fam alanlar\u0131n\u0131za pozitif bir hava kazand\u0131r\u0131r. Raflarda, vitrinlerde veya \u00e7al\u0131\u015fma masas\u0131nda sergilendi\u011finde dikkat \u00e7ekici bir detay olur.Renklerin canl\u0131l\u0131\u011f\u0131 ve tasar\u0131m\u0131n \u00f6zenli i\u015f\u00e7ili\u011fi sayesinde kaliteli bir g\u00f6r\u00fcn\u00fcm sunar.<\/p>\n","protected":false},"excerpt":{"rendered":"<p>E\u011flenceli tasar\u0131m\u0131 ve enerjik g\u00f6r\u00fcn\u00fcm\u00fcyle S\u00fcper Mario Dekor Fig\u00fcr, ya\u015fam alanlar\u0131n\u0131za pozitif bir hava kazand\u0131r\u0131r. Raflarda, vitrinlerde veya \u00e7al\u0131\u015fma masas\u0131nda sergilendi\u011finde dikkat \u00e7ekici bir detay olur.Renklerin canl\u0131l\u0131\u011f\u0131 ve tasar\u0131m\u0131n \u00f6zenli i\u015f\u00e7ili\u011fi sayesinde kaliteli bir g\u00f6r\u00fcn\u00fcm sunar.<\/p>\n","protected":false},"featured_media":127703,"comment_status":"open","ping_status":"closed","template":"","meta":{"_kad_post_transparent":"","_kad_post_title":"","_kad_post_layout":"","_kad_post_sidebar_id":"","_kad_post_content_style":"","_kad_post_vertical_padding":"","_kad_post_feature":"","_kad_post_feature_position":"","_kad_post_header":false,"_kad_post_footer":false,"_kad_post_classname":""},"product_brand":[],"product_cat":[14940],"product_tag":[],"class_list":{"0":"post-127704","1":"product","2":"type-product","3":"status-publish","4":"has-post-thumbnail","6":"product_cat-dekoratif-obje-biblo-dekoratif-obje-biblo","8":"first","9":"instock","10":"purchasable","11":"product-type-simple","12":"entry","13":"content-bg","14":"loop-entry"},"_links":{"self":[{"href":"https:\/\/www.hediyepazar.com\/index.php?rest_route=\/wp\/v2\/product\/127704","targetHints":{"allow":["GET"]}}],"collection":[{"href":"https:\/\/www.hediyepazar.com\/index.php?rest_route=\/wp\/v2\/product"}],"about":[{"href":"https:\/\/www.hediyepazar.com\/index.php?rest_route=\/wp\/v2\/types\/product"}],"replies":[{"embeddable":true,"href":"https:\/\/www.hediyepazar.com\/index.php?rest_route=%2Fwp%2Fv2%2Fcomments&post=127704"}],"wp:featuredmedia":[{"embeddable":true,"href":"https:\/\/www.hediyepazar.com\/index.php?rest_route=\/wp\/v2\/media\/127703"}],"wp:attachment":[{"href":"https:\/\/www.hediyepazar.com\/index.php?rest_route=%2Fwp%2Fv2%2Fmedia&parent=127704"}],"wp:term":[{"taxonomy":"product_brand","embeddable":true,"href":"https:\/\/www.hediyepazar.com\/index.php?rest_route=%2Fwp%2Fv2%2Fproduct_brand&post=127704"},{"taxonomy":"product_cat","embeddable":true,"href":"https:\/\/www.hediyepazar.com\/index.php?rest_route=%2Fwp%2Fv2%2Fproduct_cat&post=127704"},{"taxonomy":"product_tag","embeddable":true,"href":"https:\/\/www.hediyepazar.com\/index.php?rest_route=%2Fwp%2Fv2%2Fproduct_tag&post=127704"}],"curies":[{"name":"wp","href":"https:\/\/api.w.org\/{rel}","templated":true}]}}