{"id":127706,"date":"2026-05-06T23:24:35","date_gmt":"2026-05-07T02:24:35","guid":{"rendered":"https:\/\/www.hediyepazar.com\/?product=super-mario-masa-ustu-dekor-biblo-oyun-severlere-ozel-figur"},"modified":"2026-05-06T23:24:35","modified_gmt":"2026-05-07T02:24:35","slug":"super-mario-masa-ustu-dekor-biblo-oyun-severlere-ozel-figur","status":"publish","type":"product","link":"https:\/\/www.hediyepazar.com\/?product=super-mario-masa-ustu-dekor-biblo-oyun-severlere-ozel-figur","title":{"rendered":"S\u00fcper Mario Masa \u00dcst\u00fc Dekor Biblo Oyun Severlere \u00d6zel Fig\u00fcr"},"content":{"rendered":"<p>Oyun d\u00fcnyas\u0131n\u0131n sembol karakterlerinden biri olan S\u00fcper Mario, masa \u00fcst\u00fc dekor olarak ya\u015fam alanlar\u0131n\u0131za renk ve dinamizm getirir. Canl\u0131 renkleri ve belirgin detaylar\u0131 sayesinde bulundu\u011fu ortam\u0131 an\u0131nda canland\u0131r\u0131r.\u00c7ocuklar, gen\u00e7ler ve yeti\u015fkin oyun severler i\u00e7in harika bir hediye se\u00e7ene\u011fidir. Hem dekoratif hem koleksiyon de\u011feri ta\u015f\u0131r.<\/p>\n","protected":false},"excerpt":{"rendered":"<p>Oyun d\u00fcnyas\u0131n\u0131n sembol karakterlerinden biri olan S\u00fcper Mario, masa \u00fcst\u00fc dekor olarak ya\u015fam alanlar\u0131n\u0131za renk ve dinamizm getirir. Canl\u0131 renkleri ve belirgin detaylar\u0131 sayesinde bulundu\u011fu ortam\u0131 an\u0131nda canland\u0131r\u0131r.\u00c7ocuklar, gen\u00e7ler ve yeti\u015fkin oyun severler i\u00e7in harika bir hediye se\u00e7ene\u011fidir. Hem dekoratif hem koleksiyon de\u011feri ta\u015f\u0131r.<\/p>\n","protected":false},"featured_media":127705,"comment_status":"open","ping_status":"closed","template":"","meta":{"_kad_post_transparent":"","_kad_post_title":"","_kad_post_layout":"","_kad_post_sidebar_id":"","_kad_post_content_style":"","_kad_post_vertical_padding":"","_kad_post_feature":"","_kad_post_feature_position":"","_kad_post_header":false,"_kad_post_footer":false,"_kad_post_classname":""},"product_brand":[],"product_cat":[14940],"product_tag":[],"class_list":{"0":"post-127706","1":"product","2":"type-product","3":"status-publish","4":"has-post-thumbnail","6":"product_cat-dekoratif-obje-biblo-dekoratif-obje-biblo","8":"first","9":"instock","10":"purchasable","11":"product-type-simple","12":"entry","13":"content-bg","14":"loop-entry"},"_links":{"self":[{"href":"https:\/\/www.hediyepazar.com\/index.php?rest_route=\/wp\/v2\/product\/127706","targetHints":{"allow":["GET"]}}],"collection":[{"href":"https:\/\/www.hediyepazar.com\/index.php?rest_route=\/wp\/v2\/product"}],"about":[{"href":"https:\/\/www.hediyepazar.com\/index.php?rest_route=\/wp\/v2\/types\/product"}],"replies":[{"embeddable":true,"href":"https:\/\/www.hediyepazar.com\/index.php?rest_route=%2Fwp%2Fv2%2Fcomments&post=127706"}],"wp:featuredmedia":[{"embeddable":true,"href":"https:\/\/www.hediyepazar.com\/index.php?rest_route=\/wp\/v2\/media\/127705"}],"wp:attachment":[{"href":"https:\/\/www.hediyepazar.com\/index.php?rest_route=%2Fwp%2Fv2%2Fmedia&parent=127706"}],"wp:term":[{"taxonomy":"product_brand","embeddable":true,"href":"https:\/\/www.hediyepazar.com\/index.php?rest_route=%2Fwp%2Fv2%2Fproduct_brand&post=127706"},{"taxonomy":"product_cat","embeddable":true,"href":"https:\/\/www.hediyepazar.com\/index.php?rest_route=%2Fwp%2Fv2%2Fproduct_cat&post=127706"},{"taxonomy":"product_tag","embeddable":true,"href":"https:\/\/www.hediyepazar.com\/index.php?rest_route=%2Fwp%2Fv2%2Fproduct_tag&post=127706"}],"curies":[{"name":"wp","href":"https:\/\/api.w.org\/{rel}","templated":true}]}}