{"id":127710,"date":"2026-05-06T23:24:52","date_gmt":"2026-05-07T02:24:52","guid":{"rendered":"https:\/\/www.hediyepazar.com\/?product=super-mario-figur-biblo-dekoratif-oyun-temali-masa-susu"},"modified":"2026-05-06T23:24:52","modified_gmt":"2026-05-07T02:24:52","slug":"super-mario-figur-biblo-dekoratif-oyun-temali-masa-susu","status":"publish","type":"product","link":"https:\/\/www.hediyepazar.com\/?product=super-mario-figur-biblo-dekoratif-oyun-temali-masa-susu","title":{"rendered":"S\u00fcper Mario Fig\u00fcr Biblo Dekoratif Oyun Temal\u0131 Masa S\u00fcs\u00fc"},"content":{"rendered":"<p>S\u00fcper Mario Fig\u00fcr Biblo, e\u011flenceli tasar\u0131m\u0131 ve dikkat \u00e7ekici detaylar\u0131yla dekorasyonunuza enerjik bir dokunu\u015f katar. \u0130konik k\u0131rm\u0131z\u0131 \u015fapkas\u0131 ve g\u00fc\u00e7l\u00fc duru\u015fu sayesinde bulundu\u011fu ortamda hemen fark edilir. Oyun severlerin vazge\u00e7ilmezi olan bu karakter, nostaljik an\u0131lar\u0131 canland\u0131r\u0131rken ayn\u0131 zamanda modern bir dekor objesi olarak \u00f6ne \u00e7\u0131kar.\u00c7al\u0131\u015fma masas\u0131nda motivasyon kayna\u011f\u0131, \u00e7ocuk odas\u0131nda e\u011flenceli bir aksesuar ya da salon raf\u0131nda dikkat \u00e7ekici bir detay olarak kullan\u0131labilir. Renk ge\u00e7i\u015fleri ve y\u00fcz ifadeleri \u00f6zenle tasarlanm\u0131\u015ft\u0131r. Dayan\u0131kl\u0131 yap\u0131s\u0131 sayesinde uzun s\u00fcreli kullan\u0131m sunar.<\/p>\n","protected":false},"excerpt":{"rendered":"<p>S\u00fcper Mario Fig\u00fcr Biblo, e\u011flenceli tasar\u0131m\u0131 ve dikkat \u00e7ekici detaylar\u0131yla dekorasyonunuza enerjik bir dokunu\u015f katar. \u0130konik k\u0131rm\u0131z\u0131 \u015fapkas\u0131 ve g\u00fc\u00e7l\u00fc duru\u015fu sayesinde bulundu\u011fu ortamda hemen fark edilir. Oyun severlerin vazge\u00e7ilmezi olan bu karakter, nostaljik an\u0131lar\u0131 canland\u0131r\u0131rken ayn\u0131 zamanda modern bir dekor objesi olarak \u00f6ne \u00e7\u0131kar.\u00c7al\u0131\u015fma masas\u0131nda motivasyon kayna\u011f\u0131, \u00e7ocuk odas\u0131nda e\u011flenceli bir aksesuar ya da&#8230;<\/p>\n","protected":false},"featured_media":127709,"comment_status":"open","ping_status":"closed","template":"","meta":{"_kad_post_transparent":"","_kad_post_title":"","_kad_post_layout":"","_kad_post_sidebar_id":"","_kad_post_content_style":"","_kad_post_vertical_padding":"","_kad_post_feature":"","_kad_post_feature_position":"","_kad_post_header":false,"_kad_post_footer":false,"_kad_post_classname":""},"product_brand":[],"product_cat":[14940],"product_tag":[],"class_list":{"0":"post-127710","1":"product","2":"type-product","3":"status-publish","4":"has-post-thumbnail","6":"product_cat-dekoratif-obje-biblo-dekoratif-obje-biblo","8":"first","9":"instock","10":"purchasable","11":"product-type-simple","12":"entry","13":"content-bg","14":"loop-entry"},"_links":{"self":[{"href":"https:\/\/www.hediyepazar.com\/index.php?rest_route=\/wp\/v2\/product\/127710","targetHints":{"allow":["GET"]}}],"collection":[{"href":"https:\/\/www.hediyepazar.com\/index.php?rest_route=\/wp\/v2\/product"}],"about":[{"href":"https:\/\/www.hediyepazar.com\/index.php?rest_route=\/wp\/v2\/types\/product"}],"replies":[{"embeddable":true,"href":"https:\/\/www.hediyepazar.com\/index.php?rest_route=%2Fwp%2Fv2%2Fcomments&post=127710"}],"wp:featuredmedia":[{"embeddable":true,"href":"https:\/\/www.hediyepazar.com\/index.php?rest_route=\/wp\/v2\/media\/127709"}],"wp:attachment":[{"href":"https:\/\/www.hediyepazar.com\/index.php?rest_route=%2Fwp%2Fv2%2Fmedia&parent=127710"}],"wp:term":[{"taxonomy":"product_brand","embeddable":true,"href":"https:\/\/www.hediyepazar.com\/index.php?rest_route=%2Fwp%2Fv2%2Fproduct_brand&post=127710"},{"taxonomy":"product_cat","embeddable":true,"href":"https:\/\/www.hediyepazar.com\/index.php?rest_route=%2Fwp%2Fv2%2Fproduct_cat&post=127710"},{"taxonomy":"product_tag","embeddable":true,"href":"https:\/\/www.hediyepazar.com\/index.php?rest_route=%2Fwp%2Fv2%2Fproduct_tag&post=127710"}],"curies":[{"name":"wp","href":"https:\/\/api.w.org\/{rel}","templated":true}]}}