{"id":127714,"date":"2026-05-06T23:26:18","date_gmt":"2026-05-07T02:26:18","guid":{"rendered":"https:\/\/www.hediyepazar.com\/?product=cok-amacli-sebze-yikayici-ergonomik-tasarim-suzgecli-mutfak-kabi"},"modified":"2026-05-06T23:26:18","modified_gmt":"2026-05-07T02:26:18","slug":"cok-amacli-sebze-yikayici-ergonomik-tasarim-suzgecli-mutfak-kabi","status":"publish","type":"product","link":"https:\/\/www.hediyepazar.com\/?product=cok-amacli-sebze-yikayici-ergonomik-tasarim-suzgecli-mutfak-kabi","title":{"rendered":"\u00c7ok Ama\u00e7l\u0131 Sebze Y\u0131kay\u0131c\u0131 Ergonomik Tasar\u0131m S\u00fczge\u00e7li Mutfak Kab\u0131"},"content":{"rendered":"<p>\u00c7ok ama\u00e7l\u0131 kullan\u0131m sunan bu sebze y\u0131kay\u0131c\u0131, meyve ve sebzelerinizi h\u0131zl\u0131 ve etkili \u015fekilde temizlemenizi sa\u011flar. S\u00fczge\u00e7li i\u00e7 yap\u0131s\u0131 suyun kolayca tahliye edilmesine yard\u0131mc\u0131 olur. \u015e\u0131k siyah tasar\u0131m\u0131 modern mutfaklara uyum sa\u011flar.<\/p>\n","protected":false},"excerpt":{"rendered":"<p>\u00c7ok ama\u00e7l\u0131 kullan\u0131m sunan bu sebze y\u0131kay\u0131c\u0131, meyve ve sebzelerinizi h\u0131zl\u0131 ve etkili \u015fekilde temizlemenizi sa\u011flar. S\u00fczge\u00e7li i\u00e7 yap\u0131s\u0131 suyun kolayca tahliye edilmesine yard\u0131mc\u0131 olur. \u015e\u0131k siyah tasar\u0131m\u0131 modern mutfaklara uyum sa\u011flar.<\/p>\n","protected":false},"featured_media":127713,"comment_status":"open","ping_status":"closed","template":"","meta":{"_kad_post_transparent":"","_kad_post_title":"","_kad_post_layout":"","_kad_post_sidebar_id":"","_kad_post_content_style":"","_kad_post_vertical_padding":"","_kad_post_feature":"","_kad_post_feature_position":"","_kad_post_header":false,"_kad_post_footer":false,"_kad_post_classname":""},"product_brand":[],"product_cat":[15068],"product_tag":[],"class_list":{"0":"post-127714","1":"product","2":"type-product","3":"status-publish","4":"has-post-thumbnail","6":"product_cat-pratik-mutfak-gerecleri-pratik-mutfak-gerecleri-2","8":"first","9":"instock","10":"purchasable","11":"product-type-simple","12":"entry","13":"content-bg","14":"loop-entry"},"_links":{"self":[{"href":"https:\/\/www.hediyepazar.com\/index.php?rest_route=\/wp\/v2\/product\/127714","targetHints":{"allow":["GET"]}}],"collection":[{"href":"https:\/\/www.hediyepazar.com\/index.php?rest_route=\/wp\/v2\/product"}],"about":[{"href":"https:\/\/www.hediyepazar.com\/index.php?rest_route=\/wp\/v2\/types\/product"}],"replies":[{"embeddable":true,"href":"https:\/\/www.hediyepazar.com\/index.php?rest_route=%2Fwp%2Fv2%2Fcomments&post=127714"}],"wp:featuredmedia":[{"embeddable":true,"href":"https:\/\/www.hediyepazar.com\/index.php?rest_route=\/wp\/v2\/media\/127713"}],"wp:attachment":[{"href":"https:\/\/www.hediyepazar.com\/index.php?rest_route=%2Fwp%2Fv2%2Fmedia&parent=127714"}],"wp:term":[{"taxonomy":"product_brand","embeddable":true,"href":"https:\/\/www.hediyepazar.com\/index.php?rest_route=%2Fwp%2Fv2%2Fproduct_brand&post=127714"},{"taxonomy":"product_cat","embeddable":true,"href":"https:\/\/www.hediyepazar.com\/index.php?rest_route=%2Fwp%2Fv2%2Fproduct_cat&post=127714"},{"taxonomy":"product_tag","embeddable":true,"href":"https:\/\/www.hediyepazar.com\/index.php?rest_route=%2Fwp%2Fv2%2Fproduct_tag&post=127714"}],"curies":[{"name":"wp","href":"https:\/\/api.w.org\/{rel}","templated":true}]}}