{"id":127720,"date":"2026-05-06T23:27:21","date_gmt":"2026-05-07T02:27:21","guid":{"rendered":"https:\/\/www.hediyepazar.com\/?product=modern-tasarimli-sebze-yikama-kabi-suzgecli-pratik-mutfak-aparati"},"modified":"2026-05-06T23:27:21","modified_gmt":"2026-05-07T02:27:21","slug":"modern-tasarimli-sebze-yikama-kabi-suzgecli-pratik-mutfak-aparati","status":"publish","type":"product","link":"https:\/\/www.hediyepazar.com\/?product=modern-tasarimli-sebze-yikama-kabi-suzgecli-pratik-mutfak-aparati","title":{"rendered":"Modern Tasar\u0131ml\u0131 Sebze Y\u0131kama Kab\u0131 S\u00fczge\u00e7li Pratik Mutfak Aparat\u0131"},"content":{"rendered":"<p>G\u00fcnl\u00fck mutfak i\u015flerini kolayla\u015ft\u0131ran modern tasar\u0131ml\u0131 sebze y\u0131kama kab\u0131, fonksiyonelli\u011fi ve \u015f\u0131kl\u0131\u011f\u0131 bir araya getirir. Geni\u015f i\u00e7 hacmi sayesinde tek seferde daha fazla sebze y\u0131kaman\u0131za imkan tan\u0131r. \u0130\u00e7 y\u00fczeyde bulunan dikey su tahliye kanallar\u0131, suyun h\u0131zl\u0131 \u015fekilde s\u00fcz\u00fclmesini sa\u011flar ve yiyeceklerin fazla suyla temas\u0131n\u0131 minimuma indirir.Ergonomik sap tasar\u0131m\u0131, \u00fcr\u00fcn\u00fc g\u00fcvenli ve konforlu \u015fekilde tutman\u0131za yard\u0131mc\u0131 olur. Y\u0131kama i\u015flemi s\u0131ras\u0131nda suyu kontroll\u00fc bi\u00e7imde bo\u015faltabilir, ekstra s\u00fczge\u00e7 ihtiyac\u0131n\u0131 ortadan kald\u0131rabilirsiniz.Sa\u011flam yap\u0131s\u0131 sayesinde uzun s\u00fcreli kullan\u0131m sunar. Siyah modern tasar\u0131m\u0131 ile hem klasik hem \u00e7a\u011fda\u015f mutfak dekorasyonuna uyum sa\u011flar. Pratik, hijyenik ve \u015f\u0131k bir mutfak yard\u0131mc\u0131s\u0131d\u0131r.<\/p>\n","protected":false},"excerpt":{"rendered":"<p>G\u00fcnl\u00fck mutfak i\u015flerini kolayla\u015ft\u0131ran modern tasar\u0131ml\u0131 sebze y\u0131kama kab\u0131, fonksiyonelli\u011fi ve \u015f\u0131kl\u0131\u011f\u0131 bir araya getirir. Geni\u015f i\u00e7 hacmi sayesinde tek seferde daha fazla sebze y\u0131kaman\u0131za imkan tan\u0131r. \u0130\u00e7 y\u00fczeyde bulunan dikey su tahliye kanallar\u0131, suyun h\u0131zl\u0131 \u015fekilde s\u00fcz\u00fclmesini sa\u011flar ve yiyeceklerin fazla suyla temas\u0131n\u0131 minimuma indirir.Ergonomik sap tasar\u0131m\u0131, \u00fcr\u00fcn\u00fc g\u00fcvenli ve konforlu \u015fekilde tutman\u0131za yard\u0131mc\u0131&#8230;<\/p>\n","protected":false},"featured_media":127719,"comment_status":"open","ping_status":"closed","template":"","meta":{"_kad_post_transparent":"","_kad_post_title":"","_kad_post_layout":"","_kad_post_sidebar_id":"","_kad_post_content_style":"","_kad_post_vertical_padding":"","_kad_post_feature":"","_kad_post_feature_position":"","_kad_post_header":false,"_kad_post_footer":false,"_kad_post_classname":""},"product_brand":[],"product_cat":[15068],"product_tag":[],"class_list":{"0":"post-127720","1":"product","2":"type-product","3":"status-publish","4":"has-post-thumbnail","6":"product_cat-pratik-mutfak-gerecleri-pratik-mutfak-gerecleri-2","8":"first","9":"instock","10":"purchasable","11":"product-type-simple","12":"entry","13":"content-bg","14":"loop-entry"},"_links":{"self":[{"href":"https:\/\/www.hediyepazar.com\/index.php?rest_route=\/wp\/v2\/product\/127720","targetHints":{"allow":["GET"]}}],"collection":[{"href":"https:\/\/www.hediyepazar.com\/index.php?rest_route=\/wp\/v2\/product"}],"about":[{"href":"https:\/\/www.hediyepazar.com\/index.php?rest_route=\/wp\/v2\/types\/product"}],"replies":[{"embeddable":true,"href":"https:\/\/www.hediyepazar.com\/index.php?rest_route=%2Fwp%2Fv2%2Fcomments&post=127720"}],"wp:featuredmedia":[{"embeddable":true,"href":"https:\/\/www.hediyepazar.com\/index.php?rest_route=\/wp\/v2\/media\/127719"}],"wp:attachment":[{"href":"https:\/\/www.hediyepazar.com\/index.php?rest_route=%2Fwp%2Fv2%2Fmedia&parent=127720"}],"wp:term":[{"taxonomy":"product_brand","embeddable":true,"href":"https:\/\/www.hediyepazar.com\/index.php?rest_route=%2Fwp%2Fv2%2Fproduct_brand&post=127720"},{"taxonomy":"product_cat","embeddable":true,"href":"https:\/\/www.hediyepazar.com\/index.php?rest_route=%2Fwp%2Fv2%2Fproduct_cat&post=127720"},{"taxonomy":"product_tag","embeddable":true,"href":"https:\/\/www.hediyepazar.com\/index.php?rest_route=%2Fwp%2Fv2%2Fproduct_tag&post=127720"}],"curies":[{"name":"wp","href":"https:\/\/api.w.org\/{rel}","templated":true}]}}