{"id":127730,"date":"2026-05-06T23:31:10","date_gmt":"2026-05-07T02:31:10","guid":{"rendered":"https:\/\/www.hediyepazar.com\/?product=4lu-3d-beyaz-ayakli-saksi-seti-modern-minimal-dekoratif-vazo"},"modified":"2026-05-06T23:31:10","modified_gmt":"2026-05-07T02:31:10","slug":"4lu-3d-beyaz-ayakli-saksi-seti-modern-minimal-dekoratif-vazo","status":"publish","type":"product","link":"https:\/\/www.hediyepazar.com\/?product=4lu-3d-beyaz-ayakli-saksi-seti-modern-minimal-dekoratif-vazo","title":{"rendered":"4\u2019l\u00fc 3D Beyaz Ayakl\u0131 Saks\u0131 Seti Modern Minimal Dekoratif Vazo"},"content":{"rendered":"<p>4\u2019l\u00fc 3D Beyaz Ayakl\u0131 Saks\u0131 Seti, modern tasar\u0131m anlay\u0131\u015f\u0131 ile zarif sadeli\u011fi bir araya getirir. Beyaz\u0131n ferahlat\u0131c\u0131 ve temiz hissi, ya\u015fam alanlar\u0131n\u0131za dinginlik kazand\u0131r\u0131rken 3D dokulu y\u00fczey tasar\u0131ma derinlik katar. B\u00fcy\u00fckten k\u00fc\u00e7\u00fc\u011fe s\u0131ralanan formu dekoratif a\u00e7\u0131dan dengeli ve profesyonel bir g\u00f6r\u00fcn\u00fcm olu\u015fturur.Ayakl\u0131 yap\u0131s\u0131 sayesinde klasik saks\u0131lardan ayr\u0131l\u0131r ve bulundu\u011fu ortamda dikkat \u00e7eken bir obje haline gelir. Siyah ayak detaylar\u0131 beyaz g\u00f6vdeyi \u00f6n plana \u00e7\u0131kararak modern bir kontrast olu\u015fturur.Salon, yatak odas\u0131, mutfak, ofis ya da balkon dekorasyonunda rahatl\u0131kla kullan\u0131labilir. \u0130\u00e7ine yerle\u015ftirilen ye\u015fil bitkilerle birlikte mek\u00e2na canl\u0131l\u0131k kazand\u0131r\u0131r. Minimalist dekorasyon stiline m\u00fckemmel uyum sa\u011flar.<\/p>\n","protected":false},"excerpt":{"rendered":"<p>4\u2019l\u00fc 3D Beyaz Ayakl\u0131 Saks\u0131 Seti, modern tasar\u0131m anlay\u0131\u015f\u0131 ile zarif sadeli\u011fi bir araya getirir. Beyaz\u0131n ferahlat\u0131c\u0131 ve temiz hissi, ya\u015fam alanlar\u0131n\u0131za dinginlik kazand\u0131r\u0131rken 3D dokulu y\u00fczey tasar\u0131ma derinlik katar. B\u00fcy\u00fckten k\u00fc\u00e7\u00fc\u011fe s\u0131ralanan formu dekoratif a\u00e7\u0131dan dengeli ve profesyonel bir g\u00f6r\u00fcn\u00fcm olu\u015fturur.Ayakl\u0131 yap\u0131s\u0131 sayesinde klasik saks\u0131lardan ayr\u0131l\u0131r ve bulundu\u011fu ortamda dikkat \u00e7eken bir obje haline&#8230;<\/p>\n","protected":false},"featured_media":127729,"comment_status":"open","ping_status":"closed","template":"","meta":{"_kad_post_transparent":"","_kad_post_title":"","_kad_post_layout":"","_kad_post_sidebar_id":"","_kad_post_content_style":"","_kad_post_vertical_padding":"","_kad_post_feature":"","_kad_post_feature_position":"","_kad_post_header":false,"_kad_post_footer":false,"_kad_post_classname":""},"product_brand":[],"product_cat":[14940],"product_tag":[],"class_list":{"0":"post-127730","1":"product","2":"type-product","3":"status-publish","4":"has-post-thumbnail","6":"product_cat-dekoratif-obje-biblo-dekoratif-obje-biblo","8":"first","9":"instock","10":"purchasable","11":"product-type-simple","12":"entry","13":"content-bg","14":"loop-entry"},"_links":{"self":[{"href":"https:\/\/www.hediyepazar.com\/index.php?rest_route=\/wp\/v2\/product\/127730","targetHints":{"allow":["GET"]}}],"collection":[{"href":"https:\/\/www.hediyepazar.com\/index.php?rest_route=\/wp\/v2\/product"}],"about":[{"href":"https:\/\/www.hediyepazar.com\/index.php?rest_route=\/wp\/v2\/types\/product"}],"replies":[{"embeddable":true,"href":"https:\/\/www.hediyepazar.com\/index.php?rest_route=%2Fwp%2Fv2%2Fcomments&post=127730"}],"wp:featuredmedia":[{"embeddable":true,"href":"https:\/\/www.hediyepazar.com\/index.php?rest_route=\/wp\/v2\/media\/127729"}],"wp:attachment":[{"href":"https:\/\/www.hediyepazar.com\/index.php?rest_route=%2Fwp%2Fv2%2Fmedia&parent=127730"}],"wp:term":[{"taxonomy":"product_brand","embeddable":true,"href":"https:\/\/www.hediyepazar.com\/index.php?rest_route=%2Fwp%2Fv2%2Fproduct_brand&post=127730"},{"taxonomy":"product_cat","embeddable":true,"href":"https:\/\/www.hediyepazar.com\/index.php?rest_route=%2Fwp%2Fv2%2Fproduct_cat&post=127730"},{"taxonomy":"product_tag","embeddable":true,"href":"https:\/\/www.hediyepazar.com\/index.php?rest_route=%2Fwp%2Fv2%2Fproduct_tag&post=127730"}],"curies":[{"name":"wp","href":"https:\/\/api.w.org\/{rel}","templated":true}]}}