{"id":127736,"date":"2026-05-06T23:33:06","date_gmt":"2026-05-07T02:33:06","guid":{"rendered":"https:\/\/www.hediyepazar.com\/?product=4lu-3d-kahverengi-ayakli-dekoratif-saksi-takimi-modern-tasarim"},"modified":"2026-05-06T23:33:06","modified_gmt":"2026-05-07T02:33:06","slug":"4lu-3d-kahverengi-ayakli-dekoratif-saksi-takimi-modern-tasarim","status":"publish","type":"product","link":"https:\/\/www.hediyepazar.com\/?product=4lu-3d-kahverengi-ayakli-dekoratif-saksi-takimi-modern-tasarim","title":{"rendered":"4\u2019l\u00fc 3D Kahverengi Ayakl\u0131 Dekoratif Saks\u0131 Tak\u0131m\u0131 Modern Tasar\u0131m"},"content":{"rendered":"<p>Do\u011fal ve modern \u00e7izgilerin uyumunu yans\u0131tan 4\u2019l\u00fc 3D Kahverengi Ayakl\u0131 Saks\u0131 Tak\u0131m\u0131, dekorasyonda s\u0131cak bir atmosfer olu\u015fturmak isteyenler i\u00e7in ideal bir se\u00e7imdir. 3D dokulu y\u00fczeyi \u00fcr\u00fcne premium bir hava katar.Kahverengi tonlar\u0131 mek\u00e2na dinginlik ve do\u011fall\u0131k hissi verir. Ayakl\u0131 tasar\u0131m modern bir dokunu\u015f sunar. Farkl\u0131 boy se\u00e7enekleri sayesinde dengeli bir g\u00f6r\u00fcn\u00fcm sa\u011flar.<\/p>\n","protected":false},"excerpt":{"rendered":"<p>Do\u011fal ve modern \u00e7izgilerin uyumunu yans\u0131tan 4\u2019l\u00fc 3D Kahverengi Ayakl\u0131 Saks\u0131 Tak\u0131m\u0131, dekorasyonda s\u0131cak bir atmosfer olu\u015fturmak isteyenler i\u00e7in ideal bir se\u00e7imdir. 3D dokulu y\u00fczeyi \u00fcr\u00fcne premium bir hava katar.Kahverengi tonlar\u0131 mek\u00e2na dinginlik ve do\u011fall\u0131k hissi verir. Ayakl\u0131 tasar\u0131m modern bir dokunu\u015f sunar. Farkl\u0131 boy se\u00e7enekleri sayesinde dengeli bir g\u00f6r\u00fcn\u00fcm sa\u011flar.<\/p>\n","protected":false},"featured_media":127735,"comment_status":"open","ping_status":"closed","template":"","meta":{"_kad_post_transparent":"","_kad_post_title":"","_kad_post_layout":"","_kad_post_sidebar_id":"","_kad_post_content_style":"","_kad_post_vertical_padding":"","_kad_post_feature":"","_kad_post_feature_position":"","_kad_post_header":false,"_kad_post_footer":false,"_kad_post_classname":""},"product_brand":[],"product_cat":[14940],"product_tag":[],"class_list":{"0":"post-127736","1":"product","2":"type-product","3":"status-publish","4":"has-post-thumbnail","6":"product_cat-dekoratif-obje-biblo-dekoratif-obje-biblo","8":"first","9":"instock","10":"purchasable","11":"product-type-simple","12":"entry","13":"content-bg","14":"loop-entry"},"_links":{"self":[{"href":"https:\/\/www.hediyepazar.com\/index.php?rest_route=\/wp\/v2\/product\/127736","targetHints":{"allow":["GET"]}}],"collection":[{"href":"https:\/\/www.hediyepazar.com\/index.php?rest_route=\/wp\/v2\/product"}],"about":[{"href":"https:\/\/www.hediyepazar.com\/index.php?rest_route=\/wp\/v2\/types\/product"}],"replies":[{"embeddable":true,"href":"https:\/\/www.hediyepazar.com\/index.php?rest_route=%2Fwp%2Fv2%2Fcomments&post=127736"}],"wp:featuredmedia":[{"embeddable":true,"href":"https:\/\/www.hediyepazar.com\/index.php?rest_route=\/wp\/v2\/media\/127735"}],"wp:attachment":[{"href":"https:\/\/www.hediyepazar.com\/index.php?rest_route=%2Fwp%2Fv2%2Fmedia&parent=127736"}],"wp:term":[{"taxonomy":"product_brand","embeddable":true,"href":"https:\/\/www.hediyepazar.com\/index.php?rest_route=%2Fwp%2Fv2%2Fproduct_brand&post=127736"},{"taxonomy":"product_cat","embeddable":true,"href":"https:\/\/www.hediyepazar.com\/index.php?rest_route=%2Fwp%2Fv2%2Fproduct_cat&post=127736"},{"taxonomy":"product_tag","embeddable":true,"href":"https:\/\/www.hediyepazar.com\/index.php?rest_route=%2Fwp%2Fv2%2Fproduct_tag&post=127736"}],"curies":[{"name":"wp","href":"https:\/\/api.w.org\/{rel}","templated":true}]}}