{"id":127748,"date":"2026-05-06T23:35:59","date_gmt":"2026-05-07T02:35:59","guid":{"rendered":"https:\/\/www.hediyepazar.com\/?product=4lu-3d-yesil-dekoratif-saksi-takimi-ayakli-modern-vazo-seti"},"modified":"2026-05-06T23:35:59","modified_gmt":"2026-05-07T02:35:59","slug":"4lu-3d-yesil-dekoratif-saksi-takimi-ayakli-modern-vazo-seti","status":"publish","type":"product","link":"https:\/\/www.hediyepazar.com\/?product=4lu-3d-yesil-dekoratif-saksi-takimi-ayakli-modern-vazo-seti","title":{"rendered":"4\u2019l\u00fc 3D Ye\u015fil Dekoratif Saks\u0131 Tak\u0131m\u0131 Ayakl\u0131 Modern Vazo Seti"},"content":{"rendered":"<p>4\u2019l\u00fc 3D Ye\u015fil Dekoratif Saks\u0131 Tak\u0131m\u0131, modern i\u00e7 mekan tasar\u0131m\u0131na zarif bir dokunu\u015f katmak i\u00e7in tasarlanm\u0131\u015ft\u0131r. 3D y\u00fczey detay\u0131 sayesinde s\u0131radan saks\u0131lardan ayr\u0131l\u0131r ve bulundu\u011fu alanda g\u00f6rsel bir derinlik olu\u015fturur. Mint ye\u015fili rengi do\u011fall\u0131k ve huzur hissi verir.D\u00f6rt farkl\u0131 boy alternatifi sayesinde dengeli bir dekoratif kompozisyon olu\u015fturabilirsiniz. Ayakl\u0131 yap\u0131s\u0131 sayesinde zeminden hafif y\u00fckselerek daha estetik bir duru\u015f sa\u011flar.Ev, ofis, balkon ve teras dekorasyonuna uyum sa\u011flar. Dayan\u0131kl\u0131 ve hafif yap\u0131s\u0131 uzun s\u00fcreli kullan\u0131m imkan\u0131 sunar.<\/p>\n","protected":false},"excerpt":{"rendered":"<p>4\u2019l\u00fc 3D Ye\u015fil Dekoratif Saks\u0131 Tak\u0131m\u0131, modern i\u00e7 mekan tasar\u0131m\u0131na zarif bir dokunu\u015f katmak i\u00e7in tasarlanm\u0131\u015ft\u0131r. 3D y\u00fczey detay\u0131 sayesinde s\u0131radan saks\u0131lardan ayr\u0131l\u0131r ve bulundu\u011fu alanda g\u00f6rsel bir derinlik olu\u015fturur. Mint ye\u015fili rengi do\u011fall\u0131k ve huzur hissi verir.D\u00f6rt farkl\u0131 boy alternatifi sayesinde dengeli bir dekoratif kompozisyon olu\u015fturabilirsiniz. Ayakl\u0131 yap\u0131s\u0131 sayesinde zeminden hafif y\u00fckselerek daha estetik&#8230;<\/p>\n","protected":false},"featured_media":127747,"comment_status":"open","ping_status":"closed","template":"","meta":{"_kad_post_transparent":"","_kad_post_title":"","_kad_post_layout":"","_kad_post_sidebar_id":"","_kad_post_content_style":"","_kad_post_vertical_padding":"","_kad_post_feature":"","_kad_post_feature_position":"","_kad_post_header":false,"_kad_post_footer":false,"_kad_post_classname":""},"product_brand":[],"product_cat":[14940],"product_tag":[],"class_list":{"0":"post-127748","1":"product","2":"type-product","3":"status-publish","4":"has-post-thumbnail","6":"product_cat-dekoratif-obje-biblo-dekoratif-obje-biblo","8":"first","9":"instock","10":"purchasable","11":"product-type-simple","12":"entry","13":"content-bg","14":"loop-entry"},"_links":{"self":[{"href":"https:\/\/www.hediyepazar.com\/index.php?rest_route=\/wp\/v2\/product\/127748","targetHints":{"allow":["GET"]}}],"collection":[{"href":"https:\/\/www.hediyepazar.com\/index.php?rest_route=\/wp\/v2\/product"}],"about":[{"href":"https:\/\/www.hediyepazar.com\/index.php?rest_route=\/wp\/v2\/types\/product"}],"replies":[{"embeddable":true,"href":"https:\/\/www.hediyepazar.com\/index.php?rest_route=%2Fwp%2Fv2%2Fcomments&post=127748"}],"wp:featuredmedia":[{"embeddable":true,"href":"https:\/\/www.hediyepazar.com\/index.php?rest_route=\/wp\/v2\/media\/127747"}],"wp:attachment":[{"href":"https:\/\/www.hediyepazar.com\/index.php?rest_route=%2Fwp%2Fv2%2Fmedia&parent=127748"}],"wp:term":[{"taxonomy":"product_brand","embeddable":true,"href":"https:\/\/www.hediyepazar.com\/index.php?rest_route=%2Fwp%2Fv2%2Fproduct_brand&post=127748"},{"taxonomy":"product_cat","embeddable":true,"href":"https:\/\/www.hediyepazar.com\/index.php?rest_route=%2Fwp%2Fv2%2Fproduct_cat&post=127748"},{"taxonomy":"product_tag","embeddable":true,"href":"https:\/\/www.hediyepazar.com\/index.php?rest_route=%2Fwp%2Fv2%2Fproduct_tag&post=127748"}],"curies":[{"name":"wp","href":"https:\/\/api.w.org\/{rel}","templated":true}]}}