{"id":127758,"date":"2026-05-06T23:38:04","date_gmt":"2026-05-07T02:38:04","guid":{"rendered":"https:\/\/www.hediyepazar.com\/?product=kablosuz-dokunmatik-masa-lambasi-3-isik-modlu-usb-sarjli-bronz"},"modified":"2026-05-06T23:38:04","modified_gmt":"2026-05-07T02:38:04","slug":"kablosuz-dokunmatik-masa-lambasi-3-isik-modlu-usb-sarjli-bronz","status":"publish","type":"product","link":"https:\/\/www.hediyepazar.com\/?product=kablosuz-dokunmatik-masa-lambasi-3-isik-modlu-usb-sarjli-bronz","title":{"rendered":"Kablosuz Dokunmatik Masa Lambas\u0131 3 I\u015f\u0131k Modlu USB \u015earjl\u0131 Bronz"},"content":{"rendered":"<p>Kablosuz Dokunmatik Masa Lambas\u0131, modern tasar\u0131m ve y\u00fcksek performansl\u0131 LED teknolojisini bir araya getirir. 3 \u0131\u015f\u0131k modu sayesinde farkl\u0131 ambiyanslar olu\u015fturur. USB \u015farj \u00f6zelli\u011fi ve uzun pil \u00f6mr\u00fc ile pratik kullan\u0131m sunar.<\/p>\n","protected":false},"excerpt":{"rendered":"<p>Kablosuz Dokunmatik Masa Lambas\u0131, modern tasar\u0131m ve y\u00fcksek performansl\u0131 LED teknolojisini bir araya getirir. 3 \u0131\u015f\u0131k modu sayesinde farkl\u0131 ambiyanslar olu\u015fturur. USB \u015farj \u00f6zelli\u011fi ve uzun pil \u00f6mr\u00fc ile pratik kullan\u0131m sunar.<\/p>\n","protected":false},"featured_media":127757,"comment_status":"open","ping_status":"closed","template":"","meta":{"_kad_post_transparent":"","_kad_post_title":"","_kad_post_layout":"","_kad_post_sidebar_id":"","_kad_post_content_style":"","_kad_post_vertical_padding":"","_kad_post_feature":"","_kad_post_feature_position":"","_kad_post_header":false,"_kad_post_footer":false,"_kad_post_classname":""},"product_brand":[],"product_cat":[14967],"product_tag":[],"class_list":{"0":"post-127758","1":"product","2":"type-product","3":"status-publish","4":"has-post-thumbnail","6":"product_cat-gece-lambasi-gece-lambasi","8":"first","9":"instock","10":"purchasable","11":"product-type-simple","12":"entry","13":"content-bg","14":"loop-entry"},"_links":{"self":[{"href":"https:\/\/www.hediyepazar.com\/index.php?rest_route=\/wp\/v2\/product\/127758","targetHints":{"allow":["GET"]}}],"collection":[{"href":"https:\/\/www.hediyepazar.com\/index.php?rest_route=\/wp\/v2\/product"}],"about":[{"href":"https:\/\/www.hediyepazar.com\/index.php?rest_route=\/wp\/v2\/types\/product"}],"replies":[{"embeddable":true,"href":"https:\/\/www.hediyepazar.com\/index.php?rest_route=%2Fwp%2Fv2%2Fcomments&post=127758"}],"wp:featuredmedia":[{"embeddable":true,"href":"https:\/\/www.hediyepazar.com\/index.php?rest_route=\/wp\/v2\/media\/127757"}],"wp:attachment":[{"href":"https:\/\/www.hediyepazar.com\/index.php?rest_route=%2Fwp%2Fv2%2Fmedia&parent=127758"}],"wp:term":[{"taxonomy":"product_brand","embeddable":true,"href":"https:\/\/www.hediyepazar.com\/index.php?rest_route=%2Fwp%2Fv2%2Fproduct_brand&post=127758"},{"taxonomy":"product_cat","embeddable":true,"href":"https:\/\/www.hediyepazar.com\/index.php?rest_route=%2Fwp%2Fv2%2Fproduct_cat&post=127758"},{"taxonomy":"product_tag","embeddable":true,"href":"https:\/\/www.hediyepazar.com\/index.php?rest_route=%2Fwp%2Fv2%2Fproduct_tag&post=127758"}],"curies":[{"name":"wp","href":"https:\/\/api.w.org\/{rel}","templated":true}]}}