{"id":127760,"date":"2026-05-06T23:38:11","date_gmt":"2026-05-07T02:38:11","guid":{"rendered":"https:\/\/www.hediyepazar.com\/?product=sarjli-led-masa-lambasi-3-kademe-dokunmatik-bronz-modern-tasarim"},"modified":"2026-05-06T23:38:11","modified_gmt":"2026-05-07T02:38:11","slug":"sarjli-led-masa-lambasi-3-kademe-dokunmatik-bronz-modern-tasarim","status":"publish","type":"product","link":"https:\/\/www.hediyepazar.com\/?product=sarjli-led-masa-lambasi-3-kademe-dokunmatik-bronz-modern-tasarim","title":{"rendered":"\u015earjl\u0131 LED Masa Lambas\u0131 3 Kademe Dokunmatik Bronz Modern Tasar\u0131m"},"content":{"rendered":"<p>\u015earjl\u0131 LED Masa Lambas\u0131 3 Kademe Dokunmatik modeli, modern i\u00e7 mekan tasar\u0131m\u0131na uyum sa\u011flayan mantar formu ve bronz kaplama y\u00fczeyi ile dikkat \u00e7eker. Elektro kaplama galvanik i\u015flem sayesinde parlak ve dayan\u0131kl\u0131 bir y\u00fczey elde edilmi\u015ftir.Dokunmatik kontrol paneli ile \u00fc\u00e7 farkl\u0131 \u0131\u015f\u0131k modu aras\u0131nda ge\u00e7i\u015f yap\u0131labilir. S\u0131cak, nat\u00fcrel ve beyaz \u0131\u015f\u0131k se\u00e7enekleri sayesinde farkl\u0131 kullan\u0131m alanlar\u0131na uyum sa\u011flar. \u00c7al\u0131\u015fma, okuma veya dekoratif ambiyans olu\u015fturma i\u00e7in idealdir.1800mAh lityum pil ile kablosuz kullan\u0131m sunar. USB ile \u015farj edilir ve uzun s\u00fcreli kullan\u0131m sa\u011flar. Ayr\u0131ca USB portu sayesinde telefon \u015farj edebilme \u00f6zelli\u011fi bulunur.Hem \u015f\u0131k hem fonksiyonel bir masa lambas\u0131 \u00e7\u00f6z\u00fcm\u00fcd\u00fcr.<\/p>\n","protected":false},"excerpt":{"rendered":"<p>\u015earjl\u0131 LED Masa Lambas\u0131 3 Kademe Dokunmatik modeli, modern i\u00e7 mekan tasar\u0131m\u0131na uyum sa\u011flayan mantar formu ve bronz kaplama y\u00fczeyi ile dikkat \u00e7eker. Elektro kaplama galvanik i\u015flem sayesinde parlak ve dayan\u0131kl\u0131 bir y\u00fczey elde edilmi\u015ftir.Dokunmatik kontrol paneli ile \u00fc\u00e7 farkl\u0131 \u0131\u015f\u0131k modu aras\u0131nda ge\u00e7i\u015f yap\u0131labilir. S\u0131cak, nat\u00fcrel ve beyaz \u0131\u015f\u0131k se\u00e7enekleri sayesinde farkl\u0131 kullan\u0131m alanlar\u0131na&#8230;<\/p>\n","protected":false},"featured_media":127759,"comment_status":"open","ping_status":"closed","template":"","meta":{"_kad_post_transparent":"","_kad_post_title":"","_kad_post_layout":"","_kad_post_sidebar_id":"","_kad_post_content_style":"","_kad_post_vertical_padding":"","_kad_post_feature":"","_kad_post_feature_position":"","_kad_post_header":false,"_kad_post_footer":false,"_kad_post_classname":""},"product_brand":[],"product_cat":[14967],"product_tag":[],"class_list":{"0":"post-127760","1":"product","2":"type-product","3":"status-publish","4":"has-post-thumbnail","6":"product_cat-gece-lambasi-gece-lambasi","8":"first","9":"instock","10":"purchasable","11":"product-type-simple","12":"entry","13":"content-bg","14":"loop-entry"},"_links":{"self":[{"href":"https:\/\/www.hediyepazar.com\/index.php?rest_route=\/wp\/v2\/product\/127760","targetHints":{"allow":["GET"]}}],"collection":[{"href":"https:\/\/www.hediyepazar.com\/index.php?rest_route=\/wp\/v2\/product"}],"about":[{"href":"https:\/\/www.hediyepazar.com\/index.php?rest_route=\/wp\/v2\/types\/product"}],"replies":[{"embeddable":true,"href":"https:\/\/www.hediyepazar.com\/index.php?rest_route=%2Fwp%2Fv2%2Fcomments&post=127760"}],"wp:featuredmedia":[{"embeddable":true,"href":"https:\/\/www.hediyepazar.com\/index.php?rest_route=\/wp\/v2\/media\/127759"}],"wp:attachment":[{"href":"https:\/\/www.hediyepazar.com\/index.php?rest_route=%2Fwp%2Fv2%2Fmedia&parent=127760"}],"wp:term":[{"taxonomy":"product_brand","embeddable":true,"href":"https:\/\/www.hediyepazar.com\/index.php?rest_route=%2Fwp%2Fv2%2Fproduct_brand&post=127760"},{"taxonomy":"product_cat","embeddable":true,"href":"https:\/\/www.hediyepazar.com\/index.php?rest_route=%2Fwp%2Fv2%2Fproduct_cat&post=127760"},{"taxonomy":"product_tag","embeddable":true,"href":"https:\/\/www.hediyepazar.com\/index.php?rest_route=%2Fwp%2Fv2%2Fproduct_tag&post=127760"}],"curies":[{"name":"wp","href":"https:\/\/api.w.org\/{rel}","templated":true}]}}