{"id":127778,"date":"2026-05-06T23:40:53","date_gmt":"2026-05-07T02:40:53","guid":{"rendered":"https:\/\/www.hediyepazar.com\/?product=beyazlatma-kalemli-led-dis-parlatma-seti"},"modified":"2026-05-06T23:40:53","modified_gmt":"2026-05-07T02:40:53","slug":"beyazlatma-kalemli-led-dis-parlatma-seti","status":"publish","type":"product","link":"https:\/\/www.hediyepazar.com\/?product=beyazlatma-kalemli-led-dis-parlatma-seti","title":{"rendered":"Beyazlatma Kalemli LED Di\u015f Parlatma Seti"},"content":{"rendered":"<p>Profesyonel di\u015f beyazlatma teknolojisini evinize ta\u015f\u0131yan bu LED \u0131\u015f\u0131kl\u0131 beyazlatma seti, di\u015f minesine zarar vermeden g\u00fcvenli kullan\u0131m sunar. Kahve ve sigara gibi nedenlerle olu\u015fan lekeleri k\u0131sa s\u00fcrede azalt\u0131r. 20 dakika gibi k\u0131sa bir s\u00fcrede di\u015flerinizi g\u00f6zle g\u00f6r\u00fcl\u00fcr \u015fekilde beyazlat\u0131r. Set i\u00e7erisinde yer alan iki adet beyazlatma kalemi, uzun s\u00fcreli kullan\u0131m i\u00e7in avantaj sa\u011flar. Ayr\u0131ca LED \u0131\u015f\u0131\u011f\u0131 beyazlatma s\u00fcrecini h\u0131zland\u0131r\u0131r. D\u00fczenli kullan\u0131ld\u0131\u011f\u0131nda daha uzun s\u00fcre kal\u0131c\u0131 beyazl\u0131k sa\u011flar.<\/p>\n","protected":false},"excerpt":{"rendered":"<p>Profesyonel di\u015f beyazlatma teknolojisini evinize ta\u015f\u0131yan bu LED \u0131\u015f\u0131kl\u0131 beyazlatma seti, di\u015f minesine zarar vermeden g\u00fcvenli kullan\u0131m sunar. Kahve ve sigara gibi nedenlerle olu\u015fan lekeleri k\u0131sa s\u00fcrede azalt\u0131r. 20 dakika gibi k\u0131sa bir s\u00fcrede di\u015flerinizi g\u00f6zle g\u00f6r\u00fcl\u00fcr \u015fekilde beyazlat\u0131r. Set i\u00e7erisinde yer alan iki adet beyazlatma kalemi, uzun s\u00fcreli kullan\u0131m i\u00e7in avantaj sa\u011flar. Ayr\u0131ca LED&#8230;<\/p>\n","protected":false},"featured_media":127777,"comment_status":"open","ping_status":"closed","template":"","meta":{"_kad_post_transparent":"","_kad_post_title":"","_kad_post_layout":"","_kad_post_sidebar_id":"","_kad_post_content_style":"","_kad_post_vertical_padding":"","_kad_post_feature":"","_kad_post_feature_position":"","_kad_post_header":false,"_kad_post_footer":false,"_kad_post_classname":""},"product_brand":[],"product_cat":[15070],"product_tag":[],"class_list":{"0":"post-127778","1":"product","2":"type-product","3":"status-publish","4":"has-post-thumbnail","6":"product_cat-dis-beyazlatma-cihazi-dis-beyazlatma-cihazi","8":"first","9":"instock","10":"purchasable","11":"product-type-simple","12":"entry","13":"content-bg","14":"loop-entry"},"_links":{"self":[{"href":"https:\/\/www.hediyepazar.com\/index.php?rest_route=\/wp\/v2\/product\/127778","targetHints":{"allow":["GET"]}}],"collection":[{"href":"https:\/\/www.hediyepazar.com\/index.php?rest_route=\/wp\/v2\/product"}],"about":[{"href":"https:\/\/www.hediyepazar.com\/index.php?rest_route=\/wp\/v2\/types\/product"}],"replies":[{"embeddable":true,"href":"https:\/\/www.hediyepazar.com\/index.php?rest_route=%2Fwp%2Fv2%2Fcomments&post=127778"}],"wp:featuredmedia":[{"embeddable":true,"href":"https:\/\/www.hediyepazar.com\/index.php?rest_route=\/wp\/v2\/media\/127777"}],"wp:attachment":[{"href":"https:\/\/www.hediyepazar.com\/index.php?rest_route=%2Fwp%2Fv2%2Fmedia&parent=127778"}],"wp:term":[{"taxonomy":"product_brand","embeddable":true,"href":"https:\/\/www.hediyepazar.com\/index.php?rest_route=%2Fwp%2Fv2%2Fproduct_brand&post=127778"},{"taxonomy":"product_cat","embeddable":true,"href":"https:\/\/www.hediyepazar.com\/index.php?rest_route=%2Fwp%2Fv2%2Fproduct_cat&post=127778"},{"taxonomy":"product_tag","embeddable":true,"href":"https:\/\/www.hediyepazar.com\/index.php?rest_route=%2Fwp%2Fv2%2Fproduct_tag&post=127778"}],"curies":[{"name":"wp","href":"https:\/\/api.w.org\/{rel}","templated":true}]}}