{"id":127782,"date":"2026-05-06T23:41:16","date_gmt":"2026-05-07T02:41:16","guid":{"rendered":"https:\/\/www.hediyepazar.com\/?product=usb-baglantili-mini-hd-kamera-video-fotograf-cekimli-sarj-edilebilir"},"modified":"2026-05-06T23:41:16","modified_gmt":"2026-05-07T02:41:16","slug":"usb-baglantili-mini-hd-kamera-video-fotograf-cekimli-sarj-edilebilir","status":"publish","type":"product","link":"https:\/\/www.hediyepazar.com\/?product=usb-baglantili-mini-hd-kamera-video-fotograf-cekimli-sarj-edilebilir","title":{"rendered":"USB Ba\u011flant\u0131l\u0131 Mini HD Kamera Video Foto\u011fraf \u00c7ekimli \u015earj Edilebilir"},"content":{"rendered":"<p>USB Ba\u011flant\u0131l\u0131 Mini HD Kamera, hem video hem foto\u011fraf \u00e7ekim \u00f6zelli\u011fi sunan kompakt bir dijital cihazd\u0131r. G\u00fcnl\u00fck kullan\u0131m i\u00e7in tasarlanm\u0131\u015ft\u0131r.HD video kayd\u0131 net g\u00f6r\u00fcnt\u00fcler sa\u011flar. Foto\u011fraf modu ile anl\u0131k kareler yakalanabilir.\u015earj edilebilir batarya ekonomik kullan\u0131m sunar. Bilgisayara ba\u011flanarak veri aktar\u0131m\u0131 yap\u0131labilir.Haf\u0131za kart deste\u011fi ile depolama art\u0131r\u0131labilir.Ta\u015f\u0131nabilir ve kullan\u0131\u015fl\u0131 bir \u00e7\u00f6z\u00fcmd\u00fcr.<\/p>\n","protected":false},"excerpt":{"rendered":"<p>USB Ba\u011flant\u0131l\u0131 Mini HD Kamera, hem video hem foto\u011fraf \u00e7ekim \u00f6zelli\u011fi sunan kompakt bir dijital cihazd\u0131r. G\u00fcnl\u00fck kullan\u0131m i\u00e7in tasarlanm\u0131\u015ft\u0131r.HD video kayd\u0131 net g\u00f6r\u00fcnt\u00fcler sa\u011flar. Foto\u011fraf modu ile anl\u0131k kareler yakalanabilir.\u015earj edilebilir batarya ekonomik kullan\u0131m sunar. Bilgisayara ba\u011flanarak veri aktar\u0131m\u0131 yap\u0131labilir.Haf\u0131za kart deste\u011fi ile depolama art\u0131r\u0131labilir.Ta\u015f\u0131nabilir ve kullan\u0131\u015fl\u0131 bir \u00e7\u00f6z\u00fcmd\u00fcr.<\/p>\n","protected":false},"featured_media":127781,"comment_status":"open","ping_status":"closed","template":"","meta":{"_kad_post_transparent":"","_kad_post_title":"","_kad_post_layout":"","_kad_post_sidebar_id":"","_kad_post_content_style":"","_kad_post_vertical_padding":"","_kad_post_feature":"","_kad_post_feature_position":"","_kad_post_header":false,"_kad_post_footer":false,"_kad_post_classname":""},"product_brand":[],"product_cat":[14987],"product_tag":[],"class_list":{"0":"post-127782","1":"product","2":"type-product","3":"status-publish","4":"has-post-thumbnail","6":"product_cat-cocuk-kamera-cocuk-kamera","8":"first","9":"instock","10":"purchasable","11":"product-type-simple","12":"entry","13":"content-bg","14":"loop-entry"},"_links":{"self":[{"href":"https:\/\/www.hediyepazar.com\/index.php?rest_route=\/wp\/v2\/product\/127782","targetHints":{"allow":["GET"]}}],"collection":[{"href":"https:\/\/www.hediyepazar.com\/index.php?rest_route=\/wp\/v2\/product"}],"about":[{"href":"https:\/\/www.hediyepazar.com\/index.php?rest_route=\/wp\/v2\/types\/product"}],"replies":[{"embeddable":true,"href":"https:\/\/www.hediyepazar.com\/index.php?rest_route=%2Fwp%2Fv2%2Fcomments&post=127782"}],"wp:featuredmedia":[{"embeddable":true,"href":"https:\/\/www.hediyepazar.com\/index.php?rest_route=\/wp\/v2\/media\/127781"}],"wp:attachment":[{"href":"https:\/\/www.hediyepazar.com\/index.php?rest_route=%2Fwp%2Fv2%2Fmedia&parent=127782"}],"wp:term":[{"taxonomy":"product_brand","embeddable":true,"href":"https:\/\/www.hediyepazar.com\/index.php?rest_route=%2Fwp%2Fv2%2Fproduct_brand&post=127782"},{"taxonomy":"product_cat","embeddable":true,"href":"https:\/\/www.hediyepazar.com\/index.php?rest_route=%2Fwp%2Fv2%2Fproduct_cat&post=127782"},{"taxonomy":"product_tag","embeddable":true,"href":"https:\/\/www.hediyepazar.com\/index.php?rest_route=%2Fwp%2Fv2%2Fproduct_tag&post=127782"}],"curies":[{"name":"wp","href":"https:\/\/api.w.org\/{rel}","templated":true}]}}