{"id":127784,"date":"2026-05-06T23:41:20","date_gmt":"2026-05-07T02:41:20","guid":{"rendered":"https:\/\/www.hediyepazar.com\/?product=sarjli-mini-kamera-hd-video-ve-fotograf-cekimli-genisletilebilir-hafizali"},"modified":"2026-05-06T23:41:20","modified_gmt":"2026-05-07T02:41:20","slug":"sarjli-mini-kamera-hd-video-ve-fotograf-cekimli-genisletilebilir-hafizali","status":"publish","type":"product","link":"https:\/\/www.hediyepazar.com\/?product=sarjli-mini-kamera-hd-video-ve-fotograf-cekimli-genisletilebilir-hafizali","title":{"rendered":"\u015earjl\u0131 Mini Kamera HD Video ve Foto\u011fraf \u00c7ekimli Geni\u015fletilebilir Haf\u0131zal\u0131"},"content":{"rendered":"<p>\u015earjl\u0131 Mini Kamera, ta\u015f\u0131nabilir yap\u0131s\u0131 ve \u00e7ok fonksiyonlu kullan\u0131m \u00f6zelli\u011fi ile g\u00fcnl\u00fck kay\u0131t ihtiya\u00e7lar\u0131n\u0131 kar\u015f\u0131lar. Video ve foto\u011fraf \u00e7ekim imk\u00e2n\u0131 sunar.HD \u00e7\u00f6z\u00fcn\u00fcrl\u00fck ile net g\u00f6r\u00fcnt\u00fcler elde edilir. USB ba\u011flant\u0131 ile bilgisayara ba\u011flanabilir.Micro SD kart deste\u011fi ile depolama kapasitesi art\u0131r\u0131labilir. Uzun s\u00fcreli kay\u0131t yap\u0131labilir.Kompakt tasar\u0131m\u0131 ile pratik bir \u00e7\u00f6z\u00fcmd\u00fcr.<\/p>\n","protected":false},"excerpt":{"rendered":"<p>\u015earjl\u0131 Mini Kamera, ta\u015f\u0131nabilir yap\u0131s\u0131 ve \u00e7ok fonksiyonlu kullan\u0131m \u00f6zelli\u011fi ile g\u00fcnl\u00fck kay\u0131t ihtiya\u00e7lar\u0131n\u0131 kar\u015f\u0131lar. Video ve foto\u011fraf \u00e7ekim imk\u00e2n\u0131 sunar.HD \u00e7\u00f6z\u00fcn\u00fcrl\u00fck ile net g\u00f6r\u00fcnt\u00fcler elde edilir. USB ba\u011flant\u0131 ile bilgisayara ba\u011flanabilir.Micro SD kart deste\u011fi ile depolama kapasitesi art\u0131r\u0131labilir. Uzun s\u00fcreli kay\u0131t yap\u0131labilir.Kompakt tasar\u0131m\u0131 ile pratik bir \u00e7\u00f6z\u00fcmd\u00fcr.<\/p>\n","protected":false},"featured_media":127783,"comment_status":"open","ping_status":"closed","template":"","meta":{"_kad_post_transparent":"","_kad_post_title":"","_kad_post_layout":"","_kad_post_sidebar_id":"","_kad_post_content_style":"","_kad_post_vertical_padding":"","_kad_post_feature":"","_kad_post_feature_position":"","_kad_post_header":false,"_kad_post_footer":false,"_kad_post_classname":""},"product_brand":[],"product_cat":[14987],"product_tag":[],"class_list":{"0":"post-127784","1":"product","2":"type-product","3":"status-publish","4":"has-post-thumbnail","6":"product_cat-cocuk-kamera-cocuk-kamera","8":"first","9":"instock","10":"purchasable","11":"product-type-simple","12":"entry","13":"content-bg","14":"loop-entry"},"_links":{"self":[{"href":"https:\/\/www.hediyepazar.com\/index.php?rest_route=\/wp\/v2\/product\/127784","targetHints":{"allow":["GET"]}}],"collection":[{"href":"https:\/\/www.hediyepazar.com\/index.php?rest_route=\/wp\/v2\/product"}],"about":[{"href":"https:\/\/www.hediyepazar.com\/index.php?rest_route=\/wp\/v2\/types\/product"}],"replies":[{"embeddable":true,"href":"https:\/\/www.hediyepazar.com\/index.php?rest_route=%2Fwp%2Fv2%2Fcomments&post=127784"}],"wp:featuredmedia":[{"embeddable":true,"href":"https:\/\/www.hediyepazar.com\/index.php?rest_route=\/wp\/v2\/media\/127783"}],"wp:attachment":[{"href":"https:\/\/www.hediyepazar.com\/index.php?rest_route=%2Fwp%2Fv2%2Fmedia&parent=127784"}],"wp:term":[{"taxonomy":"product_brand","embeddable":true,"href":"https:\/\/www.hediyepazar.com\/index.php?rest_route=%2Fwp%2Fv2%2Fproduct_brand&post=127784"},{"taxonomy":"product_cat","embeddable":true,"href":"https:\/\/www.hediyepazar.com\/index.php?rest_route=%2Fwp%2Fv2%2Fproduct_cat&post=127784"},{"taxonomy":"product_tag","embeddable":true,"href":"https:\/\/www.hediyepazar.com\/index.php?rest_route=%2Fwp%2Fv2%2Fproduct_tag&post=127784"}],"curies":[{"name":"wp","href":"https:\/\/api.w.org\/{rel}","templated":true}]}}