{"id":127810,"date":"2026-05-06T23:46:09","date_gmt":"2026-05-07T02:46:09","guid":{"rendered":"https:\/\/www.hediyepazar.com\/?product=modern-altin-govdeli-led-masa-lambasi-3-isik-modlu"},"modified":"2026-05-06T23:46:09","modified_gmt":"2026-05-07T02:46:09","slug":"modern-altin-govdeli-led-masa-lambasi-3-isik-modlu","status":"publish","type":"product","link":"https:\/\/www.hediyepazar.com\/?product=modern-altin-govdeli-led-masa-lambasi-3-isik-modlu","title":{"rendered":"Modern Alt\u0131n G\u00f6vdeli LED Masa Lambas\u0131 3 I\u015f\u0131k Modlu"},"content":{"rendered":"<p>Modern LED abajur tasar\u0131m\u0131 ile dikkat \u00e7eken bu masa lambas\u0131, hem estetik hem i\u015flevsel \u00f6zelliklere sahiptir. Dokunmatik kontrol sistemi ile kolay kullan\u0131m sa\u011flar. 3 farkl\u0131 \u0131\u015f\u0131k modu ile farkl\u0131 ihtiya\u00e7lara cevap verir.<\/p>\n","protected":false},"excerpt":{"rendered":"<p>Modern LED abajur tasar\u0131m\u0131 ile dikkat \u00e7eken bu masa lambas\u0131, hem estetik hem i\u015flevsel \u00f6zelliklere sahiptir. Dokunmatik kontrol sistemi ile kolay kullan\u0131m sa\u011flar. 3 farkl\u0131 \u0131\u015f\u0131k modu ile farkl\u0131 ihtiya\u00e7lara cevap verir.<\/p>\n","protected":false},"featured_media":127809,"comment_status":"open","ping_status":"closed","template":"","meta":{"_kad_post_transparent":"","_kad_post_title":"","_kad_post_layout":"","_kad_post_sidebar_id":"","_kad_post_content_style":"","_kad_post_vertical_padding":"","_kad_post_feature":"","_kad_post_feature_position":"","_kad_post_header":false,"_kad_post_footer":false,"_kad_post_classname":""},"product_brand":[],"product_cat":[14967],"product_tag":[],"class_list":{"0":"post-127810","1":"product","2":"type-product","3":"status-publish","4":"has-post-thumbnail","6":"product_cat-gece-lambasi-gece-lambasi","8":"first","9":"instock","10":"purchasable","11":"product-type-simple","12":"entry","13":"content-bg","14":"loop-entry"},"_links":{"self":[{"href":"https:\/\/www.hediyepazar.com\/index.php?rest_route=\/wp\/v2\/product\/127810","targetHints":{"allow":["GET"]}}],"collection":[{"href":"https:\/\/www.hediyepazar.com\/index.php?rest_route=\/wp\/v2\/product"}],"about":[{"href":"https:\/\/www.hediyepazar.com\/index.php?rest_route=\/wp\/v2\/types\/product"}],"replies":[{"embeddable":true,"href":"https:\/\/www.hediyepazar.com\/index.php?rest_route=%2Fwp%2Fv2%2Fcomments&post=127810"}],"wp:featuredmedia":[{"embeddable":true,"href":"https:\/\/www.hediyepazar.com\/index.php?rest_route=\/wp\/v2\/media\/127809"}],"wp:attachment":[{"href":"https:\/\/www.hediyepazar.com\/index.php?rest_route=%2Fwp%2Fv2%2Fmedia&parent=127810"}],"wp:term":[{"taxonomy":"product_brand","embeddable":true,"href":"https:\/\/www.hediyepazar.com\/index.php?rest_route=%2Fwp%2Fv2%2Fproduct_brand&post=127810"},{"taxonomy":"product_cat","embeddable":true,"href":"https:\/\/www.hediyepazar.com\/index.php?rest_route=%2Fwp%2Fv2%2Fproduct_cat&post=127810"},{"taxonomy":"product_tag","embeddable":true,"href":"https:\/\/www.hediyepazar.com\/index.php?rest_route=%2Fwp%2Fv2%2Fproduct_tag&post=127810"}],"curies":[{"name":"wp","href":"https:\/\/api.w.org\/{rel}","templated":true}]}}