{"id":127812,"date":"2026-05-06T23:46:16","date_gmt":"2026-05-07T02:46:16","guid":{"rendered":"https:\/\/www.hediyepazar.com\/?product=sarj-edilebilir-led-abajur-dokunmatik-ip20-korumali"},"modified":"2026-05-06T23:46:16","modified_gmt":"2026-05-07T02:46:16","slug":"sarj-edilebilir-led-abajur-dokunmatik-ip20-korumali","status":"publish","type":"product","link":"https:\/\/www.hediyepazar.com\/?product=sarj-edilebilir-led-abajur-dokunmatik-ip20-korumali","title":{"rendered":"\u015earj Edilebilir LED Abajur Dokunmatik IP20 Korumal\u0131"},"content":{"rendered":"<p>\u015earj edilebilir LED masa lambas\u0131, ta\u015f\u0131nabilir yap\u0131s\u0131 sayesinde evin her alan\u0131nda kullan\u0131labilir. 3 renk modu ile farkl\u0131 atmosferler yarat\u0131r. Dimmer \u00f6zelli\u011fi ile \u0131\u015f\u0131k yo\u011funlu\u011fu ayarlanabilir.Alt\u0131n g\u00f6vde tasar\u0131m\u0131 dekoratif bir g\u00f6r\u00fcn\u00fcm sunar. Kablosuz kullan\u0131m avantaj\u0131 ile pratiklik sa\u011flar.<\/p>\n","protected":false},"excerpt":{"rendered":"<p>\u015earj edilebilir LED masa lambas\u0131, ta\u015f\u0131nabilir yap\u0131s\u0131 sayesinde evin her alan\u0131nda kullan\u0131labilir. 3 renk modu ile farkl\u0131 atmosferler yarat\u0131r. Dimmer \u00f6zelli\u011fi ile \u0131\u015f\u0131k yo\u011funlu\u011fu ayarlanabilir.Alt\u0131n g\u00f6vde tasar\u0131m\u0131 dekoratif bir g\u00f6r\u00fcn\u00fcm sunar. Kablosuz kullan\u0131m avantaj\u0131 ile pratiklik sa\u011flar.<\/p>\n","protected":false},"featured_media":127811,"comment_status":"open","ping_status":"closed","template":"","meta":{"_kad_post_transparent":"","_kad_post_title":"","_kad_post_layout":"","_kad_post_sidebar_id":"","_kad_post_content_style":"","_kad_post_vertical_padding":"","_kad_post_feature":"","_kad_post_feature_position":"","_kad_post_header":false,"_kad_post_footer":false,"_kad_post_classname":""},"product_brand":[],"product_cat":[14967],"product_tag":[],"class_list":{"0":"post-127812","1":"product","2":"type-product","3":"status-publish","4":"has-post-thumbnail","6":"product_cat-gece-lambasi-gece-lambasi","8":"first","9":"instock","10":"purchasable","11":"product-type-simple","12":"entry","13":"content-bg","14":"loop-entry"},"_links":{"self":[{"href":"https:\/\/www.hediyepazar.com\/index.php?rest_route=\/wp\/v2\/product\/127812","targetHints":{"allow":["GET"]}}],"collection":[{"href":"https:\/\/www.hediyepazar.com\/index.php?rest_route=\/wp\/v2\/product"}],"about":[{"href":"https:\/\/www.hediyepazar.com\/index.php?rest_route=\/wp\/v2\/types\/product"}],"replies":[{"embeddable":true,"href":"https:\/\/www.hediyepazar.com\/index.php?rest_route=%2Fwp%2Fv2%2Fcomments&post=127812"}],"wp:featuredmedia":[{"embeddable":true,"href":"https:\/\/www.hediyepazar.com\/index.php?rest_route=\/wp\/v2\/media\/127811"}],"wp:attachment":[{"href":"https:\/\/www.hediyepazar.com\/index.php?rest_route=%2Fwp%2Fv2%2Fmedia&parent=127812"}],"wp:term":[{"taxonomy":"product_brand","embeddable":true,"href":"https:\/\/www.hediyepazar.com\/index.php?rest_route=%2Fwp%2Fv2%2Fproduct_brand&post=127812"},{"taxonomy":"product_cat","embeddable":true,"href":"https:\/\/www.hediyepazar.com\/index.php?rest_route=%2Fwp%2Fv2%2Fproduct_cat&post=127812"},{"taxonomy":"product_tag","embeddable":true,"href":"https:\/\/www.hediyepazar.com\/index.php?rest_route=%2Fwp%2Fv2%2Fproduct_tag&post=127812"}],"curies":[{"name":"wp","href":"https:\/\/api.w.org\/{rel}","templated":true}]}}