{"id":127814,"date":"2026-05-06T23:48:03","date_gmt":"2026-05-07T02:48:03","guid":{"rendered":"https:\/\/www.hediyepazar.com\/?product=3-renk-ayarli-led-masa-lambasi-dimmerli-modern-tasarim"},"modified":"2026-05-06T23:48:03","modified_gmt":"2026-05-07T02:48:03","slug":"3-renk-ayarli-led-masa-lambasi-dimmerli-modern-tasarim","status":"publish","type":"product","link":"https:\/\/www.hediyepazar.com\/?product=3-renk-ayarli-led-masa-lambasi-dimmerli-modern-tasarim","title":{"rendered":"3 Renk Ayarl\u0131 LED Masa Lambas\u0131 Dimmerli Modern Tasar\u0131m"},"content":{"rendered":"<p>3 renk dimmerli LED masa lambas\u0131, hem dekoratif hem fonksiyonel \u00f6zellikleriyle \u00f6n plana \u00e7\u0131kar. Minimal ve modern tasar\u0131m\u0131 sayesinde her dekorasyon stiline uyum sa\u011flar. Alt\u0131n renkli metal g\u00f6vdesi ile \u015f\u0131k ve zarif bir g\u00f6r\u00fcn\u00fcm sunar.Dokunmatik a\u00e7ma kapama \u00f6zelli\u011fi kullan\u0131m kolayl\u0131\u011f\u0131 sa\u011flar. I\u015f\u0131k seviyesi kademeli olarak ayarlanabilir. Bu sayede gece lambas\u0131, okuma lambas\u0131 veya ambiyans \u0131\u015f\u0131\u011f\u0131 olarak kullan\u0131labilir.Type C \u015farj sistemi sayesinde h\u0131zl\u0131 enerji dolumu sa\u011flar. Uzun pil \u00f6mr\u00fc ile kesintisiz kullan\u0131m sunar.<\/p>\n","protected":false},"excerpt":{"rendered":"<p>3 renk dimmerli LED masa lambas\u0131, hem dekoratif hem fonksiyonel \u00f6zellikleriyle \u00f6n plana \u00e7\u0131kar. Minimal ve modern tasar\u0131m\u0131 sayesinde her dekorasyon stiline uyum sa\u011flar. Alt\u0131n renkli metal g\u00f6vdesi ile \u015f\u0131k ve zarif bir g\u00f6r\u00fcn\u00fcm sunar.Dokunmatik a\u00e7ma kapama \u00f6zelli\u011fi kullan\u0131m kolayl\u0131\u011f\u0131 sa\u011flar. I\u015f\u0131k seviyesi kademeli olarak ayarlanabilir. Bu sayede gece lambas\u0131, okuma lambas\u0131 veya ambiyans \u0131\u015f\u0131\u011f\u0131&#8230;<\/p>\n","protected":false},"featured_media":127813,"comment_status":"open","ping_status":"closed","template":"","meta":{"_kad_post_transparent":"","_kad_post_title":"","_kad_post_layout":"","_kad_post_sidebar_id":"","_kad_post_content_style":"","_kad_post_vertical_padding":"","_kad_post_feature":"","_kad_post_feature_position":"","_kad_post_header":false,"_kad_post_footer":false,"_kad_post_classname":""},"product_brand":[],"product_cat":[14967],"product_tag":[],"class_list":{"0":"post-127814","1":"product","2":"type-product","3":"status-publish","4":"has-post-thumbnail","6":"product_cat-gece-lambasi-gece-lambasi","8":"first","9":"instock","10":"purchasable","11":"product-type-simple","12":"entry","13":"content-bg","14":"loop-entry"},"_links":{"self":[{"href":"https:\/\/www.hediyepazar.com\/index.php?rest_route=\/wp\/v2\/product\/127814","targetHints":{"allow":["GET"]}}],"collection":[{"href":"https:\/\/www.hediyepazar.com\/index.php?rest_route=\/wp\/v2\/product"}],"about":[{"href":"https:\/\/www.hediyepazar.com\/index.php?rest_route=\/wp\/v2\/types\/product"}],"replies":[{"embeddable":true,"href":"https:\/\/www.hediyepazar.com\/index.php?rest_route=%2Fwp%2Fv2%2Fcomments&post=127814"}],"wp:featuredmedia":[{"embeddable":true,"href":"https:\/\/www.hediyepazar.com\/index.php?rest_route=\/wp\/v2\/media\/127813"}],"wp:attachment":[{"href":"https:\/\/www.hediyepazar.com\/index.php?rest_route=%2Fwp%2Fv2%2Fmedia&parent=127814"}],"wp:term":[{"taxonomy":"product_brand","embeddable":true,"href":"https:\/\/www.hediyepazar.com\/index.php?rest_route=%2Fwp%2Fv2%2Fproduct_brand&post=127814"},{"taxonomy":"product_cat","embeddable":true,"href":"https:\/\/www.hediyepazar.com\/index.php?rest_route=%2Fwp%2Fv2%2Fproduct_cat&post=127814"},{"taxonomy":"product_tag","embeddable":true,"href":"https:\/\/www.hediyepazar.com\/index.php?rest_route=%2Fwp%2Fv2%2Fproduct_tag&post=127814"}],"curies":[{"name":"wp","href":"https:\/\/api.w.org\/{rel}","templated":true}]}}