{"id":127818,"date":"2026-05-06T23:48:16","date_gmt":"2026-05-07T02:48:16","guid":{"rendered":"https:\/\/www.hediyepazar.com\/?product=sarjli-dokunmatik-led-masa-lambasi-3-renk-dimmer-ozellikli"},"modified":"2026-05-06T23:48:16","modified_gmt":"2026-05-07T02:48:16","slug":"sarjli-dokunmatik-led-masa-lambasi-3-renk-dimmer-ozellikli","status":"publish","type":"product","link":"https:\/\/www.hediyepazar.com\/?product=sarjli-dokunmatik-led-masa-lambasi-3-renk-dimmer-ozellikli","title":{"rendered":"\u015earjl\u0131 Dokunmatik LED Masa Lambas\u0131 3 Renk Dimmer \u00d6zellikli"},"content":{"rendered":"<p>\u015earjl\u0131 dokunmatik LED masa lambas\u0131, modern tasar\u0131m\u0131 ve fonksiyonel \u00f6zellikleri ile hem dekoratif hem de pratik bir ayd\u0131nlatma \u00e7\u00f6z\u00fcm\u00fc sunar. Alt\u0131n tonlu metal g\u00f6vdesi ve minimal silindirik ba\u015fl\u0131k tasar\u0131m\u0131 sayesinde ya\u015fam alanlar\u0131n\u0131za \u015f\u0131k bir dokunu\u015f katar. Kompakt yap\u0131s\u0131 sayesinde komodin, \u00e7al\u0131\u015fma masas\u0131, konsol, sehpa ve restoran masalar\u0131nda rahatl\u0131kla kullan\u0131labilir. Kablosuz kullan\u0131m avantaj\u0131 sayesinde priz ba\u011f\u0131ml\u0131l\u0131\u011f\u0131 olmadan diledi\u011finiz noktada konumland\u0131rabilirsiniz.\u00dcr\u00fcn 3 farkl\u0131 renk modu sunar. S\u0131cak beyaz, do\u011fal beyaz ve so\u011fuk beyaz \u0131\u015f\u0131k se\u00e7enekleri ile ortam\u0131n ambiyans\u0131n\u0131 ihtiyaca g\u00f6re ayarlayabilirsiniz. Dokunmatik on off \u00f6zelli\u011fi sayesinde tek dokunu\u015fla a\u00e7ma kapama i\u015flemi yap\u0131labilir. Ayn\u0131 zamanda dimmer \u00f6zelli\u011fi ile \u0131\u015f\u0131k seviyesi ayarlanabilir. Bu \u00f6zellik gece lambas\u0131 olarak kullan\u0131ld\u0131\u011f\u0131nda g\u00f6z yormayan bir ayd\u0131nlatma sa\u011flar.Type C \u015farj giri\u015fi sayesinde h\u0131zl\u0131 ve pratik \u015fekilde \u015farj edilir. Uzun pil \u00f6mr\u00fc sunan dahili batarya sistemi ile tek \u015farjda uzun s\u00fcre kullan\u0131m imkan\u0131 sa\u011flar. IP20 koruma s\u0131n\u0131f\u0131 ile i\u00e7 mekan kullan\u0131m\u0131na uygundur. LED ayd\u0131nlatma teknolojisi sayesinde d\u00fc\u015f\u00fck enerji t\u00fcketimi ile y\u00fcksek verimlilik sunar.Minimal ve modern tasar\u0131m\u0131 sayesinde hem ev hem ofis hem de ticari mekanlarda dekoratif bir ayd\u0131nlatma \u00fcr\u00fcn\u00fc olarak tercih edilebilir.<\/p>\n","protected":false},"excerpt":{"rendered":"<p>\u015earjl\u0131 dokunmatik LED masa lambas\u0131, modern tasar\u0131m\u0131 ve fonksiyonel \u00f6zellikleri ile hem dekoratif hem de pratik bir ayd\u0131nlatma \u00e7\u00f6z\u00fcm\u00fc sunar. Alt\u0131n tonlu metal g\u00f6vdesi ve minimal silindirik ba\u015fl\u0131k tasar\u0131m\u0131 sayesinde ya\u015fam alanlar\u0131n\u0131za \u015f\u0131k bir dokunu\u015f katar. Kompakt yap\u0131s\u0131 sayesinde komodin, \u00e7al\u0131\u015fma masas\u0131, konsol, sehpa ve restoran masalar\u0131nda rahatl\u0131kla kullan\u0131labilir. Kablosuz kullan\u0131m avantaj\u0131 sayesinde priz ba\u011f\u0131ml\u0131l\u0131\u011f\u0131&#8230;<\/p>\n","protected":false},"featured_media":127817,"comment_status":"open","ping_status":"closed","template":"","meta":{"_kad_post_transparent":"","_kad_post_title":"","_kad_post_layout":"","_kad_post_sidebar_id":"","_kad_post_content_style":"","_kad_post_vertical_padding":"","_kad_post_feature":"","_kad_post_feature_position":"","_kad_post_header":false,"_kad_post_footer":false,"_kad_post_classname":""},"product_brand":[],"product_cat":[14967],"product_tag":[],"class_list":{"0":"post-127818","1":"product","2":"type-product","3":"status-publish","4":"has-post-thumbnail","6":"product_cat-gece-lambasi-gece-lambasi","8":"first","9":"instock","10":"purchasable","11":"product-type-simple","12":"entry","13":"content-bg","14":"loop-entry"},"_links":{"self":[{"href":"https:\/\/www.hediyepazar.com\/index.php?rest_route=\/wp\/v2\/product\/127818","targetHints":{"allow":["GET"]}}],"collection":[{"href":"https:\/\/www.hediyepazar.com\/index.php?rest_route=\/wp\/v2\/product"}],"about":[{"href":"https:\/\/www.hediyepazar.com\/index.php?rest_route=\/wp\/v2\/types\/product"}],"replies":[{"embeddable":true,"href":"https:\/\/www.hediyepazar.com\/index.php?rest_route=%2Fwp%2Fv2%2Fcomments&post=127818"}],"wp:featuredmedia":[{"embeddable":true,"href":"https:\/\/www.hediyepazar.com\/index.php?rest_route=\/wp\/v2\/media\/127817"}],"wp:attachment":[{"href":"https:\/\/www.hediyepazar.com\/index.php?rest_route=%2Fwp%2Fv2%2Fmedia&parent=127818"}],"wp:term":[{"taxonomy":"product_brand","embeddable":true,"href":"https:\/\/www.hediyepazar.com\/index.php?rest_route=%2Fwp%2Fv2%2Fproduct_brand&post=127818"},{"taxonomy":"product_cat","embeddable":true,"href":"https:\/\/www.hediyepazar.com\/index.php?rest_route=%2Fwp%2Fv2%2Fproduct_cat&post=127818"},{"taxonomy":"product_tag","embeddable":true,"href":"https:\/\/www.hediyepazar.com\/index.php?rest_route=%2Fwp%2Fv2%2Fproduct_tag&post=127818"}],"curies":[{"name":"wp","href":"https:\/\/api.w.org\/{rel}","templated":true}]}}