{"id":127822,"date":"2026-05-06T23:50:03","date_gmt":"2026-05-07T02:50:03","guid":{"rendered":"https:\/\/www.hediyepazar.com\/?product=ipx6-su-gecirmez-gurultu-engelleyici-kask-kulaklik"},"modified":"2026-05-06T23:50:03","modified_gmt":"2026-05-07T02:50:03","slug":"ipx6-su-gecirmez-gurultu-engelleyici-kask-kulaklik","status":"publish","type":"product","link":"https:\/\/www.hediyepazar.com\/?product=ipx6-su-gecirmez-gurultu-engelleyici-kask-kulaklik","title":{"rendered":"IPX6 Su Ge\u00e7irmez G\u00fcr\u00fclt\u00fc Engelleyici Kask Kulakl\u0131k"},"content":{"rendered":"<p>IPX6 su ge\u00e7irmez kask i\u00e7i bluetooth intercom, dayan\u0131kl\u0131 ABS g\u00f6vde yap\u0131s\u0131 ile zorlu s\u00fcr\u00fc\u015f ko\u015fullar\u0131na uyum sa\u011flar. Ya\u011fmur ve g\u00fcne\u015f alt\u0131nda g\u00fcvenli kullan\u0131m sunar.BT5.3 ba\u011flant\u0131 teknolojisi sayesinde daha stabil sinyal ve d\u00fc\u015f\u00fck enerji t\u00fcketimi sa\u011flar. \u00c7ift telefon ba\u011flant\u0131 deste\u011fi ile hem ki\u015fisel hem i\u015f hatt\u0131 ayn\u0131 anda ba\u011flanabilir.25 saat \u00e7al\u0131\u015fma s\u00fcresi uzun yolculuklar i\u00e7in idealdir. G\u00fc\u00e7l\u00fc bas performans\u0131 ile m\u00fczik deneyimi art\u0131r\u0131l\u0131r.<\/p>\n","protected":false},"excerpt":{"rendered":"<p>IPX6 su ge\u00e7irmez kask i\u00e7i bluetooth intercom, dayan\u0131kl\u0131 ABS g\u00f6vde yap\u0131s\u0131 ile zorlu s\u00fcr\u00fc\u015f ko\u015fullar\u0131na uyum sa\u011flar. Ya\u011fmur ve g\u00fcne\u015f alt\u0131nda g\u00fcvenli kullan\u0131m sunar.BT5.3 ba\u011flant\u0131 teknolojisi sayesinde daha stabil sinyal ve d\u00fc\u015f\u00fck enerji t\u00fcketimi sa\u011flar. \u00c7ift telefon ba\u011flant\u0131 deste\u011fi ile hem ki\u015fisel hem i\u015f hatt\u0131 ayn\u0131 anda ba\u011flanabilir.25 saat \u00e7al\u0131\u015fma s\u00fcresi uzun yolculuklar i\u00e7in idealdir&#8230;.<\/p>\n","protected":false},"featured_media":127821,"comment_status":"open","ping_status":"closed","template":"","meta":{"_kad_post_transparent":"","_kad_post_title":"","_kad_post_layout":"","_kad_post_sidebar_id":"","_kad_post_content_style":"","_kad_post_vertical_padding":"","_kad_post_feature":"","_kad_post_feature_position":"","_kad_post_header":false,"_kad_post_footer":false,"_kad_post_classname":""},"product_brand":[],"product_cat":[15010],"product_tag":[],"class_list":{"0":"post-127822","1":"product","2":"type-product","3":"status-publish","4":"has-post-thumbnail","6":"product_cat-intercom-intercom","8":"first","9":"instock","10":"purchasable","11":"product-type-simple","12":"entry","13":"content-bg","14":"loop-entry"},"_links":{"self":[{"href":"https:\/\/www.hediyepazar.com\/index.php?rest_route=\/wp\/v2\/product\/127822","targetHints":{"allow":["GET"]}}],"collection":[{"href":"https:\/\/www.hediyepazar.com\/index.php?rest_route=\/wp\/v2\/product"}],"about":[{"href":"https:\/\/www.hediyepazar.com\/index.php?rest_route=\/wp\/v2\/types\/product"}],"replies":[{"embeddable":true,"href":"https:\/\/www.hediyepazar.com\/index.php?rest_route=%2Fwp%2Fv2%2Fcomments&post=127822"}],"wp:featuredmedia":[{"embeddable":true,"href":"https:\/\/www.hediyepazar.com\/index.php?rest_route=\/wp\/v2\/media\/127821"}],"wp:attachment":[{"href":"https:\/\/www.hediyepazar.com\/index.php?rest_route=%2Fwp%2Fv2%2Fmedia&parent=127822"}],"wp:term":[{"taxonomy":"product_brand","embeddable":true,"href":"https:\/\/www.hediyepazar.com\/index.php?rest_route=%2Fwp%2Fv2%2Fproduct_brand&post=127822"},{"taxonomy":"product_cat","embeddable":true,"href":"https:\/\/www.hediyepazar.com\/index.php?rest_route=%2Fwp%2Fv2%2Fproduct_cat&post=127822"},{"taxonomy":"product_tag","embeddable":true,"href":"https:\/\/www.hediyepazar.com\/index.php?rest_route=%2Fwp%2Fv2%2Fproduct_tag&post=127822"}],"curies":[{"name":"wp","href":"https:\/\/api.w.org\/{rel}","templated":true}]}}