{"id":127824,"date":"2026-05-06T23:50:09","date_gmt":"2026-05-07T02:50:09","guid":{"rendered":"https:\/\/www.hediyepazar.com\/?product=bt5-3-cipli-kask-ici-bluetooth-kulaklik-25-saat-pil"},"modified":"2026-05-06T23:50:09","modified_gmt":"2026-05-07T02:50:09","slug":"bt5-3-cipli-kask-ici-bluetooth-kulaklik-25-saat-pil","status":"publish","type":"product","link":"https:\/\/www.hediyepazar.com\/?product=bt5-3-cipli-kask-ici-bluetooth-kulaklik-25-saat-pil","title":{"rendered":"BT5.3 \u00c7ipli Kask \u0130\u00e7i Bluetooth Kulakl\u0131k 25 Saat Pil"},"content":{"rendered":"<p>BT5.3 \u00e7ipli motosiklet kask bluetooth kulakl\u0131k, geli\u015fmi\u015f ba\u011flant\u0131 kararl\u0131l\u0131\u011f\u0131 ve \u00fcst\u00fcn ses kalitesi sunar. D\u00fc\u015f\u00fck gecikme \u00f6zelli\u011fi sayesinde m\u00fczik ve konu\u015fmalar senkronize \u015fekilde iletilir.\u00c7ift ak\u0131ll\u0131 telefon ba\u011flant\u0131 deste\u011fi ile iki cihaz aras\u0131nda ge\u00e7i\u015f yap\u0131labilir. Sesli asistan tek tu\u015fla aktif edilir. CVC DSP teknolojili mikrofon sistemi g\u00fcr\u00fclt\u00fcy\u00fc azaltarak net ileti\u015fim sa\u011flar.IPX6 koruma derecesi, ya\u011fmur ve zorlu hava ko\u015fullar\u0131na kar\u015f\u0131 dayan\u0131kl\u0131l\u0131k sunar. 1000mAh batarya kapasitesi ile uzun s\u00fcreli kullan\u0131m sa\u011flar.<\/p>\n","protected":false},"excerpt":{"rendered":"<p>BT5.3 \u00e7ipli motosiklet kask bluetooth kulakl\u0131k, geli\u015fmi\u015f ba\u011flant\u0131 kararl\u0131l\u0131\u011f\u0131 ve \u00fcst\u00fcn ses kalitesi sunar. D\u00fc\u015f\u00fck gecikme \u00f6zelli\u011fi sayesinde m\u00fczik ve konu\u015fmalar senkronize \u015fekilde iletilir.\u00c7ift ak\u0131ll\u0131 telefon ba\u011flant\u0131 deste\u011fi ile iki cihaz aras\u0131nda ge\u00e7i\u015f yap\u0131labilir. Sesli asistan tek tu\u015fla aktif edilir. CVC DSP teknolojili mikrofon sistemi g\u00fcr\u00fclt\u00fcy\u00fc azaltarak net ileti\u015fim sa\u011flar.IPX6 koruma derecesi, ya\u011fmur ve zorlu&#8230;<\/p>\n","protected":false},"featured_media":127823,"comment_status":"open","ping_status":"closed","template":"","meta":{"_kad_post_transparent":"","_kad_post_title":"","_kad_post_layout":"","_kad_post_sidebar_id":"","_kad_post_content_style":"","_kad_post_vertical_padding":"","_kad_post_feature":"","_kad_post_feature_position":"","_kad_post_header":false,"_kad_post_footer":false,"_kad_post_classname":""},"product_brand":[],"product_cat":[15010],"product_tag":[],"class_list":{"0":"post-127824","1":"product","2":"type-product","3":"status-publish","4":"has-post-thumbnail","6":"product_cat-intercom-intercom","8":"first","9":"instock","10":"purchasable","11":"product-type-simple","12":"entry","13":"content-bg","14":"loop-entry"},"_links":{"self":[{"href":"https:\/\/www.hediyepazar.com\/index.php?rest_route=\/wp\/v2\/product\/127824","targetHints":{"allow":["GET"]}}],"collection":[{"href":"https:\/\/www.hediyepazar.com\/index.php?rest_route=\/wp\/v2\/product"}],"about":[{"href":"https:\/\/www.hediyepazar.com\/index.php?rest_route=\/wp\/v2\/types\/product"}],"replies":[{"embeddable":true,"href":"https:\/\/www.hediyepazar.com\/index.php?rest_route=%2Fwp%2Fv2%2Fcomments&post=127824"}],"wp:featuredmedia":[{"embeddable":true,"href":"https:\/\/www.hediyepazar.com\/index.php?rest_route=\/wp\/v2\/media\/127823"}],"wp:attachment":[{"href":"https:\/\/www.hediyepazar.com\/index.php?rest_route=%2Fwp%2Fv2%2Fmedia&parent=127824"}],"wp:term":[{"taxonomy":"product_brand","embeddable":true,"href":"https:\/\/www.hediyepazar.com\/index.php?rest_route=%2Fwp%2Fv2%2Fproduct_brand&post=127824"},{"taxonomy":"product_cat","embeddable":true,"href":"https:\/\/www.hediyepazar.com\/index.php?rest_route=%2Fwp%2Fv2%2Fproduct_cat&post=127824"},{"taxonomy":"product_tag","embeddable":true,"href":"https:\/\/www.hediyepazar.com\/index.php?rest_route=%2Fwp%2Fv2%2Fproduct_tag&post=127824"}],"curies":[{"name":"wp","href":"https:\/\/api.w.org\/{rel}","templated":true}]}}