{"id":127826,"date":"2026-05-06T23:50:16","date_gmt":"2026-05-07T02:50:16","guid":{"rendered":"https:\/\/www.hediyepazar.com\/?product=cift-telefon-destekli-motosiklet-kask-bluetooth-kulaklik"},"modified":"2026-05-06T23:50:16","modified_gmt":"2026-05-07T02:50:16","slug":"cift-telefon-destekli-motosiklet-kask-bluetooth-kulaklik","status":"publish","type":"product","link":"https:\/\/www.hediyepazar.com\/?product=cift-telefon-destekli-motosiklet-kask-bluetooth-kulaklik","title":{"rendered":"\u00c7ift Telefon Destekli Motosiklet Kask Bluetooth Kulakl\u0131k"},"content":{"rendered":"<p>\u00c7ift telefon destekli bluetooth kask kulakl\u0131k, motosiklet s\u00fcr\u00fc\u015flerinde maksimum konfor ve ileti\u015fim g\u00fcvenli\u011fi sa\u011flar. BT5.3 ba\u011flant\u0131 teknolojisi sayesinde d\u00fc\u015f\u00fck gecikmeli ve stabil ba\u011flant\u0131 performans\u0131 sunar. \u00d6zellikle navigasyon ve m\u00fczik kullan\u0131mlar\u0131nda gecikmesiz ses aktar\u0131m\u0131 sa\u011flar.G\u00fcr\u00fclt\u00fc azaltma \u00f6zelli\u011fi CVC DSP destekli mikrofon sistemi ile sa\u011flan\u0131r. R\u00fczgar ve motor sesi filtrelenerek kar\u015f\u0131 tarafa daha temiz bir ses iletilir. Bu \u00f6zellik y\u00fcksek h\u0131zlarda s\u00fcr\u00fc\u015f yapan kullan\u0131c\u0131lar i\u00e7in b\u00fcy\u00fck avantaj sa\u011flar.25 saate kadar aktif kullan\u0131m sunan 1000mAh batarya kapasitesi, g\u00fcn boyu s\u00fcr\u00fc\u015flerde kesintisiz performans sa\u011flar. IPX6 su ge\u00e7irmezlik \u00f6zelli\u011fi ile ya\u011fmur alt\u0131nda g\u00fcvenle kullan\u0131labilir.Y\u00fcksek kaliteli hoparl\u00f6rleri sayesinde g\u00fc\u00e7l\u00fc bas performans\u0131 sunar. M\u00fczik deneyimi daha zengin ve etkileyici hale gelir.<\/p>\n","protected":false},"excerpt":{"rendered":"<p>\u00c7ift telefon destekli bluetooth kask kulakl\u0131k, motosiklet s\u00fcr\u00fc\u015flerinde maksimum konfor ve ileti\u015fim g\u00fcvenli\u011fi sa\u011flar. BT5.3 ba\u011flant\u0131 teknolojisi sayesinde d\u00fc\u015f\u00fck gecikmeli ve stabil ba\u011flant\u0131 performans\u0131 sunar. \u00d6zellikle navigasyon ve m\u00fczik kullan\u0131mlar\u0131nda gecikmesiz ses aktar\u0131m\u0131 sa\u011flar.G\u00fcr\u00fclt\u00fc azaltma \u00f6zelli\u011fi CVC DSP destekli mikrofon sistemi ile sa\u011flan\u0131r. R\u00fczgar ve motor sesi filtrelenerek kar\u015f\u0131 tarafa daha temiz bir ses iletilir&#8230;.<\/p>\n","protected":false},"featured_media":127825,"comment_status":"open","ping_status":"closed","template":"","meta":{"_kad_post_transparent":"","_kad_post_title":"","_kad_post_layout":"","_kad_post_sidebar_id":"","_kad_post_content_style":"","_kad_post_vertical_padding":"","_kad_post_feature":"","_kad_post_feature_position":"","_kad_post_header":false,"_kad_post_footer":false,"_kad_post_classname":""},"product_brand":[],"product_cat":[15010],"product_tag":[],"class_list":{"0":"post-127826","1":"product","2":"type-product","3":"status-publish","4":"has-post-thumbnail","6":"product_cat-intercom-intercom","8":"first","9":"instock","10":"purchasable","11":"product-type-simple","12":"entry","13":"content-bg","14":"loop-entry"},"_links":{"self":[{"href":"https:\/\/www.hediyepazar.com\/index.php?rest_route=\/wp\/v2\/product\/127826","targetHints":{"allow":["GET"]}}],"collection":[{"href":"https:\/\/www.hediyepazar.com\/index.php?rest_route=\/wp\/v2\/product"}],"about":[{"href":"https:\/\/www.hediyepazar.com\/index.php?rest_route=\/wp\/v2\/types\/product"}],"replies":[{"embeddable":true,"href":"https:\/\/www.hediyepazar.com\/index.php?rest_route=%2Fwp%2Fv2%2Fcomments&post=127826"}],"wp:featuredmedia":[{"embeddable":true,"href":"https:\/\/www.hediyepazar.com\/index.php?rest_route=\/wp\/v2\/media\/127825"}],"wp:attachment":[{"href":"https:\/\/www.hediyepazar.com\/index.php?rest_route=%2Fwp%2Fv2%2Fmedia&parent=127826"}],"wp:term":[{"taxonomy":"product_brand","embeddable":true,"href":"https:\/\/www.hediyepazar.com\/index.php?rest_route=%2Fwp%2Fv2%2Fproduct_brand&post=127826"},{"taxonomy":"product_cat","embeddable":true,"href":"https:\/\/www.hediyepazar.com\/index.php?rest_route=%2Fwp%2Fv2%2Fproduct_cat&post=127826"},{"taxonomy":"product_tag","embeddable":true,"href":"https:\/\/www.hediyepazar.com\/index.php?rest_route=%2Fwp%2Fv2%2Fproduct_tag&post=127826"}],"curies":[{"name":"wp","href":"https:\/\/api.w.org\/{rel}","templated":true}]}}