{"id":127828,"date":"2026-05-06T23:50:22","date_gmt":"2026-05-07T02:50:22","guid":{"rendered":"https:\/\/www.hediyepazar.com\/?product=kablosuz-bluetooth-motosiklet-kask-intercom-ipx6-su-gecirmez"},"modified":"2026-05-06T23:50:22","modified_gmt":"2026-05-07T02:50:22","slug":"kablosuz-bluetooth-motosiklet-kask-intercom-ipx6-su-gecirmez","status":"publish","type":"product","link":"https:\/\/www.hediyepazar.com\/?product=kablosuz-bluetooth-motosiklet-kask-intercom-ipx6-su-gecirmez","title":{"rendered":"Kablosuz Bluetooth Motosiklet Kask \u0130ntercom IPX6 Su Ge\u00e7irmez"},"content":{"rendered":"<p>Kablosuz bluetooth motosiklet kask intercom, s\u00fcr\u00fc\u015f s\u0131ras\u0131nda hem ileti\u015fimi hem de m\u00fczik deneyimini \u00fcst seviyeye ta\u015f\u0131mak isteyen kullan\u0131c\u0131lar i\u00e7in geli\u015ftirilmi\u015f profesyonel bir \u00e7\u00f6z\u00fcmd\u00fcr. Geli\u015fmi\u015f BT5.3 \u00e7ipi sayesinde daha stabil ba\u011flant\u0131, d\u00fc\u015f\u00fck gecikme s\u00fcresi ve daha temiz ses iletimi sa\u011flar. S\u00fcr\u00fc\u015f esnas\u0131nda ba\u011flant\u0131 kopmalar\u0131 minimum seviyeye indirilirken, g\u00fc\u00e7l\u00fc sinyal performans\u0131 ile kesintisiz ileti\u015fim imkan\u0131 sunar.\u00c7ift fonksiyonlu g\u00fcr\u00fclt\u00fc azaltma sistemi, CVC ve DSP teknolojisi ile desteklenen silikon mikrofon yap\u0131s\u0131 sayesinde r\u00fczgar ve yol g\u00fcr\u00fclt\u00fcs\u00fcn\u00fc etkili bi\u00e7imde filtreler. Bu sayede y\u00fcksek h\u0131zlarda bile kristal netli\u011finde telefon g\u00f6r\u00fc\u015fmesi yap\u0131labilir. Eller serbest g\u00f6r\u00fc\u015fme \u00f6zelli\u011fi sayesinde s\u00fcr\u00fc\u015f g\u00fcvenli\u011fi korunur.\u00c7ift ak\u0131ll\u0131 telefon ba\u011flant\u0131 deste\u011fi sayesinde iki cihaz ayn\u0131 anda ba\u011flanabilir. M\u00fczik \u00e7alma, navigasyon talimatlar\u0131n\u0131 dinleme ve \u00e7a\u011fr\u0131 yan\u0131tlama aras\u0131nda h\u0131zl\u0131 ge\u00e7i\u015f yap\u0131labilir. Tek tu\u015fla sesli asistan aktivasyonu desteklenir.Dahili 1000mAh y\u00fcksek kapasiteli batarya, tam \u015farjla yakla\u015f\u0131k 25 saat kesintisiz kullan\u0131m sunar. Uzun yolculuklar i\u00e7in idealdir. IPX6 su ge\u00e7irmezlik derecesi sayesinde ya\u011fmur ve zorlu hava ko\u015fullar\u0131na kar\u015f\u0131 dayan\u0131kl\u0131d\u0131r. ABS g\u00f6vde yap\u0131s\u0131 ve silikon kaplama ile dayan\u0131kl\u0131 bir kullan\u0131m sunar.<\/p>\n","protected":false},"excerpt":{"rendered":"<p>Kablosuz bluetooth motosiklet kask intercom, s\u00fcr\u00fc\u015f s\u0131ras\u0131nda hem ileti\u015fimi hem de m\u00fczik deneyimini \u00fcst seviyeye ta\u015f\u0131mak isteyen kullan\u0131c\u0131lar i\u00e7in geli\u015ftirilmi\u015f profesyonel bir \u00e7\u00f6z\u00fcmd\u00fcr. Geli\u015fmi\u015f BT5.3 \u00e7ipi sayesinde daha stabil ba\u011flant\u0131, d\u00fc\u015f\u00fck gecikme s\u00fcresi ve daha temiz ses iletimi sa\u011flar. S\u00fcr\u00fc\u015f esnas\u0131nda ba\u011flant\u0131 kopmalar\u0131 minimum seviyeye indirilirken, g\u00fc\u00e7l\u00fc sinyal performans\u0131 ile kesintisiz ileti\u015fim imkan\u0131 sunar.\u00c7ift fonksiyonlu&#8230;<\/p>\n","protected":false},"featured_media":127827,"comment_status":"open","ping_status":"closed","template":"","meta":{"_kad_post_transparent":"","_kad_post_title":"","_kad_post_layout":"","_kad_post_sidebar_id":"","_kad_post_content_style":"","_kad_post_vertical_padding":"","_kad_post_feature":"","_kad_post_feature_position":"","_kad_post_header":false,"_kad_post_footer":false,"_kad_post_classname":""},"product_brand":[],"product_cat":[15010],"product_tag":[],"class_list":{"0":"post-127828","1":"product","2":"type-product","3":"status-publish","4":"has-post-thumbnail","6":"product_cat-intercom-intercom","8":"first","9":"instock","10":"purchasable","11":"product-type-simple","12":"entry","13":"content-bg","14":"loop-entry"},"_links":{"self":[{"href":"https:\/\/www.hediyepazar.com\/index.php?rest_route=\/wp\/v2\/product\/127828","targetHints":{"allow":["GET"]}}],"collection":[{"href":"https:\/\/www.hediyepazar.com\/index.php?rest_route=\/wp\/v2\/product"}],"about":[{"href":"https:\/\/www.hediyepazar.com\/index.php?rest_route=\/wp\/v2\/types\/product"}],"replies":[{"embeddable":true,"href":"https:\/\/www.hediyepazar.com\/index.php?rest_route=%2Fwp%2Fv2%2Fcomments&post=127828"}],"wp:featuredmedia":[{"embeddable":true,"href":"https:\/\/www.hediyepazar.com\/index.php?rest_route=\/wp\/v2\/media\/127827"}],"wp:attachment":[{"href":"https:\/\/www.hediyepazar.com\/index.php?rest_route=%2Fwp%2Fv2%2Fmedia&parent=127828"}],"wp:term":[{"taxonomy":"product_brand","embeddable":true,"href":"https:\/\/www.hediyepazar.com\/index.php?rest_route=%2Fwp%2Fv2%2Fproduct_brand&post=127828"},{"taxonomy":"product_cat","embeddable":true,"href":"https:\/\/www.hediyepazar.com\/index.php?rest_route=%2Fwp%2Fv2%2Fproduct_cat&post=127828"},{"taxonomy":"product_tag","embeddable":true,"href":"https:\/\/www.hediyepazar.com\/index.php?rest_route=%2Fwp%2Fv2%2Fproduct_tag&post=127828"}],"curies":[{"name":"wp","href":"https:\/\/api.w.org\/{rel}","templated":true}]}}