{"id":127830,"date":"2026-05-06T23:51:34","date_gmt":"2026-05-07T02:51:34","guid":{"rendered":"https:\/\/www.hediyepazar.com\/?product=15-20-saat-muzik-sureli-kask-ici-bluetooth-kulaklik"},"modified":"2026-05-06T23:51:34","modified_gmt":"2026-05-07T02:51:34","slug":"15-20-saat-muzik-sureli-kask-ici-bluetooth-kulaklik","status":"publish","type":"product","link":"https:\/\/www.hediyepazar.com\/?product=15-20-saat-muzik-sureli-kask-ici-bluetooth-kulaklik","title":{"rendered":"15 20 Saat M\u00fczik S\u00fcreli Kask \u0130\u00e7i Bluetooth Kulakl\u0131k"},"content":{"rendered":"<p>Li ion bataryal\u0131 motosiklet kask bluetooth kulakl\u0131k, s\u00fcr\u00fc\u015f s\u0131ras\u0131nda m\u00fczik ve ileti\u015fim konforu sa\u011flar. Hands free fonksiyon ile g\u00fcvenli s\u00fcr\u00fc\u015f desteklenir. Kolay eri\u015filebilir tu\u015flar ile kontrol sa\u011flan\u0131r.Uzun pil \u00f6mr\u00fc sayesinde g\u00fcn boyu kullan\u0131m m\u00fcmk\u00fcnd\u00fcr. Bluetooth teknolojisi ile geni\u015f cihaz uyumlulu\u011fu sunar.<\/p>\n","protected":false},"excerpt":{"rendered":"<p>Li ion bataryal\u0131 motosiklet kask bluetooth kulakl\u0131k, s\u00fcr\u00fc\u015f s\u0131ras\u0131nda m\u00fczik ve ileti\u015fim konforu sa\u011flar. Hands free fonksiyon ile g\u00fcvenli s\u00fcr\u00fc\u015f desteklenir. Kolay eri\u015filebilir tu\u015flar ile kontrol sa\u011flan\u0131r.Uzun pil \u00f6mr\u00fc sayesinde g\u00fcn boyu kullan\u0131m m\u00fcmk\u00fcnd\u00fcr. Bluetooth teknolojisi ile geni\u015f cihaz uyumlulu\u011fu sunar.<\/p>\n","protected":false},"featured_media":127829,"comment_status":"open","ping_status":"closed","template":"","meta":{"_kad_post_transparent":"","_kad_post_title":"","_kad_post_layout":"","_kad_post_sidebar_id":"","_kad_post_content_style":"","_kad_post_vertical_padding":"","_kad_post_feature":"","_kad_post_feature_position":"","_kad_post_header":false,"_kad_post_footer":false,"_kad_post_classname":""},"product_brand":[],"product_cat":[15010],"product_tag":[],"class_list":{"0":"post-127830","1":"product","2":"type-product","3":"status-publish","4":"has-post-thumbnail","6":"product_cat-intercom-intercom","8":"first","9":"instock","10":"purchasable","11":"product-type-simple","12":"entry","13":"content-bg","14":"loop-entry"},"_links":{"self":[{"href":"https:\/\/www.hediyepazar.com\/index.php?rest_route=\/wp\/v2\/product\/127830","targetHints":{"allow":["GET"]}}],"collection":[{"href":"https:\/\/www.hediyepazar.com\/index.php?rest_route=\/wp\/v2\/product"}],"about":[{"href":"https:\/\/www.hediyepazar.com\/index.php?rest_route=\/wp\/v2\/types\/product"}],"replies":[{"embeddable":true,"href":"https:\/\/www.hediyepazar.com\/index.php?rest_route=%2Fwp%2Fv2%2Fcomments&post=127830"}],"wp:featuredmedia":[{"embeddable":true,"href":"https:\/\/www.hediyepazar.com\/index.php?rest_route=\/wp\/v2\/media\/127829"}],"wp:attachment":[{"href":"https:\/\/www.hediyepazar.com\/index.php?rest_route=%2Fwp%2Fv2%2Fmedia&parent=127830"}],"wp:term":[{"taxonomy":"product_brand","embeddable":true,"href":"https:\/\/www.hediyepazar.com\/index.php?rest_route=%2Fwp%2Fv2%2Fproduct_brand&post=127830"},{"taxonomy":"product_cat","embeddable":true,"href":"https:\/\/www.hediyepazar.com\/index.php?rest_route=%2Fwp%2Fv2%2Fproduct_cat&post=127830"},{"taxonomy":"product_tag","embeddable":true,"href":"https:\/\/www.hediyepazar.com\/index.php?rest_route=%2Fwp%2Fv2%2Fproduct_tag&post=127830"}],"curies":[{"name":"wp","href":"https:\/\/api.w.org\/{rel}","templated":true}]}}