{"id":127832,"date":"2026-05-06T23:51:40","date_gmt":"2026-05-07T02:51:40","guid":{"rendered":"https:\/\/www.hediyepazar.com\/?product=evrensel-kask-uyumlu-bluetooth-intercom-kulaklik"},"modified":"2026-05-06T23:51:40","modified_gmt":"2026-05-07T02:51:40","slug":"evrensel-kask-uyumlu-bluetooth-intercom-kulaklik","status":"publish","type":"product","link":"https:\/\/www.hediyepazar.com\/?product=evrensel-kask-uyumlu-bluetooth-intercom-kulaklik","title":{"rendered":"Evrensel Kask Uyumlu Bluetooth Intercom Kulakl\u0131k"},"content":{"rendered":"<p>Evrensel kask uyumlu bluetooth intercom kulakl\u0131k, s\u00fcr\u00fc\u015f s\u0131ras\u0131nda ileti\u015fimi kolayla\u015ft\u0131ran pratik bir \u00e7\u00f6z\u00fcmd\u00fcr. Kablosuz ba\u011flant\u0131 sayesinde telefon g\u00f6r\u00fc\u015fmeleri g\u00fcvenli \u015fekilde yap\u0131labilir. Dahili mikrofon sistemi net ses iletimi sa\u011flar.1000mAh Li ion batarya uzun kullan\u0131m s\u00fcresi sunar. 4 saate kadar \u015farj s\u00fcresi ile h\u0131zl\u0131 enerji dolumu sa\u011flar. 10 ila 15 metre ba\u011flant\u0131 menzili ile kesintisiz kullan\u0131m sunar.Off road, flip up, half face ve full face kask tiplerine uyumludur.<\/p>\n","protected":false},"excerpt":{"rendered":"<p>Evrensel kask uyumlu bluetooth intercom kulakl\u0131k, s\u00fcr\u00fc\u015f s\u0131ras\u0131nda ileti\u015fimi kolayla\u015ft\u0131ran pratik bir \u00e7\u00f6z\u00fcmd\u00fcr. Kablosuz ba\u011flant\u0131 sayesinde telefon g\u00f6r\u00fc\u015fmeleri g\u00fcvenli \u015fekilde yap\u0131labilir. Dahili mikrofon sistemi net ses iletimi sa\u011flar.1000mAh Li ion batarya uzun kullan\u0131m s\u00fcresi sunar. 4 saate kadar \u015farj s\u00fcresi ile h\u0131zl\u0131 enerji dolumu sa\u011flar. 10 ila 15 metre ba\u011flant\u0131 menzili ile kesintisiz kullan\u0131m sunar.Off&#8230;<\/p>\n","protected":false},"featured_media":127831,"comment_status":"open","ping_status":"closed","template":"","meta":{"_kad_post_transparent":"","_kad_post_title":"","_kad_post_layout":"","_kad_post_sidebar_id":"","_kad_post_content_style":"","_kad_post_vertical_padding":"","_kad_post_feature":"","_kad_post_feature_position":"","_kad_post_header":false,"_kad_post_footer":false,"_kad_post_classname":""},"product_brand":[],"product_cat":[15010],"product_tag":[],"class_list":{"0":"post-127832","1":"product","2":"type-product","3":"status-publish","4":"has-post-thumbnail","6":"product_cat-intercom-intercom","8":"first","9":"instock","10":"purchasable","11":"product-type-simple","12":"entry","13":"content-bg","14":"loop-entry"},"_links":{"self":[{"href":"https:\/\/www.hediyepazar.com\/index.php?rest_route=\/wp\/v2\/product\/127832","targetHints":{"allow":["GET"]}}],"collection":[{"href":"https:\/\/www.hediyepazar.com\/index.php?rest_route=\/wp\/v2\/product"}],"about":[{"href":"https:\/\/www.hediyepazar.com\/index.php?rest_route=\/wp\/v2\/types\/product"}],"replies":[{"embeddable":true,"href":"https:\/\/www.hediyepazar.com\/index.php?rest_route=%2Fwp%2Fv2%2Fcomments&post=127832"}],"wp:featuredmedia":[{"embeddable":true,"href":"https:\/\/www.hediyepazar.com\/index.php?rest_route=\/wp\/v2\/media\/127831"}],"wp:attachment":[{"href":"https:\/\/www.hediyepazar.com\/index.php?rest_route=%2Fwp%2Fv2%2Fmedia&parent=127832"}],"wp:term":[{"taxonomy":"product_brand","embeddable":true,"href":"https:\/\/www.hediyepazar.com\/index.php?rest_route=%2Fwp%2Fv2%2Fproduct_brand&post=127832"},{"taxonomy":"product_cat","embeddable":true,"href":"https:\/\/www.hediyepazar.com\/index.php?rest_route=%2Fwp%2Fv2%2Fproduct_cat&post=127832"},{"taxonomy":"product_tag","embeddable":true,"href":"https:\/\/www.hediyepazar.com\/index.php?rest_route=%2Fwp%2Fv2%2Fproduct_tag&post=127832"}],"curies":[{"name":"wp","href":"https:\/\/api.w.org\/{rel}","templated":true}]}}