{"id":127846,"date":"2026-05-06T23:53:42","date_gmt":"2026-05-07T02:53:42","guid":{"rendered":"https:\/\/www.hediyepazar.com\/?product=4k-icerik-destekli-akilli-projeksiyon-wifi-bluetooth-android"},"modified":"2026-05-06T23:53:42","modified_gmt":"2026-05-07T02:53:42","slug":"4k-icerik-destekli-akilli-projeksiyon-wifi-bluetooth-android","status":"publish","type":"product","link":"https:\/\/www.hediyepazar.com\/?product=4k-icerik-destekli-akilli-projeksiyon-wifi-bluetooth-android","title":{"rendered":"4K \u0130\u00e7erik Destekli Ak\u0131ll\u0131 Projeksiyon WiFi Bluetooth Android"},"content":{"rendered":"<p>Ak\u0131ll\u0131 mini projeksiyon cihaz\u0131, 4K i\u00e7erik deste\u011fi ve 500 ANSI l\u00fcmen parlakl\u0131k seviyesi ile ev sinema deneyimini bir \u00fcst seviyeye ta\u015f\u0131r. Kompakt ve sevimli tasar\u0131m\u0131 sayesinde hem dekoratif hem i\u015flevsel bir \u00fcr\u00fcnd\u00fcr. Geyik fig\u00fcrl\u00fc g\u00f6vde tasar\u0131m\u0131 \u00f6zellikle \u00e7ocuk ve gen\u00e7 odalar\u0131nda dikkat \u00e7ekici bir atmosfer olu\u015fturur.D\u00f6ner ba\u015fl\u0131k mekanizmas\u0131 sayesinde projeksiyon a\u00e7\u0131s\u0131 kolayca ayarlanabilir. Tavana yans\u0131tma \u00f6zelli\u011fi \u00f6zellikle yatakta film izlemek isteyen kullan\u0131c\u0131lar i\u00e7in b\u00fcy\u00fck avantaj sa\u011flar. Entegre stand yap\u0131s\u0131 sayesinde ek tripod gerektirmez.Android i\u015fletim sistemi ile pop\u00fcler streaming uygulamalar\u0131na do\u011frudan eri\u015fim sa\u011flan\u0131r. WiFi ba\u011flant\u0131s\u0131 ile online i\u00e7erik izlenebilir. Bluetooth deste\u011fi ile kablosuz hoparl\u00f6r veya kulakl\u0131k ba\u011flant\u0131s\u0131 yap\u0131labilir. HDMI ve USB giri\u015fleri farkl\u0131 cihaz ba\u011flant\u0131s\u0131na imkan tan\u0131r.36W Dolby destekli hoparl\u00f6r sistemi g\u00fc\u00e7l\u00fc ve dengeli ses performans\u0131 sunar. Bu \u00f6zellik cihaz\u0131 hem projeksiyon hem ses sistemi olarak kullanma avantaj\u0131 sa\u011flar.<\/p>\n","protected":false},"excerpt":{"rendered":"<p>Ak\u0131ll\u0131 mini projeksiyon cihaz\u0131, 4K i\u00e7erik deste\u011fi ve 500 ANSI l\u00fcmen parlakl\u0131k seviyesi ile ev sinema deneyimini bir \u00fcst seviyeye ta\u015f\u0131r. Kompakt ve sevimli tasar\u0131m\u0131 sayesinde hem dekoratif hem i\u015flevsel bir \u00fcr\u00fcnd\u00fcr. Geyik fig\u00fcrl\u00fc g\u00f6vde tasar\u0131m\u0131 \u00f6zellikle \u00e7ocuk ve gen\u00e7 odalar\u0131nda dikkat \u00e7ekici bir atmosfer olu\u015fturur.D\u00f6ner ba\u015fl\u0131k mekanizmas\u0131 sayesinde projeksiyon a\u00e7\u0131s\u0131 kolayca ayarlanabilir. Tavana yans\u0131tma&#8230;<\/p>\n","protected":false},"featured_media":127845,"comment_status":"open","ping_status":"closed","template":"","meta":{"_kad_post_transparent":"","_kad_post_title":"","_kad_post_layout":"","_kad_post_sidebar_id":"","_kad_post_content_style":"","_kad_post_vertical_padding":"","_kad_post_feature":"","_kad_post_feature_position":"","_kad_post_header":false,"_kad_post_footer":false,"_kad_post_classname":""},"product_brand":[],"product_cat":[14905],"product_tag":[],"class_list":{"0":"post-127846","1":"product","2":"type-product","3":"status-publish","4":"has-post-thumbnail","6":"product_cat-projeksiyon-projeksiyon","8":"first","9":"instock","10":"purchasable","11":"product-type-simple","12":"entry","13":"content-bg","14":"loop-entry"},"_links":{"self":[{"href":"https:\/\/www.hediyepazar.com\/index.php?rest_route=\/wp\/v2\/product\/127846","targetHints":{"allow":["GET"]}}],"collection":[{"href":"https:\/\/www.hediyepazar.com\/index.php?rest_route=\/wp\/v2\/product"}],"about":[{"href":"https:\/\/www.hediyepazar.com\/index.php?rest_route=\/wp\/v2\/types\/product"}],"replies":[{"embeddable":true,"href":"https:\/\/www.hediyepazar.com\/index.php?rest_route=%2Fwp%2Fv2%2Fcomments&post=127846"}],"wp:featuredmedia":[{"embeddable":true,"href":"https:\/\/www.hediyepazar.com\/index.php?rest_route=\/wp\/v2\/media\/127845"}],"wp:attachment":[{"href":"https:\/\/www.hediyepazar.com\/index.php?rest_route=%2Fwp%2Fv2%2Fmedia&parent=127846"}],"wp:term":[{"taxonomy":"product_brand","embeddable":true,"href":"https:\/\/www.hediyepazar.com\/index.php?rest_route=%2Fwp%2Fv2%2Fproduct_brand&post=127846"},{"taxonomy":"product_cat","embeddable":true,"href":"https:\/\/www.hediyepazar.com\/index.php?rest_route=%2Fwp%2Fv2%2Fproduct_cat&post=127846"},{"taxonomy":"product_tag","embeddable":true,"href":"https:\/\/www.hediyepazar.com\/index.php?rest_route=%2Fwp%2Fv2%2Fproduct_tag&post=127846"}],"curies":[{"name":"wp","href":"https:\/\/api.w.org\/{rel}","templated":true}]}}