{"id":127852,"date":"2026-05-06T23:53:58","date_gmt":"2026-05-07T02:53:58","guid":{"rendered":"https:\/\/www.hediyepazar.com\/?product=android-sistemli-projeksiyon-kareoke-cihazi-180-doner-baslikli"},"modified":"2026-05-06T23:53:58","modified_gmt":"2026-05-07T02:53:58","slug":"android-sistemli-projeksiyon-kareoke-cihazi-180-doner-baslikli","status":"publish","type":"product","link":"https:\/\/www.hediyepazar.com\/?product=android-sistemli-projeksiyon-kareoke-cihazi-180-doner-baslikli","title":{"rendered":"Android Sistemli Projeksiyon Kareoke Cihaz\u0131 180\u00b0 D\u00f6ner Ba\u015fl\u0131kl\u0131"},"content":{"rendered":"<p>Siyah renkli fi\u015fli ak\u0131ll\u0131 projeksiyon cihaz\u0131, ev e\u011flencesini yaln\u0131zca film izleme deneyimi olmaktan \u00e7\u0131kararak tam kapsaml\u0131 bir karaoke ve multimedya sistemine d\u00f6n\u00fc\u015ft\u00fcr\u00fcr. 3\u2019\u00fc 1 arada tasar\u0131m\u0131 sayesinde projeksiyon, g\u00fc\u00e7l\u00fc Bluetooth hoparl\u00f6r ve kablosuz karaoke mikrofon \u00f6zelliklerini tek bir kompakt g\u00f6vdede birle\u015ftirir. \u00d6zellikle arkada\u015f bulu\u015fmalar\u0131, aile toplant\u0131lar\u0131 ve do\u011fum g\u00fcn\u00fc organizasyonlar\u0131 i\u00e7in ideal bir e\u011flence \u00e7\u00f6z\u00fcm\u00fcd\u00fcr.Karaoke \u00f6zelli\u011fi bu cihaz\u0131n en dikkat \u00e7ekici avantajlar\u0131ndan biridir. \u00c7ift kablosuz mikrofon deste\u011fi sayesinde iki ki\u015fi ayn\u0131 anda \u015fark\u0131 s\u00f6yleyebilir. Bu \u00f6zellik d\u00fcet performanslar, yar\u0131\u015fmalar veya e\u011flenceli sahne deneyimleri i\u00e7in b\u00fcy\u00fck avantaj sa\u011flar. Mikrofonlar net ses iletimi sunar ve g\u00fc\u00e7l\u00fc dahili hoparl\u00f6r sistemi ile uyumlu \u00e7al\u0131\u015farak yank\u0131s\u0131z, dengeli ve y\u00fcksek kaliteli ses performans\u0131 sa\u011flar. 360\u00b0 stereo ses da\u011f\u0131l\u0131m\u0131 sayesinde ortam\u0131n her k\u00f6\u015fesinde net m\u00fczik ve vokal duyulabilir.1080P \u00e7\u00f6z\u00fcn\u00fcrl\u00fckte projeksiyon \u00f6zelli\u011fi, karaoke deneyimini g\u00f6rsel olarak da destekler. \u015eark\u0131 s\u00f6zleri duvara veya perdeye net ve canl\u0131 \u015fekilde yans\u0131t\u0131l\u0131r. 180\u00b0 d\u00f6nebilen projeksiyon ba\u015fl\u0131\u011f\u0131 sayesinde ister duvara ister tavana yans\u0131tma yap\u0131labilir. Bu esneklik, farkl\u0131 mekanlarda kullan\u0131m kolayl\u0131\u011f\u0131 sa\u011flar.Fi\u015fli tasar\u0131m sayesinde kesintisiz enerji sunar. Uzun s\u00fcreli karaoke gecelerinde batarya sorunu ya\u015famazs\u0131n\u0131z. WiFi ve Bluetooth deste\u011fi ile telefon, tablet veya internet \u00fczerinden \u015fark\u0131 platformlar\u0131na kolayca ba\u011flanabilirsiniz. HDMI ve USB giri\u015fleri sayesinde harici cihaz ba\u011flant\u0131s\u0131 m\u00fcmk\u00fcnd\u00fcr.\u015e\u0131k siyah tasar\u0131m\u0131 modern ve premium bir g\u00f6r\u00fcn\u00fcm sunarken g\u00fc\u00e7l\u00fc performans\u0131 ile e\u011flenceyi profesyonel seviyeye ta\u015f\u0131r.<\/p>\n","protected":false},"excerpt":{"rendered":"<p>Siyah renkli fi\u015fli ak\u0131ll\u0131 projeksiyon cihaz\u0131, ev e\u011flencesini yaln\u0131zca film izleme deneyimi olmaktan \u00e7\u0131kararak tam kapsaml\u0131 bir karaoke ve multimedya sistemine d\u00f6n\u00fc\u015ft\u00fcr\u00fcr. 3\u2019\u00fc 1 arada tasar\u0131m\u0131 sayesinde projeksiyon, g\u00fc\u00e7l\u00fc Bluetooth hoparl\u00f6r ve kablosuz karaoke mikrofon \u00f6zelliklerini tek bir kompakt g\u00f6vdede birle\u015ftirir. \u00d6zellikle arkada\u015f bulu\u015fmalar\u0131, aile toplant\u0131lar\u0131 ve do\u011fum g\u00fcn\u00fc organizasyonlar\u0131 i\u00e7in ideal bir e\u011flence \u00e7\u00f6z\u00fcm\u00fcd\u00fcr.Karaoke&#8230;<\/p>\n","protected":false},"featured_media":127851,"comment_status":"open","ping_status":"closed","template":"","meta":{"_kad_post_transparent":"","_kad_post_title":"","_kad_post_layout":"","_kad_post_sidebar_id":"","_kad_post_content_style":"","_kad_post_vertical_padding":"","_kad_post_feature":"","_kad_post_feature_position":"","_kad_post_header":false,"_kad_post_footer":false,"_kad_post_classname":""},"product_brand":[],"product_cat":[14905],"product_tag":[],"class_list":{"0":"post-127852","1":"product","2":"type-product","3":"status-publish","4":"has-post-thumbnail","6":"product_cat-projeksiyon-projeksiyon","8":"first","9":"instock","10":"purchasable","11":"product-type-simple","12":"entry","13":"content-bg","14":"loop-entry"},"_links":{"self":[{"href":"https:\/\/www.hediyepazar.com\/index.php?rest_route=\/wp\/v2\/product\/127852","targetHints":{"allow":["GET"]}}],"collection":[{"href":"https:\/\/www.hediyepazar.com\/index.php?rest_route=\/wp\/v2\/product"}],"about":[{"href":"https:\/\/www.hediyepazar.com\/index.php?rest_route=\/wp\/v2\/types\/product"}],"replies":[{"embeddable":true,"href":"https:\/\/www.hediyepazar.com\/index.php?rest_route=%2Fwp%2Fv2%2Fcomments&post=127852"}],"wp:featuredmedia":[{"embeddable":true,"href":"https:\/\/www.hediyepazar.com\/index.php?rest_route=\/wp\/v2\/media\/127851"}],"wp:attachment":[{"href":"https:\/\/www.hediyepazar.com\/index.php?rest_route=%2Fwp%2Fv2%2Fmedia&parent=127852"}],"wp:term":[{"taxonomy":"product_brand","embeddable":true,"href":"https:\/\/www.hediyepazar.com\/index.php?rest_route=%2Fwp%2Fv2%2Fproduct_brand&post=127852"},{"taxonomy":"product_cat","embeddable":true,"href":"https:\/\/www.hediyepazar.com\/index.php?rest_route=%2Fwp%2Fv2%2Fproduct_cat&post=127852"},{"taxonomy":"product_tag","embeddable":true,"href":"https:\/\/www.hediyepazar.com\/index.php?rest_route=%2Fwp%2Fv2%2Fproduct_tag&post=127852"}],"curies":[{"name":"wp","href":"https:\/\/api.w.org\/{rel}","templated":true}]}}