{"id":127854,"date":"2026-05-06T23:54:06","date_gmt":"2026-05-07T02:54:06","guid":{"rendered":"https:\/\/www.hediyepazar.com\/?product=1080p-tasinabilir-projeksiyon-wifi-bluetooth-destekli"},"modified":"2026-05-06T23:54:06","modified_gmt":"2026-05-07T02:54:06","slug":"1080p-tasinabilir-projeksiyon-wifi-bluetooth-destekli","status":"publish","type":"product","link":"https:\/\/www.hediyepazar.com\/?product=1080p-tasinabilir-projeksiyon-wifi-bluetooth-destekli","title":{"rendered":"1080P Ta\u015f\u0131nabilir Projeksiyon WiFi Bluetooth Destekli"},"content":{"rendered":"<p>Fi\u015fli siyah projeksiyon cihaz\u0131, evde sinema deneyimini profesyonel seviyeye ta\u015f\u0131yan g\u00fc\u00e7l\u00fc bir multimedya cihaz\u0131d\u0131r. Y\u00fcksek \u00e7\u00f6z\u00fcn\u00fcrl\u00fck ve ak\u0131ll\u0131 sistem entegrasyonu ile geni\u015f kullan\u0131m alan\u0131 sunar.Android sistemi sayesinde uygulama y\u00fckleme ve internet \u00fczerinden i\u00e7erik izleme m\u00fcmk\u00fcnd\u00fcr. WiFi ba\u011flant\u0131s\u0131 kablosuz kullan\u0131m sa\u011flar. Bluetooth hoparl\u00f6r sistemi g\u00fc\u00e7l\u00fc ses performans\u0131 sunar.\u00c7ift mikrofon deste\u011fi ile karaoke e\u011flencesi ya\u015fanabilir.<\/p>\n","protected":false},"excerpt":{"rendered":"<p>Fi\u015fli siyah projeksiyon cihaz\u0131, evde sinema deneyimini profesyonel seviyeye ta\u015f\u0131yan g\u00fc\u00e7l\u00fc bir multimedya cihaz\u0131d\u0131r. Y\u00fcksek \u00e7\u00f6z\u00fcn\u00fcrl\u00fck ve ak\u0131ll\u0131 sistem entegrasyonu ile geni\u015f kullan\u0131m alan\u0131 sunar.Android sistemi sayesinde uygulama y\u00fckleme ve internet \u00fczerinden i\u00e7erik izleme m\u00fcmk\u00fcnd\u00fcr. WiFi ba\u011flant\u0131s\u0131 kablosuz kullan\u0131m sa\u011flar. Bluetooth hoparl\u00f6r sistemi g\u00fc\u00e7l\u00fc ses performans\u0131 sunar.\u00c7ift mikrofon deste\u011fi ile karaoke e\u011flencesi ya\u015fanabilir.<\/p>\n","protected":false},"featured_media":127853,"comment_status":"open","ping_status":"closed","template":"","meta":{"_kad_post_transparent":"","_kad_post_title":"","_kad_post_layout":"","_kad_post_sidebar_id":"","_kad_post_content_style":"","_kad_post_vertical_padding":"","_kad_post_feature":"","_kad_post_feature_position":"","_kad_post_header":false,"_kad_post_footer":false,"_kad_post_classname":""},"product_brand":[],"product_cat":[14905],"product_tag":[],"class_list":{"0":"post-127854","1":"product","2":"type-product","3":"status-publish","4":"has-post-thumbnail","6":"product_cat-projeksiyon-projeksiyon","8":"first","9":"instock","10":"purchasable","11":"product-type-simple","12":"entry","13":"content-bg","14":"loop-entry"},"_links":{"self":[{"href":"https:\/\/www.hediyepazar.com\/index.php?rest_route=\/wp\/v2\/product\/127854","targetHints":{"allow":["GET"]}}],"collection":[{"href":"https:\/\/www.hediyepazar.com\/index.php?rest_route=\/wp\/v2\/product"}],"about":[{"href":"https:\/\/www.hediyepazar.com\/index.php?rest_route=\/wp\/v2\/types\/product"}],"replies":[{"embeddable":true,"href":"https:\/\/www.hediyepazar.com\/index.php?rest_route=%2Fwp%2Fv2%2Fcomments&post=127854"}],"wp:featuredmedia":[{"embeddable":true,"href":"https:\/\/www.hediyepazar.com\/index.php?rest_route=\/wp\/v2\/media\/127853"}],"wp:attachment":[{"href":"https:\/\/www.hediyepazar.com\/index.php?rest_route=%2Fwp%2Fv2%2Fmedia&parent=127854"}],"wp:term":[{"taxonomy":"product_brand","embeddable":true,"href":"https:\/\/www.hediyepazar.com\/index.php?rest_route=%2Fwp%2Fv2%2Fproduct_brand&post=127854"},{"taxonomy":"product_cat","embeddable":true,"href":"https:\/\/www.hediyepazar.com\/index.php?rest_route=%2Fwp%2Fv2%2Fproduct_cat&post=127854"},{"taxonomy":"product_tag","embeddable":true,"href":"https:\/\/www.hediyepazar.com\/index.php?rest_route=%2Fwp%2Fv2%2Fproduct_tag&post=127854"}],"curies":[{"name":"wp","href":"https:\/\/api.w.org\/{rel}","templated":true}]}}