{"id":127856,"date":"2026-05-06T23:54:10","date_gmt":"2026-05-07T02:54:10","guid":{"rendered":"https:\/\/www.hediyepazar.com\/?product=3u1-arada-projeksiyon-karaoke-ve-bluetooth-hoparlor"},"modified":"2026-05-06T23:54:10","modified_gmt":"2026-05-07T02:54:10","slug":"3u1-arada-projeksiyon-karaoke-ve-bluetooth-hoparlor","status":"publish","type":"product","link":"https:\/\/www.hediyepazar.com\/?product=3u1-arada-projeksiyon-karaoke-ve-bluetooth-hoparlor","title":{"rendered":"3\u00fc1 Arada Projeksiyon Karaoke ve Bluetooth Hoparl\u00f6r"},"content":{"rendered":"<p>Siyah renkli fi\u015fli projeksiyon cihaz\u0131, hem ev sinemas\u0131 hem karaoke hem de g\u00fc\u00e7l\u00fc hoparl\u00f6r sistemi olarak kullan\u0131labilen \u00e7ok y\u00f6nl\u00fc bir e\u011flence merkezidir. Kompakt tasar\u0131m\u0131 sayesinde fazla yer kaplamaz ancak sundu\u011fu performans ile b\u00fcy\u00fck ekran deneyimi ya\u015fat\u0131r.1080P g\u00f6r\u00fcnt\u00fc \u00e7\u00f6z\u00fcn\u00fcrl\u00fc\u011f\u00fc sayesinde net ve canl\u0131 projeksiyon sunar. Geni\u015f ekran hissi ile film ve dizi keyfini \u00fcst seviyeye \u00e7\u0131kar\u0131r. 180 derece ayarlanabilir projeksiyon ba\u015fl\u0131\u011f\u0131, farkl\u0131 a\u00e7\u0131larda kullan\u0131m esnekli\u011fi sa\u011flar. Duvar veya tavana yans\u0131tma yap\u0131labilir.Fi\u015fli kullan\u0131m avantaj\u0131 sayesinde s\u00fcrekli enerji sa\u011flar ve uzun s\u00fcreli kesintisiz performans sunar. \u00d6zellikle ev partileri ve uzun karaoke geceleri i\u00e7in idealdir.Android i\u015fletim sistemi ile \u00e7evrim i\u00e7i uygulamalara eri\u015fim m\u00fcmk\u00fcnd\u00fcr. WiFi ve Bluetooth deste\u011fi ile kablosuz ba\u011flant\u0131 sunar. HDMI ve USB giri\u015fleri ile geni\u015f ba\u011flant\u0131 se\u00e7enekleri sa\u011flar.Kablosuz karaoke mikrofonlar\u0131 ile iki ki\u015fi ayn\u0131 anda \u015fark\u0131 s\u00f6yleyebilir. G\u00fc\u00e7l\u00fc hoparl\u00f6r sistemi net ve dengeli ses \u00fcretir.Siyah mat g\u00f6vde tasar\u0131m\u0131 modern ve premium bir g\u00f6r\u00fcn\u00fcm sunar.<\/p>\n","protected":false},"excerpt":{"rendered":"<p>Siyah renkli fi\u015fli projeksiyon cihaz\u0131, hem ev sinemas\u0131 hem karaoke hem de g\u00fc\u00e7l\u00fc hoparl\u00f6r sistemi olarak kullan\u0131labilen \u00e7ok y\u00f6nl\u00fc bir e\u011flence merkezidir. Kompakt tasar\u0131m\u0131 sayesinde fazla yer kaplamaz ancak sundu\u011fu performans ile b\u00fcy\u00fck ekran deneyimi ya\u015fat\u0131r.1080P g\u00f6r\u00fcnt\u00fc \u00e7\u00f6z\u00fcn\u00fcrl\u00fc\u011f\u00fc sayesinde net ve canl\u0131 projeksiyon sunar. Geni\u015f ekran hissi ile film ve dizi keyfini \u00fcst seviyeye \u00e7\u0131kar\u0131r&#8230;.<\/p>\n","protected":false},"featured_media":127855,"comment_status":"open","ping_status":"closed","template":"","meta":{"_kad_post_transparent":"","_kad_post_title":"","_kad_post_layout":"","_kad_post_sidebar_id":"","_kad_post_content_style":"","_kad_post_vertical_padding":"","_kad_post_feature":"","_kad_post_feature_position":"","_kad_post_header":false,"_kad_post_footer":false,"_kad_post_classname":""},"product_brand":[],"product_cat":[14905],"product_tag":[],"class_list":{"0":"post-127856","1":"product","2":"type-product","3":"status-publish","4":"has-post-thumbnail","6":"product_cat-projeksiyon-projeksiyon","8":"first","9":"instock","10":"purchasable","11":"product-type-simple","12":"entry","13":"content-bg","14":"loop-entry"},"_links":{"self":[{"href":"https:\/\/www.hediyepazar.com\/index.php?rest_route=\/wp\/v2\/product\/127856","targetHints":{"allow":["GET"]}}],"collection":[{"href":"https:\/\/www.hediyepazar.com\/index.php?rest_route=\/wp\/v2\/product"}],"about":[{"href":"https:\/\/www.hediyepazar.com\/index.php?rest_route=\/wp\/v2\/types\/product"}],"replies":[{"embeddable":true,"href":"https:\/\/www.hediyepazar.com\/index.php?rest_route=%2Fwp%2Fv2%2Fcomments&post=127856"}],"wp:featuredmedia":[{"embeddable":true,"href":"https:\/\/www.hediyepazar.com\/index.php?rest_route=\/wp\/v2\/media\/127855"}],"wp:attachment":[{"href":"https:\/\/www.hediyepazar.com\/index.php?rest_route=%2Fwp%2Fv2%2Fmedia&parent=127856"}],"wp:term":[{"taxonomy":"product_brand","embeddable":true,"href":"https:\/\/www.hediyepazar.com\/index.php?rest_route=%2Fwp%2Fv2%2Fproduct_brand&post=127856"},{"taxonomy":"product_cat","embeddable":true,"href":"https:\/\/www.hediyepazar.com\/index.php?rest_route=%2Fwp%2Fv2%2Fproduct_cat&post=127856"},{"taxonomy":"product_tag","embeddable":true,"href":"https:\/\/www.hediyepazar.com\/index.php?rest_route=%2Fwp%2Fv2%2Fproduct_tag&post=127856"}],"curies":[{"name":"wp","href":"https:\/\/api.w.org\/{rel}","templated":true}]}}