{"id":127866,"date":"2026-05-06T23:54:59","date_gmt":"2026-05-07T02:54:59","guid":{"rendered":"https:\/\/www.hediyepazar.com\/?product=sarjli-akilli-kapi-zili-85-genis-aci-mobil-bildirimli"},"modified":"2026-05-06T23:54:59","modified_gmt":"2026-05-07T02:54:59","slug":"sarjli-akilli-kapi-zili-85-genis-aci-mobil-bildirimli","status":"publish","type":"product","link":"https:\/\/www.hediyepazar.com\/?product=sarjli-akilli-kapi-zili-85-genis-aci-mobil-bildirimli","title":{"rendered":"\u015earjl\u0131 Ak\u0131ll\u0131 Kap\u0131 Zili 85\u00b0 Geni\u015f A\u00e7\u0131 Mobil Bildirimli"},"content":{"rendered":"<p>Kablosuz ak\u0131ll\u0131 kap\u0131 zili, ev ve ofis giri\u015flerini daha g\u00fcvenli hale getirmek i\u00e7in geli\u015ftirilmi\u015f kullan\u0131c\u0131 dostu bir g\u00fcvenlik cihaz\u0131d\u0131r. Video ve sesli ileti\u015fim \u00f6zelli\u011fi sayesinde kap\u0131n\u0131z\u0131n \u00f6n\u00fcndeki ziyaret\u00e7ilerle uzaktan konu\u015fabilir, anl\u0131k g\u00f6r\u00fcnt\u00fc alabilir ve giri\u015f alan\u0131n\u0131z\u0131 kontrol alt\u0131nda tutabilirsiniz.85 derece geni\u015f a\u00e7\u0131l\u0131 lens, standart kap\u0131 zillerine k\u0131yasla daha fazla g\u00f6r\u00fc\u015f alan\u0131 sa\u011flar. Bu sayede kap\u0131 \u00f6n\u00fcndeki hareketleri daha net ve kapsaml\u0131 \u015fekilde izleyebilirsiniz. Ger\u00e7ek zamanl\u0131 foto\u011fraf \u00e7ekimi \u00f6zelli\u011fi, kap\u0131n\u0131za gelen ki\u015filerin g\u00f6r\u00fcnt\u00fcs\u00fcn\u00fc kaydetmenizi sa\u011flar. Gece g\u00f6r\u00fc\u015f teknolojisi ise karanl\u0131k ortamlarda bile net g\u00f6r\u00fcnt\u00fc sunarak 7\/24 g\u00fcvenlik sa\u011flar.Mobil uygulama deste\u011fi sayesinde Android ve iOS cihazlar \u00fczerinden kontrol edilebilir. Anl\u0131k bildirim \u00f6zelli\u011fi, kap\u0131 ziline bas\u0131ld\u0131\u011f\u0131nda ya da hareket alg\u0131land\u0131\u011f\u0131nda sizi hemen haberdar eder. \u00c7ift y\u00f6nl\u00fc ses sistemi ile kar\u015f\u0131l\u0131kl\u0131 konu\u015fma yap\u0131labilir.800mAh batarya uzun s\u00fcreli kullan\u0131m sunar. \u015earj edilebilir yap\u0131s\u0131 sayesinde ekonomik ve \u00e7evre dostudur. Kurulumu pratik olup teknik bilgi gerektirmez.<\/p>\n","protected":false},"excerpt":{"rendered":"<p>Kablosuz ak\u0131ll\u0131 kap\u0131 zili, ev ve ofis giri\u015flerini daha g\u00fcvenli hale getirmek i\u00e7in geli\u015ftirilmi\u015f kullan\u0131c\u0131 dostu bir g\u00fcvenlik cihaz\u0131d\u0131r. Video ve sesli ileti\u015fim \u00f6zelli\u011fi sayesinde kap\u0131n\u0131z\u0131n \u00f6n\u00fcndeki ziyaret\u00e7ilerle uzaktan konu\u015fabilir, anl\u0131k g\u00f6r\u00fcnt\u00fc alabilir ve giri\u015f alan\u0131n\u0131z\u0131 kontrol alt\u0131nda tutabilirsiniz.85 derece geni\u015f a\u00e7\u0131l\u0131 lens, standart kap\u0131 zillerine k\u0131yasla daha fazla g\u00f6r\u00fc\u015f alan\u0131 sa\u011flar. Bu sayede kap\u0131&#8230;<\/p>\n","protected":false},"featured_media":127865,"comment_status":"open","ping_status":"closed","template":"","meta":{"_kad_post_transparent":"","_kad_post_title":"","_kad_post_layout":"","_kad_post_sidebar_id":"","_kad_post_content_style":"","_kad_post_vertical_padding":"","_kad_post_feature":"","_kad_post_feature_position":"","_kad_post_header":false,"_kad_post_footer":false,"_kad_post_classname":""},"product_brand":[],"product_cat":[14927],"product_tag":[],"class_list":{"0":"post-127866","1":"product","2":"type-product","3":"status-publish","4":"has-post-thumbnail","6":"product_cat-akilli-kamera-akilli-kamera","8":"first","9":"instock","10":"purchasable","11":"product-type-simple","12":"entry","13":"content-bg","14":"loop-entry"},"_links":{"self":[{"href":"https:\/\/www.hediyepazar.com\/index.php?rest_route=\/wp\/v2\/product\/127866","targetHints":{"allow":["GET"]}}],"collection":[{"href":"https:\/\/www.hediyepazar.com\/index.php?rest_route=\/wp\/v2\/product"}],"about":[{"href":"https:\/\/www.hediyepazar.com\/index.php?rest_route=\/wp\/v2\/types\/product"}],"replies":[{"embeddable":true,"href":"https:\/\/www.hediyepazar.com\/index.php?rest_route=%2Fwp%2Fv2%2Fcomments&post=127866"}],"wp:featuredmedia":[{"embeddable":true,"href":"https:\/\/www.hediyepazar.com\/index.php?rest_route=\/wp\/v2\/media\/127865"}],"wp:attachment":[{"href":"https:\/\/www.hediyepazar.com\/index.php?rest_route=%2Fwp%2Fv2%2Fmedia&parent=127866"}],"wp:term":[{"taxonomy":"product_brand","embeddable":true,"href":"https:\/\/www.hediyepazar.com\/index.php?rest_route=%2Fwp%2Fv2%2Fproduct_brand&post=127866"},{"taxonomy":"product_cat","embeddable":true,"href":"https:\/\/www.hediyepazar.com\/index.php?rest_route=%2Fwp%2Fv2%2Fproduct_cat&post=127866"},{"taxonomy":"product_tag","embeddable":true,"href":"https:\/\/www.hediyepazar.com\/index.php?rest_route=%2Fwp%2Fv2%2Fproduct_tag&post=127866"}],"curies":[{"name":"wp","href":"https:\/\/api.w.org\/{rel}","templated":true}]}}