{"id":127870,"date":"2026-05-06T23:55:11","date_gmt":"2026-05-07T02:55:11","guid":{"rendered":"https:\/\/www.hediyepazar.com\/?product=akilli-ev-uyumlu-kapi-zili-kamera-ve-iki-yonlu-konusma"},"modified":"2026-05-06T23:55:11","modified_gmt":"2026-05-07T02:55:11","slug":"akilli-ev-uyumlu-kapi-zili-kamera-ve-iki-yonlu-konusma","status":"publish","type":"product","link":"https:\/\/www.hediyepazar.com\/?product=akilli-ev-uyumlu-kapi-zili-kamera-ve-iki-yonlu-konusma","title":{"rendered":"Ak\u0131ll\u0131 Ev Uyumlu Kap\u0131 Zili Kamera ve \u0130ki Y\u00f6nl\u00fc Konu\u015fma"},"content":{"rendered":"<p>Video kap\u0131 zili sistemi, g\u00fcvenli\u011fi teknolojiyle bulu\u015fturur. \u0130ki y\u00f6nl\u00fc konu\u015fma \u00f6zelli\u011fi ve anl\u0131k bildirim sistemi sayesinde kontrol tamamen sizde olur.Uzun pil \u00f6mr\u00fc ve geni\u015f g\u00f6r\u00fc\u015f a\u00e7\u0131s\u0131 ile kapsaml\u0131 g\u00fcvenlik sa\u011flar.<\/p>\n","protected":false},"excerpt":{"rendered":"<p>Video kap\u0131 zili sistemi, g\u00fcvenli\u011fi teknolojiyle bulu\u015fturur. \u0130ki y\u00f6nl\u00fc konu\u015fma \u00f6zelli\u011fi ve anl\u0131k bildirim sistemi sayesinde kontrol tamamen sizde olur.Uzun pil \u00f6mr\u00fc ve geni\u015f g\u00f6r\u00fc\u015f a\u00e7\u0131s\u0131 ile kapsaml\u0131 g\u00fcvenlik sa\u011flar.<\/p>\n","protected":false},"featured_media":127869,"comment_status":"open","ping_status":"closed","template":"","meta":{"_kad_post_transparent":"","_kad_post_title":"","_kad_post_layout":"","_kad_post_sidebar_id":"","_kad_post_content_style":"","_kad_post_vertical_padding":"","_kad_post_feature":"","_kad_post_feature_position":"","_kad_post_header":false,"_kad_post_footer":false,"_kad_post_classname":""},"product_brand":[],"product_cat":[14927],"product_tag":[],"class_list":{"0":"post-127870","1":"product","2":"type-product","3":"status-publish","4":"has-post-thumbnail","6":"product_cat-akilli-kamera-akilli-kamera","8":"first","9":"instock","10":"purchasable","11":"product-type-simple","12":"entry","13":"content-bg","14":"loop-entry"},"_links":{"self":[{"href":"https:\/\/www.hediyepazar.com\/index.php?rest_route=\/wp\/v2\/product\/127870","targetHints":{"allow":["GET"]}}],"collection":[{"href":"https:\/\/www.hediyepazar.com\/index.php?rest_route=\/wp\/v2\/product"}],"about":[{"href":"https:\/\/www.hediyepazar.com\/index.php?rest_route=\/wp\/v2\/types\/product"}],"replies":[{"embeddable":true,"href":"https:\/\/www.hediyepazar.com\/index.php?rest_route=%2Fwp%2Fv2%2Fcomments&post=127870"}],"wp:featuredmedia":[{"embeddable":true,"href":"https:\/\/www.hediyepazar.com\/index.php?rest_route=\/wp\/v2\/media\/127869"}],"wp:attachment":[{"href":"https:\/\/www.hediyepazar.com\/index.php?rest_route=%2Fwp%2Fv2%2Fmedia&parent=127870"}],"wp:term":[{"taxonomy":"product_brand","embeddable":true,"href":"https:\/\/www.hediyepazar.com\/index.php?rest_route=%2Fwp%2Fv2%2Fproduct_brand&post=127870"},{"taxonomy":"product_cat","embeddable":true,"href":"https:\/\/www.hediyepazar.com\/index.php?rest_route=%2Fwp%2Fv2%2Fproduct_cat&post=127870"},{"taxonomy":"product_tag","embeddable":true,"href":"https:\/\/www.hediyepazar.com\/index.php?rest_route=%2Fwp%2Fv2%2Fproduct_tag&post=127870"}],"curies":[{"name":"wp","href":"https:\/\/api.w.org\/{rel}","templated":true}]}}