{"id":127872,"date":"2026-05-06T23:55:17","date_gmt":"2026-05-07T02:55:17","guid":{"rendered":"https:\/\/www.hediyepazar.com\/?product=kablosuz-video-kapi-zili-gece-goruslu-gercek-zamanli-fotograf"},"modified":"2026-05-06T23:55:17","modified_gmt":"2026-05-07T02:55:17","slug":"kablosuz-video-kapi-zili-gece-goruslu-gercek-zamanli-fotograf","status":"publish","type":"product","link":"https:\/\/www.hediyepazar.com\/?product=kablosuz-video-kapi-zili-gece-goruslu-gercek-zamanli-fotograf","title":{"rendered":"Kablosuz Video Kap\u0131 Zili Gece G\u00f6r\u00fc\u015fl\u00fc Ger\u00e7ek Zamanl\u0131 Foto\u011fraf"},"content":{"rendered":"<p>Ak\u0131ll\u0131 kap\u0131 zili, ev g\u00fcvenli\u011fini art\u0131rmak i\u00e7in geli\u015ftirilmi\u015f modern bir \u00e7\u00f6z\u00fcmd\u00fcr. Geni\u015f a\u00e7\u0131 kameras\u0131 ve gece g\u00f6r\u00fc\u015f \u00f6zelli\u011fi sayesinde g\u00fcn\u00fcn her saatinde net g\u00f6r\u00fcnt\u00fc sunar. Mobil uygulama deste\u011fi ile uzaktan eri\u015fim sa\u011flar.Kablosuz ve \u015farj edilebilir yap\u0131s\u0131 pratik kullan\u0131m sunar.<\/p>\n","protected":false},"excerpt":{"rendered":"<p>Ak\u0131ll\u0131 kap\u0131 zili, ev g\u00fcvenli\u011fini art\u0131rmak i\u00e7in geli\u015ftirilmi\u015f modern bir \u00e7\u00f6z\u00fcmd\u00fcr. Geni\u015f a\u00e7\u0131 kameras\u0131 ve gece g\u00f6r\u00fc\u015f \u00f6zelli\u011fi sayesinde g\u00fcn\u00fcn her saatinde net g\u00f6r\u00fcnt\u00fc sunar. Mobil uygulama deste\u011fi ile uzaktan eri\u015fim sa\u011flar.Kablosuz ve \u015farj edilebilir yap\u0131s\u0131 pratik kullan\u0131m sunar.<\/p>\n","protected":false},"featured_media":127871,"comment_status":"open","ping_status":"closed","template":"","meta":{"_kad_post_transparent":"","_kad_post_title":"","_kad_post_layout":"","_kad_post_sidebar_id":"","_kad_post_content_style":"","_kad_post_vertical_padding":"","_kad_post_feature":"","_kad_post_feature_position":"","_kad_post_header":false,"_kad_post_footer":false,"_kad_post_classname":""},"product_brand":[],"product_cat":[14927],"product_tag":[],"class_list":{"0":"post-127872","1":"product","2":"type-product","3":"status-publish","4":"has-post-thumbnail","6":"product_cat-akilli-kamera-akilli-kamera","8":"first","9":"instock","10":"purchasable","11":"product-type-simple","12":"entry","13":"content-bg","14":"loop-entry"},"_links":{"self":[{"href":"https:\/\/www.hediyepazar.com\/index.php?rest_route=\/wp\/v2\/product\/127872","targetHints":{"allow":["GET"]}}],"collection":[{"href":"https:\/\/www.hediyepazar.com\/index.php?rest_route=\/wp\/v2\/product"}],"about":[{"href":"https:\/\/www.hediyepazar.com\/index.php?rest_route=\/wp\/v2\/types\/product"}],"replies":[{"embeddable":true,"href":"https:\/\/www.hediyepazar.com\/index.php?rest_route=%2Fwp%2Fv2%2Fcomments&post=127872"}],"wp:featuredmedia":[{"embeddable":true,"href":"https:\/\/www.hediyepazar.com\/index.php?rest_route=\/wp\/v2\/media\/127871"}],"wp:attachment":[{"href":"https:\/\/www.hediyepazar.com\/index.php?rest_route=%2Fwp%2Fv2%2Fmedia&parent=127872"}],"wp:term":[{"taxonomy":"product_brand","embeddable":true,"href":"https:\/\/www.hediyepazar.com\/index.php?rest_route=%2Fwp%2Fv2%2Fproduct_brand&post=127872"},{"taxonomy":"product_cat","embeddable":true,"href":"https:\/\/www.hediyepazar.com\/index.php?rest_route=%2Fwp%2Fv2%2Fproduct_cat&post=127872"},{"taxonomy":"product_tag","embeddable":true,"href":"https:\/\/www.hediyepazar.com\/index.php?rest_route=%2Fwp%2Fv2%2Fproduct_tag&post=127872"}],"curies":[{"name":"wp","href":"https:\/\/api.w.org\/{rel}","templated":true}]}}