{"id":127874,"date":"2026-05-06T23:55:22","date_gmt":"2026-05-07T02:55:22","guid":{"rendered":"https:\/\/www.hediyepazar.com\/?product=sarjli-akilli-kapi-zili-800-mah-bataryali-mobil-bildirimli"},"modified":"2026-05-06T23:55:22","modified_gmt":"2026-05-07T02:55:22","slug":"sarjli-akilli-kapi-zili-800-mah-bataryali-mobil-bildirimli","status":"publish","type":"product","link":"https:\/\/www.hediyepazar.com\/?product=sarjli-akilli-kapi-zili-800-mah-bataryali-mobil-bildirimli","title":{"rendered":"\u015earjl\u0131 Ak\u0131ll\u0131 Kap\u0131 Zili 800 mAh Bataryal\u0131 Mobil Bildirimli"},"content":{"rendered":"<p>Kablosuz video kap\u0131 zili, ev giri\u015flerini daha g\u00fcvenli hale getirmek i\u00e7in tasarlanm\u0131\u015f ak\u0131ll\u0131 bir g\u00fcvenlik cihaz\u0131d\u0131r. Y\u00fcksek \u00e7\u00f6z\u00fcn\u00fcrl\u00fckl\u00fc kamera sistemi sayesinde kap\u0131 \u00f6n\u00fcndeki g\u00f6r\u00fcnt\u00fcy\u00fc net \u015fekilde aktar\u0131r. 85 derece geni\u015f a\u00e7\u0131l\u0131 lens, daha fazla alan\u0131 kapsayarak g\u00fcvenlik seviyesini art\u0131r\u0131r.Gece g\u00f6r\u00fc\u015f \u00f6zelli\u011fi sayesinde d\u00fc\u015f\u00fck \u0131\u015f\u0131kta bile net g\u00f6r\u00fcnt\u00fc elde edilir. Ger\u00e7ek zamanl\u0131 foto\u011fraf \u00e7ekimi ile kap\u0131ya gelen ki\u015filerin kayd\u0131 tutulabilir. \u00c7ift y\u00f6nl\u00fc ses sistemi, kap\u0131 \u00f6n\u00fcndeki ziyaret\u00e7iyle kar\u015f\u0131l\u0131kl\u0131 konu\u015fma imkan\u0131 sa\u011flar.Mobil uygulama \u00fczerinden anl\u0131k bildirim al\u0131nabilir ve canl\u0131 izleme yap\u0131labilir. 800 mAh batarya uzun s\u00fcreli kullan\u0131m sunar.<\/p>\n","protected":false},"excerpt":{"rendered":"<p>Kablosuz video kap\u0131 zili, ev giri\u015flerini daha g\u00fcvenli hale getirmek i\u00e7in tasarlanm\u0131\u015f ak\u0131ll\u0131 bir g\u00fcvenlik cihaz\u0131d\u0131r. Y\u00fcksek \u00e7\u00f6z\u00fcn\u00fcrl\u00fckl\u00fc kamera sistemi sayesinde kap\u0131 \u00f6n\u00fcndeki g\u00f6r\u00fcnt\u00fcy\u00fc net \u015fekilde aktar\u0131r. 85 derece geni\u015f a\u00e7\u0131l\u0131 lens, daha fazla alan\u0131 kapsayarak g\u00fcvenlik seviyesini art\u0131r\u0131r.Gece g\u00f6r\u00fc\u015f \u00f6zelli\u011fi sayesinde d\u00fc\u015f\u00fck \u0131\u015f\u0131kta bile net g\u00f6r\u00fcnt\u00fc elde edilir. Ger\u00e7ek zamanl\u0131 foto\u011fraf \u00e7ekimi ile kap\u0131ya&#8230;<\/p>\n","protected":false},"featured_media":127873,"comment_status":"open","ping_status":"closed","template":"","meta":{"_kad_post_transparent":"","_kad_post_title":"","_kad_post_layout":"","_kad_post_sidebar_id":"","_kad_post_content_style":"","_kad_post_vertical_padding":"","_kad_post_feature":"","_kad_post_feature_position":"","_kad_post_header":false,"_kad_post_footer":false,"_kad_post_classname":""},"product_brand":[],"product_cat":[14927],"product_tag":[],"class_list":{"0":"post-127874","1":"product","2":"type-product","3":"status-publish","4":"has-post-thumbnail","6":"product_cat-akilli-kamera-akilli-kamera","8":"first","9":"instock","10":"purchasable","11":"product-type-simple","12":"entry","13":"content-bg","14":"loop-entry"},"_links":{"self":[{"href":"https:\/\/www.hediyepazar.com\/index.php?rest_route=\/wp\/v2\/product\/127874","targetHints":{"allow":["GET"]}}],"collection":[{"href":"https:\/\/www.hediyepazar.com\/index.php?rest_route=\/wp\/v2\/product"}],"about":[{"href":"https:\/\/www.hediyepazar.com\/index.php?rest_route=\/wp\/v2\/types\/product"}],"replies":[{"embeddable":true,"href":"https:\/\/www.hediyepazar.com\/index.php?rest_route=%2Fwp%2Fv2%2Fcomments&post=127874"}],"wp:featuredmedia":[{"embeddable":true,"href":"https:\/\/www.hediyepazar.com\/index.php?rest_route=\/wp\/v2\/media\/127873"}],"wp:attachment":[{"href":"https:\/\/www.hediyepazar.com\/index.php?rest_route=%2Fwp%2Fv2%2Fmedia&parent=127874"}],"wp:term":[{"taxonomy":"product_brand","embeddable":true,"href":"https:\/\/www.hediyepazar.com\/index.php?rest_route=%2Fwp%2Fv2%2Fproduct_brand&post=127874"},{"taxonomy":"product_cat","embeddable":true,"href":"https:\/\/www.hediyepazar.com\/index.php?rest_route=%2Fwp%2Fv2%2Fproduct_cat&post=127874"},{"taxonomy":"product_tag","embeddable":true,"href":"https:\/\/www.hediyepazar.com\/index.php?rest_route=%2Fwp%2Fv2%2Fproduct_tag&post=127874"}],"curies":[{"name":"wp","href":"https:\/\/api.w.org\/{rel}","templated":true}]}}