{"id":127882,"date":"2026-05-06T23:56:18","date_gmt":"2026-05-07T02:56:18","guid":{"rendered":"https:\/\/www.hediyepazar.com\/?product=dogal-yesim-roller-ve-gua-sha-yuz-sekillendirme-seti"},"modified":"2026-05-06T23:56:18","modified_gmt":"2026-05-07T02:56:18","slug":"dogal-yesim-roller-ve-gua-sha-yuz-sekillendirme-seti","status":"publish","type":"product","link":"https:\/\/www.hediyepazar.com\/?product=dogal-yesim-roller-ve-gua-sha-yuz-sekillendirme-seti","title":{"rendered":"Do\u011fal Ye\u015fim Roller ve Gua Sha Y\u00fcz \u015eekillendirme Seti"},"content":{"rendered":"<p>Ye\u015fim roller ve gua sha seti, minimal ama etkili bir bak\u0131m rutini sunar. Do\u011fal ta\u015f y\u00fczeyi ciltle uyumlu yap\u0131dad\u0131r.Geni\u015f ve dar roller ba\u015fl\u0131klar\u0131 ile hedefli kullan\u0131m sa\u011flar. Gua sha ta\u015f\u0131 ile y\u00fcz hatlar\u0131nda \u015fekillendirme yap\u0131labilir.<\/p>\n","protected":false},"excerpt":{"rendered":"<p>Ye\u015fim roller ve gua sha seti, minimal ama etkili bir bak\u0131m rutini sunar. Do\u011fal ta\u015f y\u00fczeyi ciltle uyumlu yap\u0131dad\u0131r.Geni\u015f ve dar roller ba\u015fl\u0131klar\u0131 ile hedefli kullan\u0131m sa\u011flar. Gua sha ta\u015f\u0131 ile y\u00fcz hatlar\u0131nda \u015fekillendirme yap\u0131labilir.<\/p>\n","protected":false},"featured_media":127881,"comment_status":"open","ping_status":"closed","template":"","meta":{"_kad_post_transparent":"","_kad_post_title":"","_kad_post_layout":"","_kad_post_sidebar_id":"","_kad_post_content_style":"","_kad_post_vertical_padding":"","_kad_post_feature":"","_kad_post_feature_position":"","_kad_post_header":false,"_kad_post_footer":false,"_kad_post_classname":""},"product_brand":[],"product_cat":[14917],"product_tag":[],"class_list":{"0":"post-127882","1":"product","2":"type-product","3":"status-publish","4":"has-post-thumbnail","6":"product_cat-yuz-masaj-aleti-yuz-masaj-aleti","8":"first","9":"instock","10":"purchasable","11":"product-type-simple","12":"entry","13":"content-bg","14":"loop-entry"},"_links":{"self":[{"href":"https:\/\/www.hediyepazar.com\/index.php?rest_route=\/wp\/v2\/product\/127882","targetHints":{"allow":["GET"]}}],"collection":[{"href":"https:\/\/www.hediyepazar.com\/index.php?rest_route=\/wp\/v2\/product"}],"about":[{"href":"https:\/\/www.hediyepazar.com\/index.php?rest_route=\/wp\/v2\/types\/product"}],"replies":[{"embeddable":true,"href":"https:\/\/www.hediyepazar.com\/index.php?rest_route=%2Fwp%2Fv2%2Fcomments&post=127882"}],"wp:featuredmedia":[{"embeddable":true,"href":"https:\/\/www.hediyepazar.com\/index.php?rest_route=\/wp\/v2\/media\/127881"}],"wp:attachment":[{"href":"https:\/\/www.hediyepazar.com\/index.php?rest_route=%2Fwp%2Fv2%2Fmedia&parent=127882"}],"wp:term":[{"taxonomy":"product_brand","embeddable":true,"href":"https:\/\/www.hediyepazar.com\/index.php?rest_route=%2Fwp%2Fv2%2Fproduct_brand&post=127882"},{"taxonomy":"product_cat","embeddable":true,"href":"https:\/\/www.hediyepazar.com\/index.php?rest_route=%2Fwp%2Fv2%2Fproduct_cat&post=127882"},{"taxonomy":"product_tag","embeddable":true,"href":"https:\/\/www.hediyepazar.com\/index.php?rest_route=%2Fwp%2Fv2%2Fproduct_tag&post=127882"}],"curies":[{"name":"wp","href":"https:\/\/api.w.org\/{rel}","templated":true}]}}