{"id":127884,"date":"2026-05-06T23:57:00","date_gmt":"2026-05-07T02:57:00","guid":{"rendered":"https:\/\/www.hediyepazar.com\/?product=yuz-masaj-aleti-roller-ve-gua-sha-2li-set"},"modified":"2026-05-06T23:57:00","modified_gmt":"2026-05-07T02:57:00","slug":"yuz-masaj-aleti-roller-ve-gua-sha-2li-set","status":"publish","type":"product","link":"https:\/\/www.hediyepazar.com\/?product=yuz-masaj-aleti-roller-ve-gua-sha-2li-set","title":{"rendered":"Y\u00fcz Masaj Aleti Roller ve Gua Sha 2li Set"},"content":{"rendered":"<p>Profesyonel 2 par\u00e7al\u0131 ye\u015fim ta\u015f\u0131 y\u00fcz masaj seti, evde spa deneyimi ya\u015famak isteyenler i\u00e7in ideal bir bak\u0131m \u00e7\u00f6z\u00fcm\u00fcd\u00fcr. Jade stone yap\u0131s\u0131 do\u011fal olarak serindir ve cilt \u00fczerinde rahatlat\u0131c\u0131 bir his olu\u015fturur.Roller ile y\u00fcz, boyun ve g\u00f6z \u00e7evresinde yukar\u0131 y\u00f6nl\u00fc masaj uygulanabilir. Gua sha ta\u015f\u0131 ise \u00e7ene hatt\u0131 ve elmac\u0131k kemikleri \u00fczerinde kont\u00fcr \u00e7al\u0131\u015fmalar\u0131 i\u00e7in idealdir.Kan dola\u015f\u0131m\u0131n\u0131 destekler, cildin daha s\u0131k\u0131 ve p\u00fcr\u00fczs\u00fcz g\u00f6r\u00fcnmesine yard\u0131mc\u0131 olur.<\/p>\n","protected":false},"excerpt":{"rendered":"<p>Profesyonel 2 par\u00e7al\u0131 ye\u015fim ta\u015f\u0131 y\u00fcz masaj seti, evde spa deneyimi ya\u015famak isteyenler i\u00e7in ideal bir bak\u0131m \u00e7\u00f6z\u00fcm\u00fcd\u00fcr. Jade stone yap\u0131s\u0131 do\u011fal olarak serindir ve cilt \u00fczerinde rahatlat\u0131c\u0131 bir his olu\u015fturur.Roller ile y\u00fcz, boyun ve g\u00f6z \u00e7evresinde yukar\u0131 y\u00f6nl\u00fc masaj uygulanabilir. Gua sha ta\u015f\u0131 ise \u00e7ene hatt\u0131 ve elmac\u0131k kemikleri \u00fczerinde kont\u00fcr \u00e7al\u0131\u015fmalar\u0131 i\u00e7in idealdir.Kan&#8230;<\/p>\n","protected":false},"featured_media":127883,"comment_status":"open","ping_status":"closed","template":"","meta":{"_kad_post_transparent":"","_kad_post_title":"","_kad_post_layout":"","_kad_post_sidebar_id":"","_kad_post_content_style":"","_kad_post_vertical_padding":"","_kad_post_feature":"","_kad_post_feature_position":"","_kad_post_header":false,"_kad_post_footer":false,"_kad_post_classname":""},"product_brand":[],"product_cat":[14917],"product_tag":[],"class_list":{"0":"post-127884","1":"product","2":"type-product","3":"status-publish","4":"has-post-thumbnail","6":"product_cat-yuz-masaj-aleti-yuz-masaj-aleti","8":"first","9":"instock","10":"purchasable","11":"product-type-simple","12":"entry","13":"content-bg","14":"loop-entry"},"_links":{"self":[{"href":"https:\/\/www.hediyepazar.com\/index.php?rest_route=\/wp\/v2\/product\/127884","targetHints":{"allow":["GET"]}}],"collection":[{"href":"https:\/\/www.hediyepazar.com\/index.php?rest_route=\/wp\/v2\/product"}],"about":[{"href":"https:\/\/www.hediyepazar.com\/index.php?rest_route=\/wp\/v2\/types\/product"}],"replies":[{"embeddable":true,"href":"https:\/\/www.hediyepazar.com\/index.php?rest_route=%2Fwp%2Fv2%2Fcomments&post=127884"}],"wp:featuredmedia":[{"embeddable":true,"href":"https:\/\/www.hediyepazar.com\/index.php?rest_route=\/wp\/v2\/media\/127883"}],"wp:attachment":[{"href":"https:\/\/www.hediyepazar.com\/index.php?rest_route=%2Fwp%2Fv2%2Fmedia&parent=127884"}],"wp:term":[{"taxonomy":"product_brand","embeddable":true,"href":"https:\/\/www.hediyepazar.com\/index.php?rest_route=%2Fwp%2Fv2%2Fproduct_brand&post=127884"},{"taxonomy":"product_cat","embeddable":true,"href":"https:\/\/www.hediyepazar.com\/index.php?rest_route=%2Fwp%2Fv2%2Fproduct_cat&post=127884"},{"taxonomy":"product_tag","embeddable":true,"href":"https:\/\/www.hediyepazar.com\/index.php?rest_route=%2Fwp%2Fv2%2Fproduct_tag&post=127884"}],"curies":[{"name":"wp","href":"https:\/\/api.w.org\/{rel}","templated":true}]}}