{"id":127894,"date":"2026-05-06T23:58:00","date_gmt":"2026-05-07T02:58:00","guid":{"rendered":"https:\/\/www.hediyepazar.com\/?product=profesyonel-derin-doku-masaj-aleti-6-baslik-1800-mah-batarya"},"modified":"2026-05-06T23:58:00","modified_gmt":"2026-05-07T02:58:00","slug":"profesyonel-derin-doku-masaj-aleti-6-baslik-1800-mah-batarya","status":"publish","type":"product","link":"https:\/\/www.hediyepazar.com\/?product=profesyonel-derin-doku-masaj-aleti-6-baslik-1800-mah-batarya","title":{"rendered":"Profesyonel Derin Doku Masaj Aleti 6 Ba\u015fl\u0131k 1800 mAh Batarya"},"content":{"rendered":"<p>Derin doku masaj\u0131 i\u00e7in geli\u015ftirilen s\u0131cak ve so\u011fuk terapili masaj cihaz\u0131, sporcular ve yo\u011fun tempoda \u00e7al\u0131\u015fanlar i\u00e7in ideal bir \u00e7\u00f6z\u00fcmd\u00fcr. \u00c7ift ba\u015fl\u0131kl\u0131 terapi sistemi sayesinde kaslar\u0131 gev\u015fetir, dola\u015f\u0131m\u0131 destekler ve toparlanma s\u00fcrecini h\u0131zland\u0131r\u0131r.3200 RPM performans sunan g\u00fc\u00e7l\u00fc motoru, kas liflerine kadar etki eder. Sessiz \u00e7al\u0131\u015fma teknolojisi ile hem ev hem ofis kullan\u0131m\u0131na uygundur.6 adet de\u011fi\u015ftirilebilir masaj ba\u015fl\u0131\u011f\u0131 ile farkl\u0131 kas b\u00f6lgelerinde maksimum etki sa\u011flar. Boyun, bel, omuz ve bacak kaslar\u0131nda hedefli uygulama imkan\u0131 sunar.1800 mAh bataryas\u0131 ile uzun s\u00fcreli kullan\u0131m sunar. USB-C h\u0131zl\u0131 \u015farj sistemi sayesinde k\u0131sa s\u00fcrede tekrar kullan\u0131ma haz\u0131rd\u0131r.Ergonomik tasar\u0131m\u0131 sayesinde elde kayma yapmaz ve konforlu tutu\u015f sa\u011flar.<\/p>\n","protected":false},"excerpt":{"rendered":"<p>Derin doku masaj\u0131 i\u00e7in geli\u015ftirilen s\u0131cak ve so\u011fuk terapili masaj cihaz\u0131, sporcular ve yo\u011fun tempoda \u00e7al\u0131\u015fanlar i\u00e7in ideal bir \u00e7\u00f6z\u00fcmd\u00fcr. \u00c7ift ba\u015fl\u0131kl\u0131 terapi sistemi sayesinde kaslar\u0131 gev\u015fetir, dola\u015f\u0131m\u0131 destekler ve toparlanma s\u00fcrecini h\u0131zland\u0131r\u0131r.3200 RPM performans sunan g\u00fc\u00e7l\u00fc motoru, kas liflerine kadar etki eder. Sessiz \u00e7al\u0131\u015fma teknolojisi ile hem ev hem ofis kullan\u0131m\u0131na uygundur.6 adet de\u011fi\u015ftirilebilir&#8230;<\/p>\n","protected":false},"featured_media":127893,"comment_status":"open","ping_status":"closed","template":"","meta":{"_kad_post_transparent":"","_kad_post_title":"","_kad_post_layout":"","_kad_post_sidebar_id":"","_kad_post_content_style":"","_kad_post_vertical_padding":"","_kad_post_feature":"","_kad_post_feature_position":"","_kad_post_header":false,"_kad_post_footer":false,"_kad_post_classname":""},"product_brand":[],"product_cat":[14939],"product_tag":[],"class_list":{"0":"post-127894","1":"product","2":"type-product","3":"status-publish","4":"has-post-thumbnail","6":"product_cat-masaj-cihazi-masaj-cihazi","8":"first","9":"instock","10":"purchasable","11":"product-type-simple","12":"entry","13":"content-bg","14":"loop-entry"},"_links":{"self":[{"href":"https:\/\/www.hediyepazar.com\/index.php?rest_route=\/wp\/v2\/product\/127894","targetHints":{"allow":["GET"]}}],"collection":[{"href":"https:\/\/www.hediyepazar.com\/index.php?rest_route=\/wp\/v2\/product"}],"about":[{"href":"https:\/\/www.hediyepazar.com\/index.php?rest_route=\/wp\/v2\/types\/product"}],"replies":[{"embeddable":true,"href":"https:\/\/www.hediyepazar.com\/index.php?rest_route=%2Fwp%2Fv2%2Fcomments&post=127894"}],"wp:featuredmedia":[{"embeddable":true,"href":"https:\/\/www.hediyepazar.com\/index.php?rest_route=\/wp\/v2\/media\/127893"}],"wp:attachment":[{"href":"https:\/\/www.hediyepazar.com\/index.php?rest_route=%2Fwp%2Fv2%2Fmedia&parent=127894"}],"wp:term":[{"taxonomy":"product_brand","embeddable":true,"href":"https:\/\/www.hediyepazar.com\/index.php?rest_route=%2Fwp%2Fv2%2Fproduct_brand&post=127894"},{"taxonomy":"product_cat","embeddable":true,"href":"https:\/\/www.hediyepazar.com\/index.php?rest_route=%2Fwp%2Fv2%2Fproduct_cat&post=127894"},{"taxonomy":"product_tag","embeddable":true,"href":"https:\/\/www.hediyepazar.com\/index.php?rest_route=%2Fwp%2Fv2%2Fproduct_tag&post=127894"}],"curies":[{"name":"wp","href":"https:\/\/api.w.org\/{rel}","templated":true}]}}