{"id":127950,"date":"2026-05-07T00:05:10","date_gmt":"2026-05-07T03:05:10","guid":{"rendered":"https:\/\/www.hediyepazar.com\/?product=5-dakikada-popcorn-hazirlayan-yagsiz-patlatma-makinesi-2"},"modified":"2026-05-07T00:05:10","modified_gmt":"2026-05-07T03:05:10","slug":"5-dakikada-popcorn-hazirlayan-yagsiz-patlatma-makinesi-2","status":"publish","type":"product","link":"https:\/\/www.hediyepazar.com\/?product=5-dakikada-popcorn-hazirlayan-yagsiz-patlatma-makinesi-2","title":{"rendered":"5 Dakikada Popcorn Haz\u0131rlayan Ya\u011fs\u0131z Patlatma Makinesi"},"content":{"rendered":"<p>Ya\u011fs\u0131z kullan\u0131m sunan bu m\u0131s\u0131r patlatma makinesi, s\u0131cak hava sistemi sayesinde sa\u011fl\u0131kl\u0131 popcorn haz\u0131rlaman\u0131za yard\u0131mc\u0131 olur. Yap\u0131\u015fmaz patlatma y\u00fczeyi, m\u0131s\u0131rlar\u0131n dengeli patlamas\u0131n\u0131 sa\u011flarken yanma riskini azalt\u0131r. Ya\u011fs\u0131z \u00e7al\u0131\u015fmas\u0131 sayesinde hafif ve lezzetli at\u0131\u015ft\u0131rmal\u0131klar elde edebilirsiniz.Tek seferde fazla miktarda popcorn haz\u0131rlayabilmesi, kalabal\u0131k ortamlarda b\u00fcy\u00fck avantaj sa\u011flar. Yakla\u015f\u0131k 5 dakika i\u00e7inde taze ve s\u0131cak popcorn haz\u0131r hale gelir. E\u011flencelik at\u0131\u015ft\u0131rmalar i\u00e7in pratik ve h\u0131zl\u0131 bir \u00e7\u00f6z\u00fcmd\u00fcr.Nostaljik tasar\u0131m\u0131, ailecek kullan\u0131mda keyifli bir atmosfer olu\u015fturur. Kolay kullan\u0131m yap\u0131s\u0131 sayesinde herkes rahatl\u0131kla kullanabilir. Sa\u011fl\u0131kl\u0131 beslenme ve h\u0131zl\u0131 haz\u0131rl\u0131k isteyenler i\u00e7in ideal bir popcorn makinesidir.<\/p>\n","protected":false},"excerpt":{"rendered":"<p>Ya\u011fs\u0131z kullan\u0131m sunan bu m\u0131s\u0131r patlatma makinesi, s\u0131cak hava sistemi sayesinde sa\u011fl\u0131kl\u0131 popcorn haz\u0131rlaman\u0131za yard\u0131mc\u0131 olur. Yap\u0131\u015fmaz patlatma y\u00fczeyi, m\u0131s\u0131rlar\u0131n dengeli patlamas\u0131n\u0131 sa\u011flarken yanma riskini azalt\u0131r. Ya\u011fs\u0131z \u00e7al\u0131\u015fmas\u0131 sayesinde hafif ve lezzetli at\u0131\u015ft\u0131rmal\u0131klar elde edebilirsiniz.Tek seferde fazla miktarda popcorn haz\u0131rlayabilmesi, kalabal\u0131k ortamlarda b\u00fcy\u00fck avantaj sa\u011flar. Yakla\u015f\u0131k 5 dakika i\u00e7inde taze ve s\u0131cak popcorn haz\u0131r hale&#8230;<\/p>\n","protected":false},"featured_media":127949,"comment_status":"open","ping_status":"closed","template":"","meta":{"_kad_post_transparent":"","_kad_post_title":"","_kad_post_layout":"","_kad_post_sidebar_id":"","_kad_post_content_style":"","_kad_post_vertical_padding":"","_kad_post_feature":"","_kad_post_feature_position":"","_kad_post_header":false,"_kad_post_footer":false,"_kad_post_classname":""},"product_brand":[],"product_cat":[15068],"product_tag":[],"class_list":{"0":"post-127950","1":"product","2":"type-product","3":"status-publish","4":"has-post-thumbnail","6":"product_cat-pratik-mutfak-gerecleri-pratik-mutfak-gerecleri-2","8":"first","9":"instock","10":"purchasable","11":"product-type-simple","12":"entry","13":"content-bg","14":"loop-entry"},"_links":{"self":[{"href":"https:\/\/www.hediyepazar.com\/index.php?rest_route=\/wp\/v2\/product\/127950","targetHints":{"allow":["GET"]}}],"collection":[{"href":"https:\/\/www.hediyepazar.com\/index.php?rest_route=\/wp\/v2\/product"}],"about":[{"href":"https:\/\/www.hediyepazar.com\/index.php?rest_route=\/wp\/v2\/types\/product"}],"replies":[{"embeddable":true,"href":"https:\/\/www.hediyepazar.com\/index.php?rest_route=%2Fwp%2Fv2%2Fcomments&post=127950"}],"wp:featuredmedia":[{"embeddable":true,"href":"https:\/\/www.hediyepazar.com\/index.php?rest_route=\/wp\/v2\/media\/127949"}],"wp:attachment":[{"href":"https:\/\/www.hediyepazar.com\/index.php?rest_route=%2Fwp%2Fv2%2Fmedia&parent=127950"}],"wp:term":[{"taxonomy":"product_brand","embeddable":true,"href":"https:\/\/www.hediyepazar.com\/index.php?rest_route=%2Fwp%2Fv2%2Fproduct_brand&post=127950"},{"taxonomy":"product_cat","embeddable":true,"href":"https:\/\/www.hediyepazar.com\/index.php?rest_route=%2Fwp%2Fv2%2Fproduct_cat&post=127950"},{"taxonomy":"product_tag","embeddable":true,"href":"https:\/\/www.hediyepazar.com\/index.php?rest_route=%2Fwp%2Fv2%2Fproduct_tag&post=127950"}],"curies":[{"name":"wp","href":"https:\/\/api.w.org\/{rel}","templated":true}]}}